{"id":97,"date":"2017-11-05T09:06:13","date_gmt":"2017-11-05T09:06:13","guid":{"rendered":"http:\/\/new.kardoskut.hu\/?page_id=97"},"modified":"2017-11-07T04:31:48","modified_gmt":"2017-11-07T04:31:48","slug":"kardoskut-kozsegert-kozalapitvany","status":"publish","type":"page","link":"https:\/\/www.kardoskut.hu\/?page_id=97","title":{"rendered":"Kardosk\u00fat K\u00f6zs\u00e9g\u00e9rt K\u00f6zalap\u00edtv\u00e1ny"},"content":{"rendered":"<p><strong>Kardosk\u00fat K\u00f6zs\u00e9g\u00e9rt K\u00f6zalap\u00edtv\u00e1ny<br \/>\n<\/strong><strong><br \/>\n<\/strong>Kardosk\u00fat K\u00f6zs\u00e9g \u00d6nkorm\u00e1nyzat\u00e1nak K\u00e9pvisel\u0151-test\u00fclete 1998-ban hozta l\u00e9tre a Kardosk\u00fat K\u00f6zs\u00e9g\u00e9rt K\u00f6zalap\u00edtv\u00e1nyt.<br \/>\nAz alap\u00edtv\u00e1ny p\u00e1rtokt\u00f3l f\u00fcggetlen\u00fcl v\u00e9gzi feladat\u00e1t, politikai tev\u00e9kenys\u00e9get nem folytat.<\/p>\n<p><strong>Az alap\u00edt\u00f3 okiratban foglalt legfontosabb c\u00e9lkit\u0171z\u00e9sei:<\/strong><\/p>\n<p>-A k\u00f6zs\u00e9gben foly\u00f3 kultur\u00e1lis, oktat\u00e1si munka sz\u00ednvonal\u00e1nak jav\u00edt\u00e1sa, kultur\u00e1lis hagyom\u00e1nyok \u00e1pol\u00e1sa;<br \/>\n&#8211; Kultur\u00e1lis-, oktat\u00e1si- \u00e9s eg\u00e9szs\u00e9g\u00fcgyi int\u00e9zm\u00e9nyek t\u00e1rgyi felt\u00e9teleinek jav\u00edt\u00e1sa, a fels\u0151oktat\u00e1sban r\u00e9sztvev\u0151k, \u00e9s az eg\u00e9szs\u00e9ges \u00e9letm\u00f3dra nevel\u00e9s\u00e9t z\u00e1szlaj\u00e1ra t\u0171z\u0151 helyi rendezv\u00e9nyek t\u00e1mogat\u00e1sa.<\/p>\n<p><strong>Fenti c\u00e9lokat figyelembe v\u00e9ve n\u00e9h\u00e1ny kiemelt feladatunk<\/strong>:<\/p>\n<p>&#8211; Minden \u00e9vben hozz\u00e1j\u00e1rulunk az iskola, \u00f3voda tanulm\u00e1nyi kir\u00e1ndul\u00e1saihoz.<br \/>\n&#8211; Az iskol\u00e1nkban v\u00e9gz\u0151s tanul\u00f3kat tov\u00e1bbtanul\u00e1si t\u00e1mogat\u00e1sban r\u00e9szes\u00edtj\u00fck.<br \/>\n&#8211; T\u00f6bb esetben k\u00e9szs\u00e9gfejleszt\u0151 eszk\u00f6z\u00f6ket, j\u00e1t\u00e9kokat, h\u00edrad\u00e1stechnikai eszk\u00f6z\u00f6ket adom\u00e1nyoztunk int\u00e9zm\u00e9nyeinknek.<br \/>\n&#8211; Hozz\u00e1j\u00e1rulunk az \u00e9vente megrendez\u00e9sre ker\u00fcl\u0151 Falunap, Lantos Gy\u00f6rgy Eml\u00e9kverseny \u00e9s a Nyugd\u00edjas Vers- \u00e9s Pr\u00f3za\u00edr\u00f3 P\u00e1ly\u00e1zat lebonyol\u00edt\u00e1s\u00e1hoz.<\/p>\n<p>A Kurat\u00f3rium tagjai munk\u00e1jukat minden anyagi ellenszolg\u00e1ltat\u00e1s n\u00e9lk\u00fcl v\u00e9gzik.<br \/>\nFeladatainkat a helyi \u00f6nkorm\u00e1nyzat t\u00e1mogat\u00e1s\u00e1val, valamint a lakoss\u00e1g \u00e1ltal felaj\u00e1nlott ad\u00f3 1% -\u00e1nak felhaszn\u00e1l\u00e1s\u00e1val tudjuk v\u00e9grehajtani.<\/p>\n<p>Felaj\u00e1nl\u00e1saikat az al\u00e1bbi sz\u00e1mlasz\u00e1mra tehetik meg: <strong>18381535-1-04<\/strong><\/p>\n<p>K\u00f6sz\u00f6nj\u00fck az eddigi \u00e9s a j\u00f6v\u0151beni t\u00e1mogat\u00e1sukat!<\/p>\n<p>Let\u00f6lthet\u0151 dokumentumok:<br \/>\n<a href=\"http:\/\/new.kardoskut.hu\/wp-content\/uploads\/2017\/11\/alapitvany_alapito_okirat_egys_szerk_2011_04.pdf\">alapitvany_alapito_okirat_egys_szerk_2011_04<\/a><\/p>\n","protected":false},"excerpt":{"rendered":"<p>Kardosk\u00fat K\u00f6zs\u00e9g\u00e9rt K\u00f6zalap\u00edtv\u00e1ny Kardosk\u00fat K\u00f6zs\u00e9g \u00d6nkorm\u00e1nyzat\u00e1nak K\u00e9pvisel\u0151-test\u00fclete 1998-ban hozta l\u00e9tre a Kardosk\u00fat K\u00f6zs\u00e9g\u00e9rt K\u00f6zalap\u00edtv\u00e1nyt. Az alap\u00edtv\u00e1ny p\u00e1rtokt\u00f3l f\u00fcggetlen\u00fcl v\u00e9gzi feladat\u00e1t, politikai tev\u00e9kenys\u00e9get nem folytat. Az alap\u00edt\u00f3 okiratban foglalt legfontosabb c\u00e9lkit\u0171z\u00e9sei: -A k\u00f6zs\u00e9gben foly\u00f3 kultur\u00e1lis, oktat\u00e1si munka sz\u00ednvonal\u00e1nak jav\u00edt\u00e1sa, kultur\u00e1lis hagyom\u00e1nyok \u00e1pol\u00e1sa; &#8211; Kultur\u00e1lis-, oktat\u00e1si- \u00e9s eg\u00e9szs\u00e9g\u00fcgyi int\u00e9zm\u00e9nyek t\u00e1rgyi felt\u00e9teleinek jav\u00edt\u00e1sa, a fels\u0151oktat\u00e1sban r\u00e9sztvev\u0151k, \u00e9s az &hellip; <\/p>\n<p class=\"link-more\"><a href=\"https:\/\/www.kardoskut.hu\/?page_id=97\" class=\"more-link\"><span class=\"screen-reader-text\">&#8222;Kardosk\u00fat K\u00f6zs\u00e9g\u00e9rt K\u00f6zalap\u00edtv\u00e1ny&#8221;<\/span> b\u0151vebben<\/a><\/p>\n","protected":false},"author":1,"featured_media":0,"parent":90,"menu_order":0,"comment_status":"closed","ping_status":"closed","template":"","meta":{"footnotes":""},"class_list":["post-97","page","type-page","status-publish","hentry"],"_links":{"self":[{"href":"https:\/\/www.kardoskut.hu\/index.php?rest_route=\/wp\/v2\/pages\/97","targetHints":{"allow":["GET"]}}],"collection":[{"href":"https:\/\/www.kardoskut.hu\/index.php?rest_route=\/wp\/v2\/pages"}],"about":[{"href":"https:\/\/www.kardoskut.hu\/index.php?rest_route=\/wp\/v2\/types\/page"}],"author":[{"embeddable":true,"href":"https:\/\/www.kardoskut.hu\/index.php?rest_route=\/wp\/v2\/users\/1"}],"replies":[{"embeddable":true,"href":"https:\/\/www.kardoskut.hu\/index.php?rest_route=%2Fwp%2Fv2%2Fcomments&post=97"}],"version-history":[{"count":2,"href":"https:\/\/www.kardoskut.hu\/index.php?rest_route=\/wp\/v2\/pages\/97\/revisions"}],"predecessor-version":[{"id":172,"href":"https:\/\/www.kardoskut.hu\/index.php?rest_route=\/wp\/v2\/pages\/97\/revisions\/172"}],"up":[{"embeddable":true,"href":"https:\/\/www.kardoskut.hu\/index.php?rest_route=\/wp\/v2\/pages\/90"}],"wp:attachment":[{"href":"https:\/\/www.kardoskut.hu\/index.php?rest_route=%2Fwp%2Fv2%2Fmedia&parent=97"}],"curies":[{"name":"wp","href":"https:\/\/api.w.org\/{rel}","templated":true}]}}