{"id":8246,"date":"2026-05-01T13:05:58","date_gmt":"2026-05-01T13:05:58","guid":{"rendered":"https:\/\/www.kardoskut.hu\/?page_id=8246"},"modified":"2026-05-01T13:05:58","modified_gmt":"2026-05-01T13:05:58","slug":"a-telepules-kituntetettjei","status":"publish","type":"page","link":"https:\/\/www.kardoskut.hu\/?page_id=8246","title":{"rendered":"A telep\u00fcl\u00e9s kit\u00fcntetettjei"},"content":{"rendered":"<p><strong>D\u00edszpolg\u00e1r:<\/strong><\/p>\n<p>Veraszt\u00f3 Lajos (2018)<br \/>\nBarna Imre L\u00e1szl\u00f3 (2019)<br \/>\nGombk\u00f6t\u0151 Lajos Istv\u00e1n (2023)<\/p>\n<p><strong>Kardosk\u00fat K\u00f6zs\u00e9g\u00e9rt Kit\u00fcntetett:<\/strong><\/p>\n<p>Csot\u00f3-Nagy Istv\u00e1n (2000)<br \/>\nGilde K\u00e1lm\u00e1n (2000)<br \/>\nUrszuly J\u00e1nos (2007)<br \/>\nRamasz Imre (2012)<br \/>\nGombk\u00f6t\u0151 Lajos (2013)<br \/>\nKisn\u00e9 K\u00e1rolyi Mariann (2014)<br \/>\nSkorka P\u00e1ln\u00e9 (2015)<br \/>\nCsot\u00f3-Nagy Istv\u00e1nn\u00e9 (2016)<br \/>\nAndr\u00e9k\u00f3 P\u00e1ln\u00e9 (2017)<br \/>\nNagy L\u00e1szl\u00f3n\u00e9 (2019)<br \/>\n\u0150zse Zolt\u00e1n (2023)<br \/>\nSimon J\u00e1nos (2024)<\/p>\n<p><strong>Az \u00e9v embere<\/strong><\/p>\n<p>Bodrogi J\u00f3zsef (2017)<br \/>\nSomogyv\u00e1ri Mil\u00e1n (2023)<\/p>\n","protected":false},"excerpt":{"rendered":"<p>D\u00edszpolg\u00e1r: Veraszt\u00f3 Lajos (2018) Barna Imre L\u00e1szl\u00f3 (2019) Gombk\u00f6t\u0151 Lajos Istv\u00e1n (2023) Kardosk\u00fat K\u00f6zs\u00e9g\u00e9rt Kit\u00fcntetett: Csot\u00f3-Nagy Istv\u00e1n (2000) Gilde K\u00e1lm\u00e1n (2000) Urszuly J\u00e1nos (2007) Ramasz Imre (2012) Gombk\u00f6t\u0151 Lajos (2013) Kisn\u00e9 K\u00e1rolyi Mariann (2014) Skorka P\u00e1ln\u00e9 (2015) Csot\u00f3-Nagy Istv\u00e1nn\u00e9 (2016) Andr\u00e9k\u00f3 P\u00e1ln\u00e9 (2017) Nagy L\u00e1szl\u00f3n\u00e9 (2019) \u0150zse Zolt\u00e1n (2023) Simon J\u00e1nos (2024) Az \u00e9v embere &hellip; <\/p>\n<p class=\"link-more\"><a href=\"https:\/\/www.kardoskut.hu\/?page_id=8246\" class=\"more-link\"><span class=\"screen-reader-text\">&#8222;A telep\u00fcl\u00e9s kit\u00fcntetettjei&#8221;<\/span> b\u0151vebben<\/a><\/p>\n","protected":false},"author":1,"featured_media":0,"parent":0,"menu_order":0,"comment_status":"closed","ping_status":"closed","template":"","meta":{"footnotes":""},"class_list":["post-8246","page","type-page","status-publish","hentry"],"_links":{"self":[{"href":"https:\/\/www.kardoskut.hu\/index.php?rest_route=\/wp\/v2\/pages\/8246","targetHints":{"allow":["GET"]}}],"collection":[{"href":"https:\/\/www.kardoskut.hu\/index.php?rest_route=\/wp\/v2\/pages"}],"about":[{"href":"https:\/\/www.kardoskut.hu\/index.php?rest_route=\/wp\/v2\/types\/page"}],"author":[{"embeddable":true,"href":"https:\/\/www.kardoskut.hu\/index.php?rest_route=\/wp\/v2\/users\/1"}],"replies":[{"embeddable":true,"href":"https:\/\/www.kardoskut.hu\/index.php?rest_route=%2Fwp%2Fv2%2Fcomments&post=8246"}],"version-history":[{"count":1,"href":"https:\/\/www.kardoskut.hu\/index.php?rest_route=\/wp\/v2\/pages\/8246\/revisions"}],"predecessor-version":[{"id":8247,"href":"https:\/\/www.kardoskut.hu\/index.php?rest_route=\/wp\/v2\/pages\/8246\/revisions\/8247"}],"wp:attachment":[{"href":"https:\/\/www.kardoskut.hu\/index.php?rest_route=%2Fwp%2Fv2%2Fmedia&parent=8246"}],"curies":[{"name":"wp","href":"https:\/\/api.w.org\/{rel}","templated":true}]}}