{"id":7940,"date":"2025-11-18T13:17:54","date_gmt":"2025-11-18T13:17:54","guid":{"rendered":"https:\/\/www.kardoskut.hu\/?page_id=7940"},"modified":"2025-11-18T13:20:16","modified_gmt":"2025-11-18T13:20:16","slug":"top_plusz-1-2-1-21-bs1-2022-00079","status":"publish","type":"page","link":"https:\/\/www.kardoskut.hu\/?page_id=7940","title":{"rendered":"TOP_PLUSZ-1.2.1-21-BS1-2022-00079"},"content":{"rendered":"<p><a href=\"https:\/\/www.kardoskut.hu\/?page_id=6823\"><img loading=\"lazy\" decoding=\"async\" class=\"size-full wp-image-6819 aligncenter\" src=\"https:\/\/www.kardoskut.hu\/wp-content\/uploads\/2024\/03\/top.png\" alt=\"\" width=\"751\" height=\"214\" srcset=\"https:\/\/www.kardoskut.hu\/wp-content\/uploads\/2024\/03\/top.png 751w, https:\/\/www.kardoskut.hu\/wp-content\/uploads\/2024\/03\/top-300x85.png 300w\" sizes=\"auto, (max-width: 706px) 89vw, (max-width: 767px) 82vw, 740px\" \/><\/a><\/p>\n<p><strong>TOP_PLUSZ-1.2.1-21-BS1-2022-00079<br \/>\nOrosh\u00e1za &#8211; Kardosk\u00fat \u00f6sszek\u00f6t\u0151 ker\u00e9kp\u00e1r\u00fat \u00e9p\u00edt\u00e9se<\/strong><\/p>\n<p><strong>P\u00e1ly\u00e1zat c\u00edme:<\/strong>\u00a0Orosh\u00e1za &#8211; Kardosk\u00fat \u00f6sszek\u00f6t\u0151 ker\u00e9kp\u00e1r\u00fat \u00e9p\u00edt\u00e9se<br \/>\n<strong>P\u00e1ly\u00e1zati azonos\u00edt\u00f3:<\/strong>\u00a0TOP_PLUSZ-1.2.1-21-BS1-2022-00079<br \/>\n<strong>T\u00e1mogat\u00e1s \u00f6sszege:<\/strong>\u00a0754\u00a0000 000,- Ft<br \/>\n<strong>Projekt tervezett megval\u00f3s\u00edt\u00e1si ideje:<\/strong>\u00a02023.03.01 \u2013 2026.08.27.<\/p>\n<p>Orosh\u00e1za V\u00e1ros \u00d6nkorm\u00e1nyzata 2022.06.15-\u00e9n t\u00e1mogat\u00e1si k\u00e9relmet ny\u00fajtott be a Ter\u00fclet- \u00e9s Telep\u00fcl\u00e9sfejleszt\u00e9si Operat\u00edv Program Plusz keret\u00e9n bel\u00fcl TOP_PLUSZ-1.2.1-21-BS1 \u00c9lhet\u0151 telep\u00fcl\u00e9sek t\u00e1rgy\u00fa felh\u00edv\u00e1sra, melyet a T\u00e1mogat\u00f3 2022.12.09. napon kelt t\u00e1mogat\u00e1si d\u00f6nt\u00e9s szerint az Eur\u00f3pai Region\u00e1lis Fejleszt\u00e9si Alap \u00e9s hazai k\u00f6zponti k\u00f6lts\u00e9gvet\u00e9si el\u0151ir\u00e1nyzatb\u00f3l vissza nem t\u00e9r\u00edtend\u0151 t\u00e1mogat\u00e1sban r\u00e9szes\u00edtett. A Projektre meg\u00edt\u00e9lt vissza nem t\u00e9r\u00edtend\u0151 t\u00e1mogat\u00e1s \u00f6sszege 754\u00a0000 000 Ft, mely teljes eg\u00e9sz\u00e9ben elsz\u00e1molhat\u00f3 k\u00f6lts\u00e9g.<\/p>\n<p><strong><u>A projekt konkr\u00e9t c\u00e9lja<\/u>:<\/strong><\/p>\n<p>A projekt c\u00e9lja, hogy olyan, a fenntarthat\u00f3 k\u00f6zleked\u00e9s felt\u00e9teleit megteremt\u0151 \u00e9s er\u0151s\u00edt\u0151 telep\u00fcl\u00e9sk\u00f6zi \u00e9s telep\u00fcl\u00e9sk\u00f6rny\u00e9ki k\u00f6zleked\u00e9sfejleszt\u00e9si int\u00e9zked\u00e9s val\u00f3suljon meg, mely hozz\u00e1j\u00e1rul az \u00e9ghajlatv\u00e1ltoz\u00e1s m\u00e9rs\u00e9kl\u00e9s\u00e9hez, a sz\u00e9n-dioxid kibocs\u00e1t\u00e1s cs\u00f6kkent\u00e9s\u00e9hez, az \u00e9lhet\u0151 v\u00e1rosi \u00e9s telep\u00fcl\u00e9si k\u00f6rnyezet kialakul\u00e1s\u00e1hoz. A beruh\u00e1z\u00e1s eredm\u00e9nyek\u00e9nt a fenntarthat\u00f3 k\u00f6zleked\u00e9si m\u00f3dok el\u0151nyben r\u00e9szes\u00fclnek, \u00e9s a projekt eredm\u00e9nyek\u00e9nt egyetlen fenntarthat\u00f3 k\u00f6zleked\u00e9si m\u00f3d sem ker\u00fcl h\u00e1tr\u00e1nyosabb helyzetbe a fejleszt\u00e9st k\u00f6vet\u0151en a beruh\u00e1z\u00e1st megel\u0151z\u0151 \u00e1llapothoz viszony\u00edtva. A projekt megval\u00f3s\u00edt\u00e1s\u00e1val Orosh\u00e1za &#8211; Kardosk\u00fat k\u00f6z\u00f6tt olyan telep\u00fcl\u00e9seket \u00f6sszek\u00f6t\u0151 ker\u00e9kp\u00e1ros \u00fatvonal l\u00e9tes\u00fcl, amely a telep\u00fcl\u00e9sek k\u00f6z\u00f6tt megszak\u00edt\u00e1s n\u00e9lk\u00fcli, folytat\u00f3lagos ker\u00e9kp\u00e1rforgalmi h\u00e1l\u00f3zatot, \u00fatvonalat alak\u00edt ki. Jelen projekt konzorciumban val\u00f3sul meg.<\/p>\n<p>\u00d6n\u00e1ll\u00f3an nem t\u00e1mogathat\u00f3 tev\u00e9kenys\u00e9gek k\u00f6z\u00fcl a Felh\u00edv\u00e1s 2.1.2.1. K\u00f6telez\u0151en megval\u00f3s\u00edtand\u00f3, \u00f6n\u00e1ll\u00f3an nem t\u00e1mogathat\u00f3 tev\u00e9kenys\u00e9gek k\u00f6z\u00fcl a relev\u00e1ns: a) Nyilv\u00e1noss\u00e1g biztos\u00edt\u00e1sa \u00e9s f) Szeml\u00e9letform\u00e1l\u00f3 akci\u00f3, tev\u00e9kenys\u00e9g v\u00e9grehajt\u00e1sa megval\u00f3s\u00edt\u00e1s\u00e1t tervezz\u00fck.<\/p>\n<p>V\u00e1laszthat\u00f3, \u00f6n\u00e1ll\u00f3an nem t\u00e1mogathat\u00f3 tev\u00e9kenys\u00e9gek k\u00f6z\u00fcl a IV) h) Ker\u00e9kp\u00e1rforgalmi l\u00e9tes\u00edtm\u00e9ny \u00fatfenntart\u00f3 g\u00e9peinek a beszerz\u00e9se (amennyiben az adott g\u00e9phez az eszk\u00f6z-adapterek opcion\u00e1lisan v\u00e1laszthat\u00f3k, \u00fagy t\u00e9li- \u00e9s ny\u00e1ri adapterekkel egy\u00fctt), vagy megl\u00e9v\u0151 g\u00e9pekhez a ker\u00e9kp\u00e1rforgalmi l\u00e9tes\u00edtm\u00e9ny fenntart\u00e1s\u00e1hoz sz\u00fcks\u00e9ges adapterek beszerz\u00e9se val\u00f3sul meg.<\/p>\n","protected":false},"excerpt":{"rendered":"<p>TOP_PLUSZ-1.2.1-21-BS1-2022-00079 Orosh\u00e1za &#8211; Kardosk\u00fat \u00f6sszek\u00f6t\u0151 ker\u00e9kp\u00e1r\u00fat \u00e9p\u00edt\u00e9se P\u00e1ly\u00e1zat c\u00edme:\u00a0Orosh\u00e1za &#8211; Kardosk\u00fat \u00f6sszek\u00f6t\u0151 ker\u00e9kp\u00e1r\u00fat \u00e9p\u00edt\u00e9se P\u00e1ly\u00e1zati azonos\u00edt\u00f3:\u00a0TOP_PLUSZ-1.2.1-21-BS1-2022-00079 T\u00e1mogat\u00e1s \u00f6sszege:\u00a0754\u00a0000 000,- Ft Projekt tervezett megval\u00f3s\u00edt\u00e1si ideje:\u00a02023.03.01 \u2013 2026.08.27. Orosh\u00e1za V\u00e1ros \u00d6nkorm\u00e1nyzata 2022.06.15-\u00e9n t\u00e1mogat\u00e1si k\u00e9relmet ny\u00fajtott be a Ter\u00fclet- \u00e9s Telep\u00fcl\u00e9sfejleszt\u00e9si Operat\u00edv Program Plusz keret\u00e9n bel\u00fcl TOP_PLUSZ-1.2.1-21-BS1 \u00c9lhet\u0151 telep\u00fcl\u00e9sek t\u00e1rgy\u00fa felh\u00edv\u00e1sra, melyet a T\u00e1mogat\u00f3 2022.12.09. napon kelt t\u00e1mogat\u00e1si &hellip; <\/p>\n<p class=\"link-more\"><a href=\"https:\/\/www.kardoskut.hu\/?page_id=7940\" class=\"more-link\"><span class=\"screen-reader-text\">&#8222;TOP_PLUSZ-1.2.1-21-BS1-2022-00079&#8221;<\/span> b\u0151vebben<\/a><\/p>\n","protected":false},"author":1,"featured_media":0,"parent":0,"menu_order":0,"comment_status":"closed","ping_status":"closed","template":"","meta":{"footnotes":""},"class_list":["post-7940","page","type-page","status-publish","hentry"],"_links":{"self":[{"href":"https:\/\/www.kardoskut.hu\/index.php?rest_route=\/wp\/v2\/pages\/7940","targetHints":{"allow":["GET"]}}],"collection":[{"href":"https:\/\/www.kardoskut.hu\/index.php?rest_route=\/wp\/v2\/pages"}],"about":[{"href":"https:\/\/www.kardoskut.hu\/index.php?rest_route=\/wp\/v2\/types\/page"}],"author":[{"embeddable":true,"href":"https:\/\/www.kardoskut.hu\/index.php?rest_route=\/wp\/v2\/users\/1"}],"replies":[{"embeddable":true,"href":"https:\/\/www.kardoskut.hu\/index.php?rest_route=%2Fwp%2Fv2%2Fcomments&post=7940"}],"version-history":[{"count":2,"href":"https:\/\/www.kardoskut.hu\/index.php?rest_route=\/wp\/v2\/pages\/7940\/revisions"}],"predecessor-version":[{"id":7944,"href":"https:\/\/www.kardoskut.hu\/index.php?rest_route=\/wp\/v2\/pages\/7940\/revisions\/7944"}],"wp:attachment":[{"href":"https:\/\/www.kardoskut.hu\/index.php?rest_route=%2Fwp%2Fv2%2Fmedia&parent=7940"}],"curies":[{"name":"wp","href":"https:\/\/api.w.org\/{rel}","templated":true}]}}