{"id":7542,"date":"2025-03-31T09:43:06","date_gmt":"2025-03-31T09:43:06","guid":{"rendered":"https:\/\/www.kardoskut.hu\/?page_id=7542"},"modified":"2025-03-31T09:43:06","modified_gmt":"2025-03-31T09:43:06","slug":"tajekoztato-a-sulyos-ipari-balesetek-elleni-vedekezesrol","status":"publish","type":"page","link":"https:\/\/www.kardoskut.hu\/?page_id=7542","title":{"rendered":"T\u00c1J\u00c9KOZTAT\u00d3 A S\u00daLYOS IPARI BALESETEK ELLENI V\u00c9DEKEZ\u00c9SR\u0150L"},"content":{"rendered":"<p>T\u00c1J\u00c9KOZTAT\u00d3 A S\u00daLYOS IPARI BALESETEK ELLENI V\u00c9DEKEZ\u00c9SR\u0150L<br \/>\nA megel\u0151z\u00e9s \u00e9s a v\u00e9dekez\u00e9s k\u00f6z\u00f6s \u00e9rdek\u00fcnk!<\/p>\n<p><a href=\"https:\/\/www.kardoskut.hu\/wp-content\/uploads\/2025\/03\/7.sz_.fugg-Lakossagi-tajekoztato.pdf\">B\u0150VEBBEN&#8230;.<\/a><\/p>\n","protected":false},"excerpt":{"rendered":"<p>T\u00c1J\u00c9KOZTAT\u00d3 A S\u00daLYOS IPARI BALESETEK ELLENI V\u00c9DEKEZ\u00c9SR\u0150L A megel\u0151z\u00e9s \u00e9s a v\u00e9dekez\u00e9s k\u00f6z\u00f6s \u00e9rdek\u00fcnk! B\u0150VEBBEN&#8230;.<\/p>\n","protected":false},"author":1,"featured_media":0,"parent":0,"menu_order":0,"comment_status":"closed","ping_status":"closed","template":"","meta":{"footnotes":""},"class_list":["post-7542","page","type-page","status-publish","hentry"],"_links":{"self":[{"href":"https:\/\/www.kardoskut.hu\/index.php?rest_route=\/wp\/v2\/pages\/7542","targetHints":{"allow":["GET"]}}],"collection":[{"href":"https:\/\/www.kardoskut.hu\/index.php?rest_route=\/wp\/v2\/pages"}],"about":[{"href":"https:\/\/www.kardoskut.hu\/index.php?rest_route=\/wp\/v2\/types\/page"}],"author":[{"embeddable":true,"href":"https:\/\/www.kardoskut.hu\/index.php?rest_route=\/wp\/v2\/users\/1"}],"replies":[{"embeddable":true,"href":"https:\/\/www.kardoskut.hu\/index.php?rest_route=%2Fwp%2Fv2%2Fcomments&post=7542"}],"version-history":[{"count":1,"href":"https:\/\/www.kardoskut.hu\/index.php?rest_route=\/wp\/v2\/pages\/7542\/revisions"}],"predecessor-version":[{"id":7544,"href":"https:\/\/www.kardoskut.hu\/index.php?rest_route=\/wp\/v2\/pages\/7542\/revisions\/7544"}],"wp:attachment":[{"href":"https:\/\/www.kardoskut.hu\/index.php?rest_route=%2Fwp%2Fv2%2Fmedia&parent=7542"}],"curies":[{"name":"wp","href":"https:\/\/api.w.org\/{rel}","templated":true}]}}