{"id":7473,"date":"2025-02-20T13:41:47","date_gmt":"2025-02-20T13:41:47","guid":{"rendered":"https:\/\/www.kardoskut.hu\/?page_id=7473"},"modified":"2026-04-20T08:13:49","modified_gmt":"2026-04-20T08:13:49","slug":"arveresi-hirdetmeny","status":"publish","type":"page","link":"https:\/\/www.kardoskut.hu\/?page_id=7473","title":{"rendered":"\u00c1rver\u00e9si hirdetm\u00e9ny"},"content":{"rendered":"<p><a href=\"https:\/\/www.kardoskut.hu\/wp-content\/uploads\/2026\/04\/BE_33_407_4_2026_alairt.pdf\">BE_33_407_4_2026_alairt<\/a><br \/>\n<a href=\"https:\/\/www.kardoskut.hu\/wp-content\/uploads\/2026\/04\/BE_33_408_2_2026_alairt.pdf\">BE_33_408_2_2026_alairt<\/a><br \/>\n<a href=\"https:\/\/www.kardoskut.hu\/wp-content\/uploads\/2026\/04\/BE_33_409_2_2026_alairt.pdf\">BE_33_409_2_2026_alairt<\/a><br \/>\n<a href=\"https:\/\/www.kardoskut.hu\/wp-content\/uploads\/2026\/04\/BE_33_414_4_2026_alairt.pdf\">BE_33_414_4_2026_alairt<\/a><br \/>\n<a href=\"https:\/\/www.kardoskut.hu\/wp-content\/uploads\/2026\/04\/BE_33_415_2_2026_alairt.pdf\">BE_33_415_2_2026_alairt<\/a><\/p>\n","protected":false},"excerpt":{"rendered":"<p>BE_33_407_4_2026_alairt BE_33_408_2_2026_alairt BE_33_409_2_2026_alairt BE_33_414_4_2026_alairt BE_33_415_2_2026_alairt<\/p>\n","protected":false},"author":1,"featured_media":0,"parent":0,"menu_order":0,"comment_status":"closed","ping_status":"closed","template":"","meta":{"footnotes":""},"class_list":["post-7473","page","type-page","status-publish","hentry"],"_links":{"self":[{"href":"https:\/\/www.kardoskut.hu\/index.php?rest_route=\/wp\/v2\/pages\/7473","targetHints":{"allow":["GET"]}}],"collection":[{"href":"https:\/\/www.kardoskut.hu\/index.php?rest_route=\/wp\/v2\/pages"}],"about":[{"href":"https:\/\/www.kardoskut.hu\/index.php?rest_route=\/wp\/v2\/types\/page"}],"author":[{"embeddable":true,"href":"https:\/\/www.kardoskut.hu\/index.php?rest_route=\/wp\/v2\/users\/1"}],"replies":[{"embeddable":true,"href":"https:\/\/www.kardoskut.hu\/index.php?rest_route=%2Fwp%2Fv2%2Fcomments&post=7473"}],"version-history":[{"count":3,"href":"https:\/\/www.kardoskut.hu\/index.php?rest_route=\/wp\/v2\/pages\/7473\/revisions"}],"predecessor-version":[{"id":8231,"href":"https:\/\/www.kardoskut.hu\/index.php?rest_route=\/wp\/v2\/pages\/7473\/revisions\/8231"}],"wp:attachment":[{"href":"https:\/\/www.kardoskut.hu\/index.php?rest_route=%2Fwp%2Fv2%2Fmedia&parent=7473"}],"curies":[{"name":"wp","href":"https:\/\/api.w.org\/{rel}","templated":true}]}}