{"id":6823,"date":"2024-03-14T09:48:00","date_gmt":"2024-03-14T09:48:00","guid":{"rendered":"https:\/\/www.kardoskut.hu\/?page_id=6823"},"modified":"2026-01-20T16:12:37","modified_gmt":"2026-01-20T16:12:37","slug":"top_plusz-2-1-1-21-bs1-2023-00050","status":"publish","type":"page","link":"https:\/\/www.kardoskut.hu\/?page_id=6823","title":{"rendered":"TOP_PLUSZ-2.1.1-21-BS1-2023-00050"},"content":{"rendered":"<p><a href=\"https:\/\/www.kardoskut.hu\/wp-content\/uploads\/2024\/03\/top.png\"><img loading=\"lazy\" decoding=\"async\" class=\"alignnone size-full wp-image-6819\" src=\"https:\/\/www.kardoskut.hu\/wp-content\/uploads\/2024\/03\/top.png\" alt=\"\" width=\"751\" height=\"214\" srcset=\"https:\/\/www.kardoskut.hu\/wp-content\/uploads\/2024\/03\/top.png 751w, https:\/\/www.kardoskut.hu\/wp-content\/uploads\/2024\/03\/top-300x85.png 300w\" sizes=\"auto, (max-width: 706px) 89vw, (max-width: 767px) 82vw, 740px\" \/><\/a><\/p>\n<p class=\"Default\"><b>Projekt azonos\u00edt\u00f3<\/b>: TOP_PLUSZ-2.1.1-21-BS1-2023-00050<\/p>\n<p class=\"Default\"><b>a kedvezm\u00e9nyezett neve;<\/b> Kardosk\u00fat K\u00f6zs\u00e9g \u00d6nkorm\u00e1nyzat<\/p>\n<p class=\"Default\">&#8211; <b>a fejleszt\u00e9s <\/b><b>t\u00e1rgya;<\/b> A leend\u0151 Orosh\u00e1zi Kist\u00e9rs\u00e9g Egyes\u00edtett Gyermekj\u00f3l\u00e9ti K\u00f6zpontja \u00e9s Csal\u00e1dseg\u00edt\u0151 Szolg\u00e1lata \u00e1ltal m\u0171k\u00f6dtetett Gyermekek \u00c1tmeneti Otthona \u00e9s a Kardosk\u00fati M\u00f3ra Ferenc M\u0171vel\u0151d\u00e9si H\u00e1z energetikai korszer\u0171s\u00edt\u00e9se<\/p>\n<p class=\"Default\">&#8211; <b>a szerz\u0151d\u00f6tt t\u00e1mogat\u00e1s \u00f6sszege;<\/b> 73 106\u00a0373 Ft<\/p>\n<p class=\"Default\">&#8211; <b>a projekt tartalm\u00e1nak r\u00e9szletes bemutat\u00e1sa;<\/b> A fejleszt\u00e9s eredm\u00e9nyek\u00e9nt a helyi \u00f6nkorm\u00e1nyzat tulajdon\u00e1ban l\u00e9v\u0151 \u00e9p\u00fcletek energiahat\u00e9konys\u00e1got c\u00e9lz\u00f3 fel\u00faj\u00edt\u00e1sa \u00e9s fejleszt\u00e9se t\u00f6rt\u00e9nik meg, a fosszilis energiahordoz\u00f3kb\u00f3l sz\u00e1rmaz\u00f3 \u00fcvegh\u00e1zhat\u00e1s\u00fa g\u00e1zok kibocs\u00e1t\u00e1s\u00e1nak cs\u00f6kkent\u00e9se \u00e9rdek\u00e9ben.<\/p>\n<p class=\"Default\">A projekt keretein bel\u00fcl a k\u00fcls\u0151 hat\u00e1rol\u00f3 szerkezetek ut\u00f3lagos szigetel\u00e9se, \u00e9s a k\u00fcls\u0151 ny\u00edl\u00e1sz\u00e1r\u00f3k cser\u00e9je, valamint a h\u00e1ztart\u00e1si m\u00e9ret\u0171 kiser\u0151m\u0171 fotovillamos rendszer kialak\u00edt\u00e1sa, illetve h\u0151szivatty\u00fa rendszer telep\u00edt\u00e9se \u00e9s h\u0151k\u00f6zl\u0151 rendszerre k\u00f6t\u00e9se val\u00f3sul meg a leend\u0151 Sz\u00e9k\u00e1cs J\u00f3zsef Evang\u00e9likus \u00c1ltal\u00e1nos Iskola Kardosk\u00fati Telephely megval\u00f3s\u00edt\u00e1si helysz\u00ednen. A projektben fejleszt\u00e9ssel \u00e9rintett Kardosk\u00fati M\u00f3ra Ferenc M\u0171vel\u0151d\u00e9si H\u00e1z megval\u00f3s\u00edt\u00e1si helysz\u00ednen pedig a megl\u00e9v\u0151 napelemes rendszer b\u0151v\u00edt\u00e9se \u00e9s telep\u00edt\u00e9se, valamint h\u0151szivatty\u00fas rendszer telep\u00edt\u00e9se \u00e9s h\u0151k\u00f6zl\u0151 rendszerre k\u00f6t\u00e9se val\u00f3sul meg.<\/p>\n<p class=\"Default\">A korszer\u0171s\u00edt\u00e9ssel \u00e9rintett leend\u0151 Sz\u00e9k\u00e1cs J\u00f3zsef Evang\u00e9likus \u00c1ltal\u00e1nos Iskola Kardosk\u00fati Telephely \u00e9p\u00fclet\u00e9vel 15,99 t\/\u00e9v CO2 kibocs\u00e1t\u00e1s megtakar\u00edt\u00e1s \u00e9rhet\u0151 el, m\u00edg a Kardosk\u00fati M\u00f3ra Ferenc M\u0171vel\u0151d\u00e9si H\u00e1z \u00e9p\u00fclet\u00e9vel 13,92 t\/\u00e9v CO2 kibocs\u00e1t\u00e1s megtakar\u00edt\u00e1s v\u00e1rhat\u00f3.<\/p>\n<p class=\"Default\">A k\u00e9t megval\u00f3s\u00edt\u00e1si helysz\u00ednen egy\u00fcttesen 29,91 t\/\u00e9v CO2 kibocs\u00e1t\u00e1s megtakar\u00edt\u00e1st \u00e9rhet\u0151 el.<\/p>\n<p class=\"Default\">&#8211; <b>a projekt tervezett befejez\u00e9si d\u00e1tuma (ha megval\u00f3sult, akkor a t\u00e9nyleges befejez\u00e9s<\/b>): 2026.09.15.<\/p>\n","protected":false},"excerpt":{"rendered":"<p>Projekt azonos\u00edt\u00f3: TOP_PLUSZ-2.1.1-21-BS1-2023-00050 a kedvezm\u00e9nyezett neve; Kardosk\u00fat K\u00f6zs\u00e9g \u00d6nkorm\u00e1nyzat &#8211; a fejleszt\u00e9s t\u00e1rgya; A leend\u0151 Orosh\u00e1zi Kist\u00e9rs\u00e9g Egyes\u00edtett Gyermekj\u00f3l\u00e9ti K\u00f6zpontja \u00e9s Csal\u00e1dseg\u00edt\u0151 Szolg\u00e1lata \u00e1ltal m\u0171k\u00f6dtetett Gyermekek \u00c1tmeneti Otthona \u00e9s a Kardosk\u00fati M\u00f3ra Ferenc M\u0171vel\u0151d\u00e9si H\u00e1z energetikai korszer\u0171s\u00edt\u00e9se &#8211; a szerz\u0151d\u00f6tt t\u00e1mogat\u00e1s \u00f6sszege; 73 106\u00a0373 Ft &#8211; a projekt tartalm\u00e1nak r\u00e9szletes bemutat\u00e1sa; A fejleszt\u00e9s eredm\u00e9nyek\u00e9nt a &hellip; <\/p>\n<p class=\"link-more\"><a href=\"https:\/\/www.kardoskut.hu\/?page_id=6823\" class=\"more-link\"><span class=\"screen-reader-text\">&#8222;TOP_PLUSZ-2.1.1-21-BS1-2023-00050&#8221;<\/span> b\u0151vebben<\/a><\/p>\n","protected":false},"author":1,"featured_media":0,"parent":0,"menu_order":0,"comment_status":"closed","ping_status":"closed","template":"","meta":{"footnotes":""},"class_list":["post-6823","page","type-page","status-publish","hentry"],"_links":{"self":[{"href":"https:\/\/www.kardoskut.hu\/index.php?rest_route=\/wp\/v2\/pages\/6823","targetHints":{"allow":["GET"]}}],"collection":[{"href":"https:\/\/www.kardoskut.hu\/index.php?rest_route=\/wp\/v2\/pages"}],"about":[{"href":"https:\/\/www.kardoskut.hu\/index.php?rest_route=\/wp\/v2\/types\/page"}],"author":[{"embeddable":true,"href":"https:\/\/www.kardoskut.hu\/index.php?rest_route=\/wp\/v2\/users\/1"}],"replies":[{"embeddable":true,"href":"https:\/\/www.kardoskut.hu\/index.php?rest_route=%2Fwp%2Fv2%2Fcomments&post=6823"}],"version-history":[{"count":5,"href":"https:\/\/www.kardoskut.hu\/index.php?rest_route=\/wp\/v2\/pages\/6823\/revisions"}],"predecessor-version":[{"id":8065,"href":"https:\/\/www.kardoskut.hu\/index.php?rest_route=\/wp\/v2\/pages\/6823\/revisions\/8065"}],"wp:attachment":[{"href":"https:\/\/www.kardoskut.hu\/index.php?rest_route=%2Fwp%2Fv2%2Fmedia&parent=6823"}],"curies":[{"name":"wp","href":"https:\/\/api.w.org\/{rel}","templated":true}]}}