{"id":6545,"date":"2023-10-24T12:21:20","date_gmt":"2023-10-24T12:21:20","guid":{"rendered":"https:\/\/www.kardoskut.hu\/?page_id=6545"},"modified":"2024-07-16T19:40:43","modified_gmt":"2024-07-16T19:40:43","slug":"helyi-onkormanyzati-kepviselok-es-polgarmesterek-valasztasa-2024","status":"publish","type":"page","link":"https:\/\/www.kardoskut.hu\/?page_id=6545","title":{"rendered":"Helyi \u00f6nkorm\u00e1nyzati k\u00e9pvisel\u0151k \u00e9s polg\u00e1rmesterek v\u00e1laszt\u00e1sa 2024."},"content":{"rendered":"<p><a href=\"https:\/\/www.kardoskut.hu\/wp-content\/uploads\/2024\/07\/13-2024-VII.16.-HVB-hatarozat.pdf\">13 2024 (VII.16.) HVB hat\u00e1rozat<\/a><\/p>\n<p><a href=\"https:\/\/www.kardoskut.hu\/wp-content\/uploads\/2024\/07\/2024.07.16-i-HVB-ules-jegyzokonyve.pdf\">2024.07.16-i HVB \u00fcl\u00e9s jegyz\u0151k\u00f6nyve<\/a><\/p>\n<p>&nbsp;<\/p>\n<p><a href=\"https:\/\/www.kardoskut.hu\/wp-content\/uploads\/2024\/07\/meghivo_hvb_2024_07.jpg\"><img loading=\"lazy\" decoding=\"async\" class=\"alignnone size-full wp-image-7092\" src=\"https:\/\/www.kardoskut.hu\/wp-content\/uploads\/2024\/07\/meghivo_hvb_2024_07.jpg\" alt=\"\" width=\"577\" height=\"840\" srcset=\"https:\/\/www.kardoskut.hu\/wp-content\/uploads\/2024\/07\/meghivo_hvb_2024_07.jpg 577w, https:\/\/www.kardoskut.hu\/wp-content\/uploads\/2024\/07\/meghivo_hvb_2024_07-206x300.jpg 206w\" sizes=\"auto, (max-width: 577px) 100vw, 577px\" \/><\/a><\/p>\n<p><a href=\"https:\/\/www.kardoskut.hu\/wp-content\/uploads\/2024\/06\/11-2024-VI.06.-HVB-hatarozat.pdf\">11 2024 (VI.06.) HVB hat\u00e1rozat<\/a><br \/>\n<a href=\"https:\/\/www.kardoskut.hu\/wp-content\/uploads\/2024\/06\/12-2024-VI.06.-HVB-hatarozat.pdf\">12 2024 (VI.06.) HVB hat\u00e1rozat<\/a><br \/>\n<a href=\"https:\/\/www.kardoskut.hu\/wp-content\/uploads\/2024\/06\/2024.06.09.-HVB-jkv.pdf\">2024.06.09. HVB jkv<\/a><\/p>\n<p><a href=\"https:\/\/www.kardoskut.hu\/wp-content\/uploads\/2024\/05\/Atjelentkezes.docx\">\u00c1tjelentkez\u00e9s<\/a><\/p>\n<p><a href=\"https:\/\/www.kardoskut.hu\/wp-content\/uploads\/2024\/05\/1-2024.V.03.-HVB-hatarozat.pdf\">1 2024.(V.03.) HVB hat\u00e1rozat<\/a><br \/>\n<a href=\"https:\/\/www.kardoskut.hu\/wp-content\/uploads\/2024\/05\/2-2024.-V.03.-HVB-hatarozat.pdf\">2 2024. (V.03.) HVB hat\u00e1rozat<\/a><br \/>\n<a href=\"https:\/\/www.kardoskut.hu\/wp-content\/uploads\/2024\/05\/3-2024.-V.03.-HVB-hatarozat.pdf\">3 2024. (V.03.) HVB hat\u00e1rozat<\/a><br \/>\n<a href=\"https:\/\/www.kardoskut.hu\/wp-content\/uploads\/2024\/05\/4-2024-V.03.-HVB-hatarozat.pdf\">4 2024, (V.03.) HVB hat\u00e1rozat<\/a><br \/>\n<a href=\"https:\/\/www.kardoskut.hu\/wp-content\/uploads\/2024\/05\/5-2024.-V.03.-HVB-hatarozat.pdf\">5 2024. (V.03.) HVB hat\u00e1rozat<\/a><br \/>\n<a href=\"https:\/\/www.kardoskut.hu\/wp-content\/uploads\/2024\/05\/2024.05.03-i-HVB-ules-jeloltek-nyilvantartasba-vetelerol.pdf\">2024.05.03-i HVB \u00fcl\u00e9s jel\u00f6ltek nyilv\u00e1ntart\u00e1sba v\u00e9tel\u00e9r\u0151l<\/a><\/p>\n<h3><a href=\"https:\/\/www.kardoskut.hu\/wp-content\/uploads\/2024\/05\/6-2024.V.06.-HVB-hatarozat.pdf\">6 2024.(V.06.) HVB hat\u00e1rozat<\/a><br \/>\n<a href=\"https:\/\/www.kardoskut.hu\/wp-content\/uploads\/2024\/05\/7-2024.-V.06.-HVB-hatarozat.pdf\">7 2024. (V.06.) HVB hat\u00e1rozat<\/a><br \/>\n<a href=\"https:\/\/www.kardoskut.hu\/wp-content\/uploads\/2024\/05\/8-2024.V.06.-HVB-hatarozat.pdf\">8 2024.(V.06.) HVB hat\u00e1rozat<\/a><\/h3>\n<p><a href=\"https:\/\/www.kardoskut.hu\/wp-content\/uploads\/2024\/05\/9-2024.-V.14.-HVB-hatarozat.pdf\">9 2024. (V.14.) HVB hat\u00e1rozat<\/a><br \/>\n<a href=\"https:\/\/www.kardoskut.hu\/wp-content\/uploads\/2024\/05\/10-2024.-V.14.-HVB-hatarozat.pdf\">10 2024. (V.14.) HVB hat\u00e1rozat<\/a><br \/>\n<a href=\"https:\/\/www.kardoskut.hu\/wp-content\/uploads\/2024\/05\/2024.05.14-i-HVB-ules-jegyzokonyve.pdf\">2024.05.14-i HVB \u00fcl\u00e9s jegyz\u0151k\u00f6nyve<\/a><\/p>\n<h3><a href=\"https:\/\/www.kardoskut.hu\/wp-content\/uploads\/2024\/05\/2024.05.06-i-HVB-ules-jegyzokonyve-jeloltek-nyilvantartasba-vertelerol-sorsolas.pdf\">2024.05.06-i HVB \u00fcl\u00e9s jegyz\u0151k\u00f6nyve jel\u00f6ltek nyilv\u00e1ntart\u00e1sba v\u00e9rtel\u00e9r\u0151l +sorsol\u00e1s<\/a><\/h3>\n<h3><a href=\"https:\/\/www.kardoskut.hu\/wp-content\/uploads\/2024\/04\/ajanloivek-igenylese-hirdetmeny.pdf\">Aj\u00e1nl\u00f3 \u00edvek ig\u00e9nyl\u00e9se<\/a><\/h3>\n<h3 class=\"mobilcikk\"><a href=\"https:\/\/www.kardoskut.hu\/wp-content\/uploads\/2024\/04\/Csanadapacai-Kozos-Helyi-Valasztasi-Iroda-Vezetojenek-kozlemenye-Polgarmesterjelolt-es-Kepviselojelolt-ajanlasszamaval-kapcsolatban.pdf\">Csan\u00e1dap\u00e1cai K\u00f6z\u00f6s Helyi V\u00e1laszt\u00e1si Iroda vezet\u0151j\u00e9nek k\u00f6zlem\u00e9nye<\/a><\/h3>\n<p><span style=\"font-size: 12pt;\">V\u00e1laszt\u00e1si k\u00f6zlem\u00e9ny I<\/span><\/p>\n<p><a href=\"https:\/\/www.kardoskut.hu\/wp-content\/uploads\/2023\/10\/III-1244-1-2023-as-Valasztasi-hirdetmeny_ok.pdf\">3\/2023. (X.24) sz\u00e1m\u00fa hat\u00e1rozat a Kardosk\u00fat telep\u00fcl\u00e9sen megv\u00e1laszthat\u00f3 helyi \u00f6nkorm\u00e1nyzati k\u00e9pvisel\u0151k sz\u00e1m\u00e1r\u00f3l.<\/a><\/p>\n<p><a href=\"https:\/\/www.kardoskut.hu\/wp-content\/uploads\/2023\/10\/HVB-kapcsan-HVI-hirdetmeny.pdf\">Hirdetm\u00e9ny a 2024. j\u00fanius 9-ei v\u00e1laszt\u00e1sokkal kapcsolatban<\/a><\/p>\n<p><a href=\"https:\/\/www.kardoskut.hu\/wp-content\/uploads\/2023\/10\/HVB-alakulo-ules-jegyzokonyv.pdf\">Jegyz\u0151k\u00f6nyv a helyi v\u00e1laszt\u00e1si bizotts\u00e1g alakul\u00f3 \u00fcl\u00e9s\u00e9r\u0151l<\/a><\/p>\n","protected":false},"excerpt":{"rendered":"<p>13 2024 (VII.16.) HVB hat\u00e1rozat 2024.07.16-i HVB \u00fcl\u00e9s jegyz\u0151k\u00f6nyve &nbsp; 11 2024 (VI.06.) HVB hat\u00e1rozat 12 2024 (VI.06.) HVB hat\u00e1rozat 2024.06.09. HVB jkv \u00c1tjelentkez\u00e9s 1 2024.(V.03.) HVB hat\u00e1rozat 2 2024. (V.03.) HVB hat\u00e1rozat 3 2024. (V.03.) HVB hat\u00e1rozat 4 2024, (V.03.) HVB hat\u00e1rozat 5 2024. (V.03.) HVB hat\u00e1rozat 2024.05.03-i HVB \u00fcl\u00e9s jel\u00f6ltek nyilv\u00e1ntart\u00e1sba v\u00e9tel\u00e9r\u0151l 6 &hellip; <\/p>\n<p class=\"link-more\"><a href=\"https:\/\/www.kardoskut.hu\/?page_id=6545\" class=\"more-link\"><span class=\"screen-reader-text\">&#8222;Helyi \u00f6nkorm\u00e1nyzati k\u00e9pvisel\u0151k \u00e9s polg\u00e1rmesterek v\u00e1laszt\u00e1sa 2024.&#8221;<\/span> b\u0151vebben<\/a><\/p>\n","protected":false},"author":1,"featured_media":0,"parent":3144,"menu_order":0,"comment_status":"closed","ping_status":"closed","template":"","meta":{"footnotes":""},"class_list":["post-6545","page","type-page","status-publish","hentry"],"_links":{"self":[{"href":"https:\/\/www.kardoskut.hu\/index.php?rest_route=\/wp\/v2\/pages\/6545","targetHints":{"allow":["GET"]}}],"collection":[{"href":"https:\/\/www.kardoskut.hu\/index.php?rest_route=\/wp\/v2\/pages"}],"about":[{"href":"https:\/\/www.kardoskut.hu\/index.php?rest_route=\/wp\/v2\/types\/page"}],"author":[{"embeddable":true,"href":"https:\/\/www.kardoskut.hu\/index.php?rest_route=\/wp\/v2\/users\/1"}],"replies":[{"embeddable":true,"href":"https:\/\/www.kardoskut.hu\/index.php?rest_route=%2Fwp%2Fv2%2Fcomments&post=6545"}],"version-history":[{"count":15,"href":"https:\/\/www.kardoskut.hu\/index.php?rest_route=\/wp\/v2\/pages\/6545\/revisions"}],"predecessor-version":[{"id":7107,"href":"https:\/\/www.kardoskut.hu\/index.php?rest_route=\/wp\/v2\/pages\/6545\/revisions\/7107"}],"up":[{"embeddable":true,"href":"https:\/\/www.kardoskut.hu\/index.php?rest_route=\/wp\/v2\/pages\/3144"}],"wp:attachment":[{"href":"https:\/\/www.kardoskut.hu\/index.php?rest_route=%2Fwp%2Fv2%2Fmedia&parent=6545"}],"curies":[{"name":"wp","href":"https:\/\/api.w.org\/{rel}","templated":true}]}}