{"id":5543,"date":"2022-02-02T07:45:28","date_gmt":"2022-02-02T07:45:28","guid":{"rendered":"https:\/\/www.kardoskut.hu\/?page_id=5543"},"modified":"2022-02-02T07:48:07","modified_gmt":"2022-02-02T07:48:07","slug":"orszaggyulesi-kepviselok-valasztasa-es-orszagos-nepszavazas-2022","status":"publish","type":"page","link":"https:\/\/www.kardoskut.hu\/?page_id=5543","title":{"rendered":"Orsz\u00e1ggy\u0171l\u00e9si k\u00e9pvisel\u0151k v\u00e1laszt\u00e1sa \u00e9s orsz\u00e1gos n\u00e9pszavaz\u00e1s 2022"},"content":{"rendered":"<p><a href=\"https:\/\/www.kardoskut.hu\/wp-content\/uploads\/2022\/02\/ogy2022_nepszav_hirdetmeny-scaled.jpg\"><img loading=\"lazy\" decoding=\"async\" class=\"alignnone size-large wp-image-5541\" src=\"https:\/\/www.kardoskut.hu\/wp-content\/uploads\/2022\/02\/ogy2022_nepszav_hirdetmeny-732x1024.jpg\" alt=\"\" width=\"525\" height=\"734\" srcset=\"https:\/\/www.kardoskut.hu\/wp-content\/uploads\/2022\/02\/ogy2022_nepszav_hirdetmeny-732x1024.jpg 732w, https:\/\/www.kardoskut.hu\/wp-content\/uploads\/2022\/02\/ogy2022_nepszav_hirdetmeny-214x300.jpg 214w, https:\/\/www.kardoskut.hu\/wp-content\/uploads\/2022\/02\/ogy2022_nepszav_hirdetmeny-768x1075.jpg 768w, https:\/\/www.kardoskut.hu\/wp-content\/uploads\/2022\/02\/ogy2022_nepszav_hirdetmeny-1097x1536.jpg 1097w, https:\/\/www.kardoskut.hu\/wp-content\/uploads\/2022\/02\/ogy2022_nepszav_hirdetmeny-1463x2048.jpg 1463w, https:\/\/www.kardoskut.hu\/wp-content\/uploads\/2022\/02\/ogy2022_nepszav_hirdetmeny-scaled.jpg 1829w\" sizes=\"auto, (max-width: 525px) 100vw, 525px\" \/><\/a><\/p>\n","protected":false},"excerpt":{"rendered":"","protected":false},"author":1,"featured_media":0,"parent":3144,"menu_order":0,"comment_status":"closed","ping_status":"closed","template":"","meta":{"footnotes":""},"class_list":["post-5543","page","type-page","status-publish","hentry"],"_links":{"self":[{"href":"https:\/\/www.kardoskut.hu\/index.php?rest_route=\/wp\/v2\/pages\/5543","targetHints":{"allow":["GET"]}}],"collection":[{"href":"https:\/\/www.kardoskut.hu\/index.php?rest_route=\/wp\/v2\/pages"}],"about":[{"href":"https:\/\/www.kardoskut.hu\/index.php?rest_route=\/wp\/v2\/types\/page"}],"author":[{"embeddable":true,"href":"https:\/\/www.kardoskut.hu\/index.php?rest_route=\/wp\/v2\/users\/1"}],"replies":[{"embeddable":true,"href":"https:\/\/www.kardoskut.hu\/index.php?rest_route=%2Fwp%2Fv2%2Fcomments&post=5543"}],"version-history":[{"count":2,"href":"https:\/\/www.kardoskut.hu\/index.php?rest_route=\/wp\/v2\/pages\/5543\/revisions"}],"predecessor-version":[{"id":5546,"href":"https:\/\/www.kardoskut.hu\/index.php?rest_route=\/wp\/v2\/pages\/5543\/revisions\/5546"}],"up":[{"embeddable":true,"href":"https:\/\/www.kardoskut.hu\/index.php?rest_route=\/wp\/v2\/pages\/3144"}],"wp:attachment":[{"href":"https:\/\/www.kardoskut.hu\/index.php?rest_route=%2Fwp%2Fv2%2Fmedia&parent=5543"}],"curies":[{"name":"wp","href":"https:\/\/api.w.org\/{rel}","templated":true}]}}