{"id":48,"date":"2017-11-04T05:10:50","date_gmt":"2017-11-04T05:10:50","guid":{"rendered":"http:\/\/new.kardoskut.hu\/?page_id=48"},"modified":"2025-01-21T14:55:16","modified_gmt":"2025-01-21T14:55:16","slug":"polgarmester","status":"publish","type":"page","link":"https:\/\/www.kardoskut.hu\/?page_id=48","title":{"rendered":"Alpolg\u00e1rmester"},"content":{"rendered":"<p><a href=\"https:\/\/www.kardoskut.hu\/wp-content\/uploads\/2025\/01\/DSC09950.jpg\"><img loading=\"lazy\" decoding=\"async\" class=\"alignnone size-large wp-image-7421\" src=\"https:\/\/www.kardoskut.hu\/wp-content\/uploads\/2025\/01\/DSC09950-1024x682.jpg\" alt=\"\" width=\"525\" height=\"350\" srcset=\"https:\/\/www.kardoskut.hu\/wp-content\/uploads\/2025\/01\/DSC09950-1024x682.jpg 1024w, https:\/\/www.kardoskut.hu\/wp-content\/uploads\/2025\/01\/DSC09950-300x200.jpg 300w, https:\/\/www.kardoskut.hu\/wp-content\/uploads\/2025\/01\/DSC09950-768x512.jpg 768w, https:\/\/www.kardoskut.hu\/wp-content\/uploads\/2025\/01\/DSC09950.jpg 1250w\" sizes=\"auto, (max-width: 525px) 100vw, 525px\" \/><\/a><\/p>\n<p><strong>T\u00f6r\u00f6k Attila alpolg\u00e1rmester<\/strong><br \/>\ntorokattila@kardoskut.hu<br \/>\n06 68 429 000<\/p>\n","protected":false},"excerpt":{"rendered":"<p>T\u00f6r\u00f6k Attila alpolg\u00e1rmester torokattila@kardoskut.hu 06 68 429 000<\/p>\n","protected":false},"author":1,"featured_media":0,"parent":46,"menu_order":0,"comment_status":"closed","ping_status":"closed","template":"","meta":{"footnotes":""},"class_list":["post-48","page","type-page","status-publish","hentry"],"_links":{"self":[{"href":"https:\/\/www.kardoskut.hu\/index.php?rest_route=\/wp\/v2\/pages\/48","targetHints":{"allow":["GET"]}}],"collection":[{"href":"https:\/\/www.kardoskut.hu\/index.php?rest_route=\/wp\/v2\/pages"}],"about":[{"href":"https:\/\/www.kardoskut.hu\/index.php?rest_route=\/wp\/v2\/types\/page"}],"author":[{"embeddable":true,"href":"https:\/\/www.kardoskut.hu\/index.php?rest_route=\/wp\/v2\/users\/1"}],"replies":[{"embeddable":true,"href":"https:\/\/www.kardoskut.hu\/index.php?rest_route=%2Fwp%2Fv2%2Fcomments&post=48"}],"version-history":[{"count":8,"href":"https:\/\/www.kardoskut.hu\/index.php?rest_route=\/wp\/v2\/pages\/48\/revisions"}],"predecessor-version":[{"id":7422,"href":"https:\/\/www.kardoskut.hu\/index.php?rest_route=\/wp\/v2\/pages\/48\/revisions\/7422"}],"up":[{"embeddable":true,"href":"https:\/\/www.kardoskut.hu\/index.php?rest_route=\/wp\/v2\/pages\/46"}],"wp:attachment":[{"href":"https:\/\/www.kardoskut.hu\/index.php?rest_route=%2Fwp%2Fv2%2Fmedia&parent=48"}],"curies":[{"name":"wp","href":"https:\/\/api.w.org\/{rel}","templated":true}]}}