{"id":4510,"date":"2020-05-28T09:31:03","date_gmt":"2020-05-28T09:31:03","guid":{"rendered":"http:\/\/www.kardoskut.hu\/?page_id=4510"},"modified":"2020-05-29T15:21:01","modified_gmt":"2020-05-29T15:21:01","slug":"efop-1-5-3-16-2017-00062","status":"publish","type":"page","link":"https:\/\/www.kardoskut.hu\/?page_id=4510","title":{"rendered":"EFOP-1.5.3-16-2017-00062"},"content":{"rendered":"<p><a href=\"http:\/\/www.kardoskut.hu\/wp-content\/uploads\/2020\/05\/infoblokk_kedv_final_felso_cmyk_ESZA.jpg\"><img loading=\"lazy\" decoding=\"async\" class=\"alignnone size-medium wp-image-4550\" src=\"http:\/\/www.kardoskut.hu\/wp-content\/uploads\/2020\/05\/infoblokk_kedv_final_felso_cmyk_ESZA-300x207.jpg\" alt=\"\" width=\"300\" height=\"207\" srcset=\"https:\/\/www.kardoskut.hu\/wp-content\/uploads\/2020\/05\/infoblokk_kedv_final_felso_cmyk_ESZA-300x207.jpg 300w, https:\/\/www.kardoskut.hu\/wp-content\/uploads\/2020\/05\/infoblokk_kedv_final_felso_cmyk_ESZA-1024x708.jpg 1024w, https:\/\/www.kardoskut.hu\/wp-content\/uploads\/2020\/05\/infoblokk_kedv_final_felso_cmyk_ESZA-768x531.jpg 768w, https:\/\/www.kardoskut.hu\/wp-content\/uploads\/2020\/05\/infoblokk_kedv_final_felso_cmyk_ESZA.jpg 1453w\" sizes=\"auto, (max-width: 300px) 100vw, 300px\" \/><\/a><\/p>\n<p><strong>EFOP-1.5.3-16-2017-00062<\/strong><\/p>\n<p><strong>Kedvezm\u00e9nyezett neve:<\/strong> T\u00f3tkoml\u00f3s V\u00e1ros \u00d6nkorm\u00e1nyzata<\/p>\n<p><strong>A projekt c\u00edme:\u00a0<\/strong> Hum\u00e1n szolg\u00e1ltat\u00e1sok fejleszt\u00e9se a t\u00e1rsadalmi felz\u00e1rk\u00f3z\u00e1s \u00e9rdek\u00e9ben<\/p>\n<p><strong>A szerz\u0151d\u00f6tt t\u00e1mogat\u00e1s \u00f6sszege:<\/strong> 491\u00a0807\u00a0912 Ft<\/p>\n<p><strong>A t\u00e1mogat\u00e1s m\u00e9rt\u00e9ke %-ban<\/strong>: 100%<\/p>\n<p><strong>A projekt tartalm\u00e1nak bemutat\u00e1sa:<\/strong> A kultur\u00e1lis- \u00e9s t\u00e1rsadalmi t\u0151ke, tov\u00e1bb\u00e1 az egy\u00e9ni \u00e9s k\u00f6z\u00f6ss\u00e9gi cselekv\u0151k\u00e9pess\u00e9g fejleszt\u00e9se, amelynek eredm\u00e9nyek\u00e9nt az egyes t\u00e9rs\u00e9gekben, telep\u00fcl\u00e9seken, telep\u00fcl\u00e9sr\u00e9szeken \u00e9l\u0151k fel- \u00e9s megismerik telep\u00fcl\u00e9s\u00fck emberi, szellemi, t\u00e1rgyi, k\u00f6rnyezeti \u00e9rt\u00e9keit, tudatosulnak benn\u00fck saj\u00e1t szem\u00e9lyes \u00e9s sz\u0171kebb k\u00f6z\u00f6ss\u00e9g\u00fck emberi, tud\u00e1s- \u00e9s k\u00e9pess\u00e9gb\u00e9li \u00e9rt\u00e9kei \u00e9s alkalmass\u00e1 v\u00e1lnak a k\u00f6rnyezet\u00fckben \u00e9s \u00f6nmagunkban rejl\u0151 er\u0151forr\u00e1sok fejleszt\u00e9si, fejl\u0151d\u00e9si c\u00e9l\u00fa tudatos alkalmaz\u00e1s\u00e1ra. A projekt hozz\u00e1j\u00e1rul -a vid\u00e9ki telep\u00fcl\u00e9seken a ter\u00fcleti k\u00fcl\u00f6nbs\u00e9gek cs\u00f6kkent\u00e9s\u00e9hez a hum\u00e1n k\u00f6zszolg\u00e1ltat\u00e1sok tekintet\u00e9ben, -a t\u00e1rsadalmi felz\u00e1rk\u00f3z\u00e1s folyamat\u00e1hoz, a min\u0151s\u00e9gi k\u00f6zszolg\u00e1ltat\u00e1sokhoz val\u00f3 hozz\u00e1f\u00e9r\u00e9s jav\u00edt\u00e1s\u00e1val, -a h\u00e1tr\u00e1nyos helyzet\u0171 t\u00e1rsadalmi csoportok felz\u00e1rk\u00f3z\u00e1s\u00e1hoz, -a h\u00e1tr\u00e1nyos helyzet\u0171 csoportok foglalkoztathat\u00f3s\u00e1g\u00e1nak jav\u00edt\u00e1s\u00e1val munkaer\u0151piaci helyzet\u00fck er\u0151s\u00edt\u00e9s\u00e9hez, -az egyes k\u00f6zszolg\u00e1ltat\u00e1sok min\u0151s\u00e9g\u00e9nek \u00e9s hat\u00e9konys\u00e1g\u00e1nak fejleszt\u00e9s\u00e9hez, \u00e1gazatk\u00f6zi egy\u00fcttm\u0171k\u00f6d\u00e9sek, integr\u00e1lt megold\u00e1sok kialak\u00edt\u00e1s\u00e1hoz.<\/p>\n<p><strong>A projekt tervezett befejez\u00e9si d\u00e1tuma:<\/strong> 2020.07.29.<\/p>\n<p><strong>Projekt azonos\u00edt\u00f3 sz\u00e1ma:<\/strong> EFOP-1.5.3-16-2017-00062<\/p>\n<p><strong>A projekt log\u00f3ja:<\/strong><\/p>\n<p><a href=\"http:\/\/www.kardoskut.hu\/wp-content\/uploads\/2020\/05\/153_62_logo.jpg\"><img loading=\"lazy\" decoding=\"async\" class=\"alignnone  wp-image-4562\" src=\"http:\/\/www.kardoskut.hu\/wp-content\/uploads\/2020\/05\/153_62_logo-300x280.jpg\" alt=\"\" width=\"211\" height=\"197\" srcset=\"https:\/\/www.kardoskut.hu\/wp-content\/uploads\/2020\/05\/153_62_logo-300x280.jpg 300w, https:\/\/www.kardoskut.hu\/wp-content\/uploads\/2020\/05\/153_62_logo-768x717.jpg 768w, https:\/\/www.kardoskut.hu\/wp-content\/uploads\/2020\/05\/153_62_logo.jpg 1000w\" sizes=\"auto, (max-width: 211px) 100vw, 211px\" \/><\/a><\/p>\n","protected":false},"excerpt":{"rendered":"<p>EFOP-1.5.3-16-2017-00062 Kedvezm\u00e9nyezett neve: T\u00f3tkoml\u00f3s V\u00e1ros \u00d6nkorm\u00e1nyzata A projekt c\u00edme:\u00a0 Hum\u00e1n szolg\u00e1ltat\u00e1sok fejleszt\u00e9se a t\u00e1rsadalmi felz\u00e1rk\u00f3z\u00e1s \u00e9rdek\u00e9ben A szerz\u0151d\u00f6tt t\u00e1mogat\u00e1s \u00f6sszege: 491\u00a0807\u00a0912 Ft A t\u00e1mogat\u00e1s m\u00e9rt\u00e9ke %-ban: 100% A projekt tartalm\u00e1nak bemutat\u00e1sa: A kultur\u00e1lis- \u00e9s t\u00e1rsadalmi t\u0151ke, tov\u00e1bb\u00e1 az egy\u00e9ni \u00e9s k\u00f6z\u00f6ss\u00e9gi cselekv\u0151k\u00e9pess\u00e9g fejleszt\u00e9se, amelynek eredm\u00e9nyek\u00e9nt az egyes t\u00e9rs\u00e9gekben, telep\u00fcl\u00e9seken, telep\u00fcl\u00e9sr\u00e9szeken \u00e9l\u0151k fel- \u00e9s megismerik telep\u00fcl\u00e9s\u00fck &hellip; <\/p>\n<p class=\"link-more\"><a href=\"https:\/\/www.kardoskut.hu\/?page_id=4510\" class=\"more-link\"><span class=\"screen-reader-text\">&#8222;EFOP-1.5.3-16-2017-00062&#8221;<\/span> b\u0151vebben<\/a><\/p>\n","protected":false},"author":1,"featured_media":0,"parent":4499,"menu_order":0,"comment_status":"closed","ping_status":"closed","template":"","meta":{"footnotes":""},"class_list":["post-4510","page","type-page","status-publish","hentry"],"_links":{"self":[{"href":"https:\/\/www.kardoskut.hu\/index.php?rest_route=\/wp\/v2\/pages\/4510","targetHints":{"allow":["GET"]}}],"collection":[{"href":"https:\/\/www.kardoskut.hu\/index.php?rest_route=\/wp\/v2\/pages"}],"about":[{"href":"https:\/\/www.kardoskut.hu\/index.php?rest_route=\/wp\/v2\/types\/page"}],"author":[{"embeddable":true,"href":"https:\/\/www.kardoskut.hu\/index.php?rest_route=\/wp\/v2\/users\/1"}],"replies":[{"embeddable":true,"href":"https:\/\/www.kardoskut.hu\/index.php?rest_route=%2Fwp%2Fv2%2Fcomments&post=4510"}],"version-history":[{"count":7,"href":"https:\/\/www.kardoskut.hu\/index.php?rest_route=\/wp\/v2\/pages\/4510\/revisions"}],"predecessor-version":[{"id":4563,"href":"https:\/\/www.kardoskut.hu\/index.php?rest_route=\/wp\/v2\/pages\/4510\/revisions\/4563"}],"up":[{"embeddable":true,"href":"https:\/\/www.kardoskut.hu\/index.php?rest_route=\/wp\/v2\/pages\/4499"}],"wp:attachment":[{"href":"https:\/\/www.kardoskut.hu\/index.php?rest_route=%2Fwp%2Fv2%2Fmedia&parent=4510"}],"curies":[{"name":"wp","href":"https:\/\/api.w.org\/{rel}","templated":true}]}}