{"id":4506,"date":"2020-05-28T09:20:44","date_gmt":"2020-05-28T09:20:44","guid":{"rendered":"http:\/\/www.kardoskut.hu\/?page_id=4506"},"modified":"2020-06-02T17:50:18","modified_gmt":"2020-06-02T17:50:18","slug":"efop-3-9-2-16-2017-00027","status":"publish","type":"page","link":"https:\/\/www.kardoskut.hu\/?page_id=4506","title":{"rendered":"EFOP-3.9.2-16-2017-00027"},"content":{"rendered":"<p><a href=\"http:\/\/www.kardoskut.hu\/wp-content\/uploads\/2020\/05\/infoblokk_kedv_final_felso_cmyk_ESZA.jpg\"><img loading=\"lazy\" decoding=\"async\" class=\"alignnone size-medium wp-image-4550\" src=\"http:\/\/www.kardoskut.hu\/wp-content\/uploads\/2020\/05\/infoblokk_kedv_final_felso_cmyk_ESZA-300x207.jpg\" alt=\"\" width=\"300\" height=\"207\" srcset=\"https:\/\/www.kardoskut.hu\/wp-content\/uploads\/2020\/05\/infoblokk_kedv_final_felso_cmyk_ESZA-300x207.jpg 300w, https:\/\/www.kardoskut.hu\/wp-content\/uploads\/2020\/05\/infoblokk_kedv_final_felso_cmyk_ESZA-1024x708.jpg 1024w, https:\/\/www.kardoskut.hu\/wp-content\/uploads\/2020\/05\/infoblokk_kedv_final_felso_cmyk_ESZA-768x531.jpg 768w, https:\/\/www.kardoskut.hu\/wp-content\/uploads\/2020\/05\/infoblokk_kedv_final_felso_cmyk_ESZA.jpg 1453w\" sizes=\"auto, (max-width: 300px) 100vw, 300px\" \/><\/a><\/p>\n<p><strong><a href=\"http:\/\/www.kardoskut.hu\/wp-content\/uploads\/2020\/05\/392_27_aloldal.pdf\">EFOP-3.9.2-16-2017-00027 LET\u00d6LTHET\u0150 ISMERTET\u0150<\/a><br \/>\n<\/strong><\/p>\n<p><strong>Hum\u00e1n kapacit\u00e1sok fejleszt\u00e9se a helyi tud\u00e1st\u0151ke gyarap\u00edt\u00e1sa c\u00e9lj\u00e1b\u00f3l<br \/>\n<\/strong><strong>EFOP-3.9.2-16-2017-00027<\/strong><\/p>\n<p><strong>\u00a0<\/strong><strong>A projekt alapadatai<\/strong><\/p>\n<p><strong>Projekt k\u00f3dsz\u00e1ma:<\/strong> EFOP-3.9.2-16-2017-00027<\/p>\n<p><strong>Projekt c\u00edme:<\/strong> \u201eHum\u00e1n kapacit\u00e1sok fejleszt\u00e9se a helyi tud\u00e1st\u0151ke gyarap\u00edt\u00e1sa c\u00e9lj\u00e1b\u00f3l\u201d<\/p>\n<p>K<strong>onzorciumi tagok:<\/strong> Orosh\u00e1za V\u00e1ros \u00d6nkorm\u00e1nyzata, B\u00e9k\u00e9s Megy\u00e9\u00e9rt V\u00e1llalkoz\u00e1sfejleszt\u00e9si Alap\u00edtv\u00e1ny, Kardosk\u00fat K\u00f6zs\u00e9g \u00d6nkorm\u00e1nyzata, Kaszaper K\u00f6zs\u00e9g \u00d6nkorm\u00e1nyzata, Kodol\u00e1nyi J\u00e1nos Egyetem, Nagyb\u00e1nhegyes K\u00f6zs\u00e9g \u00d6nkorm\u00e1nyzata, T\u00f3tkoml\u00f3s V\u00e1ros \u00d6nkorm\u00e1nyzata<\/p>\n<p><strong>Meg\u00edt\u00e9lt t\u00e1mogat\u00e1s \u00f6sszege:<\/strong> 488.827.162 Ft<\/p>\n<p><strong>T\u00e1mogat\u00e1si intenzit\u00e1s:<\/strong> 100%, vissza nem t\u00e9r\u00edtend\u0151 t\u00e1mogat\u00e1s<\/p>\n<p><strong>A projekt tartalm\u00e1nak bemutat\u00e1sa:\u00a0 <b><\/b><\/strong><span style=\"font-size: 12pt;\">A Projekt\u00fcnk f\u0151 c\u00e9lja, hogy komplex m\u00f3don, t\u00e1mogassa a helyi hum\u00e1n kapacit\u00e1s fejleszt\u00e9s\u00e9t a min\u0151s\u00e9gi \u00e9s sz\u00e9lesebb r\u00e9tegek sz\u00e1m\u00e1ra el\u00e9rhet\u0151 k\u00f6zszolg\u00e1ltat\u00e1sok\u00e9rt.A hum\u00e1n k\u00f6zszolg\u00e1ltat\u00e1sok el\u00e9rhet\u0151s\u00e9ge \u00e9s magas szolg\u00e1ltat\u00e1si sz\u00ednvonala a lakoss\u00e1g teljes spektrum\u00e1t pozit\u00edvan \u00e9rinti legyen sz\u00f3 gyerekekr\u0151l, fiatalokr\u00f3l, csal\u00e1dokr\u00f3l ak\u00e1r.<\/span><\/p>\n<p dir=\"ltr\">A program keret\u00e9ben a konzorciumi telep\u00fcl\u00e9sek \u00f6nkorm\u00e1nyzatai, a B\u00e9k\u00e9s Megy\u00e9\u00e9rt V\u00e1llalkoz\u00e1sfejleszt\u00e9si Alap\u00edtv\u00e1ny \u00e9s az orosh\u00e1zi Kodol\u00e1nyi J\u00e1nos Egyetem komplex fejleszt\u00e9st val\u00f3s\u00edt meg a hum\u00e1n k\u00f6zszolg\u00e1ltat\u00e1sok (eg\u00e9szs\u00e9g\u00fcgy, \u00f3vodai ell\u00e1t\u00e1s, kultur\u00e1lis, gyermekj\u00f3l\u00e9ti \u00e9s szoci\u00e1lis szolg\u00e1ltat\u00e1sok stb.) ter\u00fclet\u00e9n:<\/p>\n<p dir=\"ltr\">Egyr\u00e9szt az itt dolgoz\u00f3 szakembereknek tov\u00e1bbk\u00e9pz\u00e9sek indulnak \u00e9s egy\u00fcttm\u0171k\u00f6d\u00e9s\u00fck er\u0151s\u00edt\u00e9s\u00e9re f\u00f3rumot teremtenek a rendszeresen megszervezett munkacsoport alkalmak.<\/p>\n<p dir=\"ltr\">Ezeken fel\u00fcl tov\u00e1bbi fejleszt\u00e9sek val\u00f3sulnak meg az \u00f3vod\u00e1s \u00e9s az iskol\u00e1s koroszt\u00e1ly lehet\u0151s\u00e9geinek jav\u00edt\u00e1s\u00e1ra. El\u0151bbi keret\u00e9ben az \u00f3vodapedag\u00f3gusok tov\u00e1bbk\u00e9pz\u00e9se, m\u00e1sr\u00e9szt az \u00f3vodai szolg\u00e1ltat\u00e1sok b\u0151v\u00edt\u00e9se t\u00f6rt\u00e9nik, pl. mozg\u00e1sos \u00e9s meseter\u00e1pi\u00e1s fejleszt\u0151 foglalkoz\u00e1sok, eg\u00e9szs\u00e9gnapok stb. Az iskol\u00e1skor\u00fa gyermekek tud\u00e1s\u00e1nak gyarap\u00edt\u00e1s\u00e1hoz a program iskol\u00e1n k\u00edv\u00fcli tev\u00e9kenys\u00e9gekkel j\u00e1rul hozz\u00e1, pl. p\u00e9nz\u00fcgyi, term\u00e9szetv\u00e9delmi \u00e9s term\u00e9szettudom\u00e1nyos szakk\u00f6r\u00f6k, el\u0151ad\u00e1sok stb. Kiemelt figyelmet ford\u00edtunk a h\u00e1tr\u00e1nyos \u00e9s halmozottan h\u00e1tr\u00e1nyos helyzet\u0171 gyerekek bevon\u00e1s\u00e1ra a programok tervez\u00e9se sor\u00e1n.<\/p>\n<p><strong>Projektmegval\u00f3s\u00edt\u00e1s id\u0151szaka:<\/strong> 2018.01.01-2020.09.28.<\/p>\n<p>Projekt log\u00f3: <a href=\"http:\/\/www.kardoskut.hu\/wp-content\/uploads\/2020\/05\/392_27_logo.jpg\"><img loading=\"lazy\" decoding=\"async\" class=\"alignnone wp-image-4553\" src=\"http:\/\/www.kardoskut.hu\/wp-content\/uploads\/2020\/05\/392_27_logo-300x300.jpg\" alt=\"\" width=\"98\" height=\"98\" srcset=\"https:\/\/www.kardoskut.hu\/wp-content\/uploads\/2020\/05\/392_27_logo-300x300.jpg 300w, https:\/\/www.kardoskut.hu\/wp-content\/uploads\/2020\/05\/392_27_logo-150x150.jpg 150w, https:\/\/www.kardoskut.hu\/wp-content\/uploads\/2020\/05\/392_27_logo-768x769.jpg 768w, https:\/\/www.kardoskut.hu\/wp-content\/uploads\/2020\/05\/392_27_logo-100x100.jpg 100w, https:\/\/www.kardoskut.hu\/wp-content\/uploads\/2020\/05\/392_27_logo.jpg 1000w\" sizes=\"auto, (max-width: 98px) 100vw, 98px\" \/><\/a><\/p>\n","protected":false},"excerpt":{"rendered":"<p>EFOP-3.9.2-16-2017-00027 LET\u00d6LTHET\u0150 ISMERTET\u0150 Hum\u00e1n kapacit\u00e1sok fejleszt\u00e9se a helyi tud\u00e1st\u0151ke gyarap\u00edt\u00e1sa c\u00e9lj\u00e1b\u00f3l EFOP-3.9.2-16-2017-00027 \u00a0A projekt alapadatai Projekt k\u00f3dsz\u00e1ma: EFOP-3.9.2-16-2017-00027 Projekt c\u00edme: \u201eHum\u00e1n kapacit\u00e1sok fejleszt\u00e9se a helyi tud\u00e1st\u0151ke gyarap\u00edt\u00e1sa c\u00e9lj\u00e1b\u00f3l\u201d Konzorciumi tagok: Orosh\u00e1za V\u00e1ros \u00d6nkorm\u00e1nyzata, B\u00e9k\u00e9s Megy\u00e9\u00e9rt V\u00e1llalkoz\u00e1sfejleszt\u00e9si Alap\u00edtv\u00e1ny, Kardosk\u00fat K\u00f6zs\u00e9g \u00d6nkorm\u00e1nyzata, Kaszaper K\u00f6zs\u00e9g \u00d6nkorm\u00e1nyzata, Kodol\u00e1nyi J\u00e1nos Egyetem, Nagyb\u00e1nhegyes K\u00f6zs\u00e9g \u00d6nkorm\u00e1nyzata, T\u00f3tkoml\u00f3s V\u00e1ros \u00d6nkorm\u00e1nyzata Meg\u00edt\u00e9lt t\u00e1mogat\u00e1s \u00f6sszege: &hellip; <\/p>\n<p class=\"link-more\"><a href=\"https:\/\/www.kardoskut.hu\/?page_id=4506\" class=\"more-link\"><span class=\"screen-reader-text\">&#8222;EFOP-3.9.2-16-2017-00027&#8221;<\/span> b\u0151vebben<\/a><\/p>\n","protected":false},"author":1,"featured_media":0,"parent":4499,"menu_order":0,"comment_status":"closed","ping_status":"closed","template":"","meta":{"footnotes":""},"class_list":["post-4506","page","type-page","status-publish","hentry"],"_links":{"self":[{"href":"https:\/\/www.kardoskut.hu\/index.php?rest_route=\/wp\/v2\/pages\/4506","targetHints":{"allow":["GET"]}}],"collection":[{"href":"https:\/\/www.kardoskut.hu\/index.php?rest_route=\/wp\/v2\/pages"}],"about":[{"href":"https:\/\/www.kardoskut.hu\/index.php?rest_route=\/wp\/v2\/types\/page"}],"author":[{"embeddable":true,"href":"https:\/\/www.kardoskut.hu\/index.php?rest_route=\/wp\/v2\/users\/1"}],"replies":[{"embeddable":true,"href":"https:\/\/www.kardoskut.hu\/index.php?rest_route=%2Fwp%2Fv2%2Fcomments&post=4506"}],"version-history":[{"count":6,"href":"https:\/\/www.kardoskut.hu\/index.php?rest_route=\/wp\/v2\/pages\/4506\/revisions"}],"predecessor-version":[{"id":4568,"href":"https:\/\/www.kardoskut.hu\/index.php?rest_route=\/wp\/v2\/pages\/4506\/revisions\/4568"}],"up":[{"embeddable":true,"href":"https:\/\/www.kardoskut.hu\/index.php?rest_route=\/wp\/v2\/pages\/4499"}],"wp:attachment":[{"href":"https:\/\/www.kardoskut.hu\/index.php?rest_route=%2Fwp%2Fv2%2Fmedia&parent=4506"}],"curies":[{"name":"wp","href":"https:\/\/api.w.org\/{rel}","templated":true}]}}