{"id":4499,"date":"2020-05-28T08:18:14","date_gmt":"2020-05-28T08:18:14","guid":{"rendered":"http:\/\/www.kardoskut.hu\/?page_id=4499"},"modified":"2025-12-08T18:26:36","modified_gmt":"2025-12-08T18:26:36","slug":"palyazatok","status":"publish","type":"page","link":"https:\/\/www.kardoskut.hu\/?page_id=4499","title":{"rendered":"P\u00e1ly\u00e1zatok"},"content":{"rendered":"<p style=\"text-align: center;\"><a href=\"https:\/\/www.kardoskut.hu\/?page_id=6823\"><img loading=\"lazy\" decoding=\"async\" class=\"size-full wp-image-6819 alignleft\" src=\"https:\/\/www.kardoskut.hu\/wp-content\/uploads\/2024\/03\/top.png\" alt=\"\" width=\"751\" height=\"214\" srcset=\"https:\/\/www.kardoskut.hu\/wp-content\/uploads\/2024\/03\/top.png 751w, https:\/\/www.kardoskut.hu\/wp-content\/uploads\/2024\/03\/top-300x85.png 300w\" sizes=\"auto, (max-width: 706px) 89vw, (max-width: 767px) 82vw, 740px\" \/><\/a><\/p>\n<p>&nbsp;<\/p>\n<p>&nbsp;<\/p>\n<p style=\"text-align: center;\"><a href=\"https:\/\/www.kardoskut.hu\/?page_id=7940\"><strong>TOP_PLUSZ-1.2.1-21-BS1-2022-00079<\/strong><\/a><br \/>\n&#8222;Orosh\u00e1za \u2013 Kardosk\u00fat \u00f6sszek\u00f6t\u0151 ker\u00e9kp\u00e1r\u00fat \u00e9p\u00edt\u00e9se.&#8221;<\/p>\n<p style=\"text-align: center;\"><strong><a href=\"https:\/\/www.kardoskut.hu\/?page_id=6823\">TOP_PLUSZ-2.1.1-21-BS1-2023-00050<\/a><br \/>\n<\/strong>&#8222;A leend\u0151 Orosh\u00e1zi Kist\u00e9rs\u00e9g Egyes\u00edtett Gyermekj\u00f3l\u00e9ti K\u00f6zpontja \u00e9s Csal\u00e1dseg\u00edt\u0151 Szolg\u00e1lata \u00e1ltal m\u0171k\u00f6dtetett Gyermekek \u00c1tmeneti Otthona \u00e9s a Kardosk\u00fati M\u00f3ra Ferenc M\u0171vel\u0151d\u00e9si H\u00e1z energetikai korszer\u0171s\u00edt\u00e9se.&#8221;<\/p>\n<p style=\"text-align: center;\"><a href=\"https:\/\/www.kardoskut.hu\/?page_id=7990\"><strong>TOP_PLUSZ-3.1.3-23-BS1-2025-00005<\/strong><\/a><br \/>\n\u201eFenntarthat\u00f3 helyi kultur\u00e1lis k\u00f6z\u00f6ss\u00e9gfejleszt\u00e9s az Orosh\u00e1zi j\u00e1r\u00e1sban\u201d<\/p>\n<p style=\"text-align: center;\">&#8212;<\/p>\n<p style=\"text-align: center;\"><a href=\"https:\/\/www.kardoskut.hu\/wp-content\/uploads\/2025\/12\/Elnyert-palyazatok-2022-2025.pdf\"><strong>2022-2025 &#8211; Elnyert p\u00e1ly\u00e1zatokr\u00f3l sz\u00f3l\u00f3 \u00f6sszefoglal\u00f3 t\u00e1bl\u00e1zat.<\/strong><\/a><br \/>\n<em>Friss\u00edtve 2025. december 8.<\/em><\/p>\n<p>&nbsp;<\/p>\n","protected":false},"excerpt":{"rendered":"<p>&nbsp; &nbsp; TOP_PLUSZ-1.2.1-21-BS1-2022-00079 &#8222;Orosh\u00e1za \u2013 Kardosk\u00fat \u00f6sszek\u00f6t\u0151 ker\u00e9kp\u00e1r\u00fat \u00e9p\u00edt\u00e9se.&#8221; TOP_PLUSZ-2.1.1-21-BS1-2023-00050 &#8222;A leend\u0151 Orosh\u00e1zi Kist\u00e9rs\u00e9g Egyes\u00edtett Gyermekj\u00f3l\u00e9ti K\u00f6zpontja \u00e9s Csal\u00e1dseg\u00edt\u0151 Szolg\u00e1lata \u00e1ltal m\u0171k\u00f6dtetett Gyermekek \u00c1tmeneti Otthona \u00e9s a Kardosk\u00fati M\u00f3ra Ferenc M\u0171vel\u0151d\u00e9si H\u00e1z energetikai korszer\u0171s\u00edt\u00e9se.&#8221; TOP_PLUSZ-3.1.3-23-BS1-2025-00005 \u201eFenntarthat\u00f3 helyi kultur\u00e1lis k\u00f6z\u00f6ss\u00e9gfejleszt\u00e9s az Orosh\u00e1zi j\u00e1r\u00e1sban\u201d &#8212; 2022-2025 &#8211; Elnyert p\u00e1ly\u00e1zatokr\u00f3l sz\u00f3l\u00f3 \u00f6sszefoglal\u00f3 t\u00e1bl\u00e1zat. Friss\u00edtve 2025. december 8. &nbsp;<\/p>\n","protected":false},"author":1,"featured_media":0,"parent":0,"menu_order":0,"comment_status":"closed","ping_status":"closed","template":"","meta":{"footnotes":""},"class_list":["post-4499","page","type-page","status-publish","hentry"],"_links":{"self":[{"href":"https:\/\/www.kardoskut.hu\/index.php?rest_route=\/wp\/v2\/pages\/4499","targetHints":{"allow":["GET"]}}],"collection":[{"href":"https:\/\/www.kardoskut.hu\/index.php?rest_route=\/wp\/v2\/pages"}],"about":[{"href":"https:\/\/www.kardoskut.hu\/index.php?rest_route=\/wp\/v2\/types\/page"}],"author":[{"embeddable":true,"href":"https:\/\/www.kardoskut.hu\/index.php?rest_route=\/wp\/v2\/users\/1"}],"replies":[{"embeddable":true,"href":"https:\/\/www.kardoskut.hu\/index.php?rest_route=%2Fwp%2Fv2%2Fcomments&post=4499"}],"version-history":[{"count":19,"href":"https:\/\/www.kardoskut.hu\/index.php?rest_route=\/wp\/v2\/pages\/4499\/revisions"}],"predecessor-version":[{"id":8002,"href":"https:\/\/www.kardoskut.hu\/index.php?rest_route=\/wp\/v2\/pages\/4499\/revisions\/8002"}],"wp:attachment":[{"href":"https:\/\/www.kardoskut.hu\/index.php?rest_route=%2Fwp%2Fv2%2Fmedia&parent=4499"}],"curies":[{"name":"wp","href":"https:\/\/api.w.org\/{rel}","templated":true}]}}