{"id":40,"date":"2017-11-04T05:04:02","date_gmt":"2017-11-04T05:04:02","guid":{"rendered":"http:\/\/new.kardoskut.hu\/?page_id=40"},"modified":"2025-09-30T13:07:21","modified_gmt":"2025-09-30T13:07:21","slug":"hivatal","status":"publish","type":"page","link":"https:\/\/www.kardoskut.hu\/?page_id=40","title":{"rendered":"Hivatal"},"content":{"rendered":"<p><strong>Hivatal<\/strong><\/p>\n<p><strong>Csan\u00e1dap\u00e1cai K\u00f6z\u00f6s \u00d6nkorm\u00e1nyzati Hivatal Kardosk\u00fati Kirendelts\u00e9ge<\/strong><br \/>\nC\u00edm: 5945 Kardosk\u00fat, M\u00e1rcius 15. t\u00e9r 3.<br \/>\ne-mail:\u00a0<a href=\"mailto:kardoskut@kardoskut.hu\">kardoskut@kardoskut.hu<\/a><br \/>\nweboldal:\u00a0<a href=\"http:\/\/www.kardoskut.hu\/\">http:\/\/www.kardoskut.hu<\/a><\/p>\n<p><a href=\"https:\/\/www.kardoskut.hu\/wp-content\/uploads\/2025\/09\/UF_2025_10_01-scaled.jpg\"><img loading=\"lazy\" decoding=\"async\" class=\"alignnone size-large wp-image-7830\" src=\"https:\/\/www.kardoskut.hu\/wp-content\/uploads\/2025\/09\/UF_2025_10_01-724x1024.jpg\" alt=\"\" width=\"525\" height=\"743\" srcset=\"https:\/\/www.kardoskut.hu\/wp-content\/uploads\/2025\/09\/UF_2025_10_01-724x1024.jpg 724w, https:\/\/www.kardoskut.hu\/wp-content\/uploads\/2025\/09\/UF_2025_10_01-212x300.jpg 212w, https:\/\/www.kardoskut.hu\/wp-content\/uploads\/2025\/09\/UF_2025_10_01-768x1086.jpg 768w, https:\/\/www.kardoskut.hu\/wp-content\/uploads\/2025\/09\/UF_2025_10_01-100x141.jpg 100w, https:\/\/www.kardoskut.hu\/wp-content\/uploads\/2025\/09\/UF_2025_10_01-1086x1536.jpg 1086w, https:\/\/www.kardoskut.hu\/wp-content\/uploads\/2025\/09\/UF_2025_10_01-1448x2048.jpg 1448w, https:\/\/www.kardoskut.hu\/wp-content\/uploads\/2025\/09\/UF_2025_10_01-scaled.jpg 1810w\" sizes=\"auto, (max-width: 525px) 100vw, 525px\" \/><\/a><\/p>\n<p><strong>Jegyz\u0151: dr. Lipt\u00e1k P\u00e9ter<\/strong>:\u00a0\u00a0 <a href=\"mailto:jegyzo@csanadapaca.hu\">jegyzo@csanadapaca.hu<\/a><\/p>\n<p>&nbsp;<\/p>\n<p>&nbsp;<\/p>\n<table>\n<tbody>\n<tr>\n<td width=\"271\"><strong>\u00dcgyint\u00e9z\u0151 neve<\/strong><\/td>\n<td width=\"648\"><strong>Munkak\u00f6re<\/strong><\/td>\n<\/tr>\n<tr>\n<td width=\"271\"><strong>dr. Bar\u00e1nyi Bella<br \/>\nkirendelts\u00e9g-vezet\u0151<br \/>\n<\/strong>jegyzo@kardoskut.hu<\/td>\n<td width=\"648\">D\u00f6nt\u00e9s-el\u0151k\u00e9sz\u00edt\u00e9s, illetve a d\u00f6nt\u00e9sek v\u00e9grehajt\u00e1s\u00e1nak szervez\u00e9se a k\u00e9pvisel\u0151-test\u00fclet, bizotts\u00e1gok \u00e9s a polg\u00e1rmester sz\u00e1m\u00e1ra,<\/p>\n<p>\u00dcgyf\u00e9lfogad\u00e1s ell\u00e1t\u00e1sa a jegyz\u0151 \u00e1ltal\u00e1nos helyettesek\u00e9nt,<\/p>\n<p>V\u00e1laszt\u00e1si elj\u00e1r\u00e1ssal kapcsolatos feladatok ell\u00e1t\u00e1sa,<\/p>\n<p>K\u00f6zigazgat\u00e1si hat\u00f3s\u00e1gi feladatok (birtokv\u00e9delmi elj\u00e1r\u00e1s, f\u00e1s sz\u00e1r\u00fa n\u00f6v\u00e9nyek v\u00e9delme, \u00e1llatv\u00e9delmi igazgat\u00e1s, v\u00edzgazd\u00e1lkod\u00e1si hat\u00e1sk\u00f6r ),<\/p>\n<p>\u00d6nkorm\u00e1nyzati igazgat\u00e1si \u00fcgyek (b\u00e9rlak\u00e1s, vagyongazd\u00e1lkod\u00e1s),<\/p>\n<p>Anyak\u00f6nyvi feladatok ell\u00e1t\u00e1sa,<\/p>\n<p>\u00dczletek m\u0171k\u00f6d\u00e9s\u00e9vel, telepenged\u00e9lyez\u00e9ssel kapcsolatos hat\u00f3s\u00e1gi \u00fcgyint\u00e9z\u00e9s,<\/p>\n<p>Beszerz\u00e9si elj\u00e1r\u00e1sok lefolytat\u00e1s\u00e1ban val\u00f3 r\u00e9szv\u00e9tel,<\/p>\n<p>Gy\u00e1m\u00fcgyi igazgat\u00e1ssal kapcsolatos feladatok ell\u00e1t\u00e1sa (gyermekv\u00e9delmi kedvezm\u00e9ny, k\u00f6rnyezettanulm\u00e1ny),<\/p>\n<p>Gyermek\u00e9tkeztet\u00e9ssel kapcsolatos \u00fcgyek,<\/p>\n<p>&nbsp;<\/td>\n<\/tr>\n<tr>\n<td width=\"271\"><strong>Prozlikn\u00e9 Csorba Melinda<br \/>\n<\/strong><strong>hat\u00f3s\u00e1gi \u00fcgyint\u00e9z\u0151<br \/>\n<\/strong>igazgatas@kardoskut.hu<\/td>\n<td width=\"648\">Titk\u00e1rs\u00e1gi feladatok ell\u00e1t\u00e1sa,<\/p>\n<p>Jegyz\u0151k\u00f6nyv vezet\u00e9s, hat\u00e1rozat nyilv\u00e1ntart\u00e1s,<\/p>\n<p>Szoci\u00e1lis ell\u00e1t\u00e1ssal kapcsolatos \u00fcgyek d\u00f6nt\u00e9sre val\u00f3 el\u0151k\u00e9sz\u00edt\u00e9se \u00e9s v\u00e9grehajt\u00e1sa (telep\u00fcl\u00e9si t\u00e1mogat\u00e1s, lak\u00e1shoz jut\u00e1s helyi t\u00e1mogat\u00e1sa, iskol\u00e1sok, \u00f3vod\u00e1sok t\u00e1mogat\u00e1sa),<\/p>\n<p>Bursa Hungarica \u00f6szt\u00f6nd\u00edjp\u00e1ly\u00e1zattal kapcsolatos \u00fcgyek,<\/p>\n<p>A K\u00f6zfoglalkoztat\u00e1ssal kapcsolatos feladatok koordin\u00e1l\u00e1sa,<\/p>\n<p>Hagyat\u00e9kkal kapcsolatos \u00fcgyek,<\/p>\n<p>Szem\u00e9tsz\u00e1ll\u00edt\u00e1ssal kapcsolatos feladatok,<\/p>\n<p>Term\u0151f\u00f6ld b\u00e9rbead\u00e1ssal kapcsolatos \u00fcgyek,<\/p>\n<p>&nbsp;<\/td>\n<\/tr>\n<tr>\n<td width=\"271\"><strong>Gazdag N\u00f3ra<br \/>\n<\/strong><strong>Ad\u00f3\u00fcgyi \u00e9s munka\u00fcgyi \u00fcgyint\u00e9z\u0151<br \/>\n<\/strong>adoszoc@kardoskut.hu<\/td>\n<td width=\"648\">Helyi ad\u00f3val, ipar\u0171z\u00e9si ad\u00f3val kapcsolatos \u00fcgyek,<\/p>\n<p>Ad\u00f3k m\u00f3dj\u00e1ra behajtand\u00f3 k\u00f6ztartoz\u00e1sokkal kapcsolatos \u00fcgyek,<\/p>\n<p>Ad\u00f3-\u00e9s \u00e9rt\u00e9kbizony\u00edtv\u00e1ny ki\u00e1ll\u00edt\u00e1sa,<\/p>\n<p>Int\u00e9zm\u00e9nyi Munka\u00fcgyi Inform\u00e1ci\u00f3s Rendszer kezel\u00e9se, szem\u00e9lyzeti \u00fcgyek,<\/p>\n<p>&nbsp;<\/td>\n<\/tr>\n<tr>\n<td width=\"271\"><strong>Kapun\u00e9 Sin Anik\u00f3<br \/>\n<\/strong><strong>gazd\u00e1lkod\u00e1si \u00fcgyint\u00e9z\u0151<br \/>\n<\/strong>gazdalkodas@kardoskut.hu<\/td>\n<td width=\"648\">K\u00f6nyvel\u00e9s, k\u00f6lts\u00e9gvet\u00e9si besz\u00e1mol\u00f3k \u00e9s jelent\u00e9sek k\u00e9sz\u00edt\u00e9se,<\/p>\n<p>K\u00f6lts\u00e9gvet\u00e9s, z\u00e1rsz\u00e1mad\u00e1s \u00f6ssze\u00e1ll\u00edt\u00e1sa,<\/p>\n<p>Egyszer\u0171 k\u00f6zbeszerz\u00e9si elj\u00e1r\u00e1sok lefolytat\u00e1s\u00e1ban val\u00f3 r\u00e9szv\u00e9tel,<\/p>\n<p>Bels\u0151 p\u00e9nz\u00fcgyi szab\u00e1lyzatok naprak\u00e9sz vezet\u00e9se (sz\u00e1mviteli politika \u00e9s mell\u00e9kletei),<\/p>\n<p>Statisztikai adatszolg\u00e1ltat\u00e1s,<\/p>\n<p>Ingatlanvagyon-kataszter vezet\u00e9se,<\/p>\n<p>\u00c1FA bevall\u00e1sok, c\u00e9gaut\u00f3 ad\u00f3bevall\u00e1sok k\u00e9sz\u00edt\u00e9se,<\/p>\n<p>Normat\u00edv\u00e1k ig\u00e9nyl\u00e9se \u00e9s elsz\u00e1mol\u00e1sa,<\/p>\n<p>Sz\u00e1ml\u00e1k \u00e1tutal\u00e1sa, banki termin\u00e1l kezel\u00e9se,<\/p>\n<p>&nbsp;<\/td>\n<\/tr>\n<tr>\n<td width=\"271\"><strong>Csat\u00e1ri Kitti<br \/>\n<\/strong><strong>p\u00e9nz\u00fcgyi \u00fcgyint\u00e9z\u0151<br \/>\n<\/strong>penzugy@kardoskut.hu<\/td>\n<td width=\"648\">P\u00e9nzgazd\u00e1lkod\u00e1ssal kapcsolatos feladatok, h\u00e1zi p\u00e9nzt\u00e1r kezel\u00e9se,<\/p>\n<p>Be\u00e9rkez\u0151 sz\u00e1ml\u00e1k \u00e9rkeztet\u00e9se, nyilv\u00e1ntart\u00e1sa, k\u00f6nyvel\u00e9se,<\/p>\n<p>Analitikus nyilv\u00e1ntart\u00e1sok vezet\u00e9se,<\/p>\n<p>Gyermek- \u00e9s szoci\u00e1lis \u00e9tkeztet\u00e9ssel\u00a0 kapcsolatos \u00fcgyint\u00e9z\u00e9s ,<\/p>\n<p>K\u00f6zter\u00fclet \u00e9s f\u00f6ldhaszonb\u00e9rleti d\u00edjak nyilv\u00e1ntart\u00e1sa,<\/p>\n<p>G\u00e9pj\u00e1rm\u0171-\u00fcgyint\u00e9z\u0151i feladatok ell\u00e1t\u00e1sa,<\/p>\n<p>Statisztikai adatszolg\u00e1ltat\u00e1s.<\/p>\n<p>Sz\u00e1ml\u00e1k \u00e1tutal\u00e1sa, banki termin\u00e1l kezel\u00e9se.<\/td>\n<\/tr>\n<\/tbody>\n<\/table>\n","protected":false},"excerpt":{"rendered":"<p>Hivatal Csan\u00e1dap\u00e1cai K\u00f6z\u00f6s \u00d6nkorm\u00e1nyzati Hivatal Kardosk\u00fati Kirendelts\u00e9ge C\u00edm: 5945 Kardosk\u00fat, M\u00e1rcius 15. t\u00e9r 3. e-mail:\u00a0kardoskut@kardoskut.hu weboldal:\u00a0http:\/\/www.kardoskut.hu Jegyz\u0151: dr. Lipt\u00e1k P\u00e9ter:\u00a0\u00a0 jegyzo@csanadapaca.hu &nbsp; &nbsp; \u00dcgyint\u00e9z\u0151 neve Munkak\u00f6re dr. Bar\u00e1nyi Bella kirendelts\u00e9g-vezet\u0151 jegyzo@kardoskut.hu D\u00f6nt\u00e9s-el\u0151k\u00e9sz\u00edt\u00e9s, illetve a d\u00f6nt\u00e9sek v\u00e9grehajt\u00e1s\u00e1nak szervez\u00e9se a k\u00e9pvisel\u0151-test\u00fclet, bizotts\u00e1gok \u00e9s a polg\u00e1rmester sz\u00e1m\u00e1ra, \u00dcgyf\u00e9lfogad\u00e1s ell\u00e1t\u00e1sa a jegyz\u0151 \u00e1ltal\u00e1nos helyettesek\u00e9nt, V\u00e1laszt\u00e1si elj\u00e1r\u00e1ssal kapcsolatos feladatok ell\u00e1t\u00e1sa, &hellip; <\/p>\n<p class=\"link-more\"><a href=\"https:\/\/www.kardoskut.hu\/?page_id=40\" class=\"more-link\"><span class=\"screen-reader-text\">&#8222;Hivatal&#8221;<\/span> b\u0151vebben<\/a><\/p>\n","protected":false},"author":1,"featured_media":0,"parent":0,"menu_order":0,"comment_status":"closed","ping_status":"closed","template":"","meta":{"footnotes":""},"class_list":["post-40","page","type-page","status-publish","hentry"],"_links":{"self":[{"href":"https:\/\/www.kardoskut.hu\/index.php?rest_route=\/wp\/v2\/pages\/40","targetHints":{"allow":["GET"]}}],"collection":[{"href":"https:\/\/www.kardoskut.hu\/index.php?rest_route=\/wp\/v2\/pages"}],"about":[{"href":"https:\/\/www.kardoskut.hu\/index.php?rest_route=\/wp\/v2\/types\/page"}],"author":[{"embeddable":true,"href":"https:\/\/www.kardoskut.hu\/index.php?rest_route=\/wp\/v2\/users\/1"}],"replies":[{"embeddable":true,"href":"https:\/\/www.kardoskut.hu\/index.php?rest_route=%2Fwp%2Fv2%2Fcomments&post=40"}],"version-history":[{"count":11,"href":"https:\/\/www.kardoskut.hu\/index.php?rest_route=\/wp\/v2\/pages\/40\/revisions"}],"predecessor-version":[{"id":7831,"href":"https:\/\/www.kardoskut.hu\/index.php?rest_route=\/wp\/v2\/pages\/40\/revisions\/7831"}],"wp:attachment":[{"href":"https:\/\/www.kardoskut.hu\/index.php?rest_route=%2Fwp%2Fv2%2Fmedia&parent=40"}],"curies":[{"name":"wp","href":"https:\/\/api.w.org\/{rel}","templated":true}]}}