{"id":3941,"date":"2019-11-02T06:20:38","date_gmt":"2019-11-02T06:20:38","guid":{"rendered":"http:\/\/www.kardoskut.hu\/?page_id=3941"},"modified":"2024-10-02T13:22:16","modified_gmt":"2024-10-02T13:22:16","slug":"kepviselo-testulet-2","status":"publish","type":"page","link":"https:\/\/www.kardoskut.hu\/?page_id=3941","title":{"rendered":"K\u00e9pvisel\u0151-test\u00fclet"},"content":{"rendered":"<p><a href=\"https:\/\/www.kardoskut.hu\/wp-content\/uploads\/2024\/10\/varga_pal-scaled.jpg\"><img loading=\"lazy\" decoding=\"async\" class=\"alignnone size-large wp-image-7224\" src=\"https:\/\/www.kardoskut.hu\/wp-content\/uploads\/2024\/10\/varga_pal-1024x683.jpg\" alt=\"\" width=\"525\" height=\"350\" srcset=\"https:\/\/www.kardoskut.hu\/wp-content\/uploads\/2024\/10\/varga_pal-1024x683.jpg 1024w, https:\/\/www.kardoskut.hu\/wp-content\/uploads\/2024\/10\/varga_pal-300x200.jpg 300w, https:\/\/www.kardoskut.hu\/wp-content\/uploads\/2024\/10\/varga_pal-768x512.jpg 768w, https:\/\/www.kardoskut.hu\/wp-content\/uploads\/2024\/10\/varga_pal-1536x1024.jpg 1536w, https:\/\/www.kardoskut.hu\/wp-content\/uploads\/2024\/10\/varga_pal-2048x1366.jpg 2048w\" sizes=\"auto, (max-width: 525px) 100vw, 525px\" \/><\/a><br \/>\n<span style=\"font-family: times new roman, times, serif;\"><strong>Varga P\u00e1l f\u00fcggetlen polg\u00e1rmester &#8211; <\/strong>polgarmester@kardoskut.hu<\/span><\/p>\n<p><a href=\"https:\/\/www.kardoskut.hu\/wp-content\/uploads\/2024\/10\/torok_attila-scaled.jpg\"><img loading=\"lazy\" decoding=\"async\" class=\"alignnone size-large wp-image-7226\" src=\"https:\/\/www.kardoskut.hu\/wp-content\/uploads\/2024\/10\/torok_attila-1024x683.jpg\" alt=\"\" width=\"525\" height=\"350\" srcset=\"https:\/\/www.kardoskut.hu\/wp-content\/uploads\/2024\/10\/torok_attila-1024x683.jpg 1024w, https:\/\/www.kardoskut.hu\/wp-content\/uploads\/2024\/10\/torok_attila-300x200.jpg 300w, https:\/\/www.kardoskut.hu\/wp-content\/uploads\/2024\/10\/torok_attila-768x512.jpg 768w, https:\/\/www.kardoskut.hu\/wp-content\/uploads\/2024\/10\/torok_attila-1536x1024.jpg 1536w, https:\/\/www.kardoskut.hu\/wp-content\/uploads\/2024\/10\/torok_attila-2048x1366.jpg 2048w\" sizes=\"auto, (max-width: 525px) 100vw, 525px\" \/><\/a><br \/>\n<strong><span style=\"font-family: times new roman, times, serif;\">T\u00f6r\u00f6k Attila &#8211;<\/span><\/strong> <span style=\"font-family: times new roman, times, serif;\">f\u00fcggetlen \u00f6nkorm\u00e1nyzati k\u00e9pvisel\u0151<\/span><strong><span style=\"font-family: times new roman, times, serif;\"><br \/>\n<\/span><\/strong><span style=\"font-family: times new roman, times, serif;\">torokattila@kardoskut.hu<\/span><\/p>\n<p><a href=\"https:\/\/www.kardoskut.hu\/wp-content\/uploads\/2024\/10\/morocz_lajos-scaled.jpg\"><img loading=\"lazy\" decoding=\"async\" class=\"alignnone size-large wp-image-7227\" src=\"https:\/\/www.kardoskut.hu\/wp-content\/uploads\/2024\/10\/morocz_lajos-1024x683.jpg\" alt=\"\" width=\"525\" height=\"350\" srcset=\"https:\/\/www.kardoskut.hu\/wp-content\/uploads\/2024\/10\/morocz_lajos-1024x683.jpg 1024w, https:\/\/www.kardoskut.hu\/wp-content\/uploads\/2024\/10\/morocz_lajos-300x200.jpg 300w, https:\/\/www.kardoskut.hu\/wp-content\/uploads\/2024\/10\/morocz_lajos-768x512.jpg 768w, https:\/\/www.kardoskut.hu\/wp-content\/uploads\/2024\/10\/morocz_lajos-1536x1024.jpg 1536w, https:\/\/www.kardoskut.hu\/wp-content\/uploads\/2024\/10\/morocz_lajos-2048x1365.jpg 2048w\" sizes=\"auto, (max-width: 525px) 100vw, 525px\" \/><\/a><br \/>\n<span style=\"font-family: times new roman, times, serif;\"><strong>M\u00f3rocz Lajos<\/strong> <strong>Zolt\u00e1n<\/strong> &#8211; f\u00fcggetlen \u00f6nkorm\u00e1nyzati k\u00e9pvisel\u0151<br \/>\nmoroczlajos@kardoskut.hu<\/span><\/p>\n<p><a href=\"https:\/\/www.kardoskut.hu\/wp-content\/uploads\/2024\/10\/ozse_zoltan-scaled.jpg\"><img loading=\"lazy\" decoding=\"async\" class=\"alignnone size-large wp-image-7229\" src=\"https:\/\/www.kardoskut.hu\/wp-content\/uploads\/2024\/10\/ozse_zoltan-1024x683.jpg\" alt=\"\" width=\"525\" height=\"350\" srcset=\"https:\/\/www.kardoskut.hu\/wp-content\/uploads\/2024\/10\/ozse_zoltan-1024x683.jpg 1024w, https:\/\/www.kardoskut.hu\/wp-content\/uploads\/2024\/10\/ozse_zoltan-300x200.jpg 300w, https:\/\/www.kardoskut.hu\/wp-content\/uploads\/2024\/10\/ozse_zoltan-768x512.jpg 768w, https:\/\/www.kardoskut.hu\/wp-content\/uploads\/2024\/10\/ozse_zoltan-1536x1024.jpg 1536w, https:\/\/www.kardoskut.hu\/wp-content\/uploads\/2024\/10\/ozse_zoltan-2048x1365.jpg 2048w\" sizes=\"auto, (max-width: 525px) 100vw, 525px\" \/><\/a><br \/>\n<span style=\"font-family: times new roman, times, serif;\"><strong>\u0150zse Zolt\u00e1n<\/strong> &#8211; f\u00fcggetlen \u00f6nkorm\u00e1nyzati k\u00e9pvisel\u0151<\/span><br \/>\n<span style=\"font-family: times new roman, times, serif;\">ozsezoltan@kardoskut.hu<\/span><\/p>\n<p>&#8212;-<\/p>\n<p><span style=\"font-family: times new roman, times, serif;\"><strong>Menyh\u00e1rt Krisztina<\/strong> &#8211; f\u00fcggetlen \u00f6nkorm\u00e1nyzati k\u00e9pvisel\u0151<\/span><br \/>\n<span style=\"font-family: times new roman, times, serif;\">menyhartkrisztina@kardoskut.hu<\/span><\/p>\n","protected":false},"excerpt":{"rendered":"<p>Varga P\u00e1l f\u00fcggetlen polg\u00e1rmester &#8211; polgarmester@kardoskut.hu T\u00f6r\u00f6k Attila &#8211; f\u00fcggetlen \u00f6nkorm\u00e1nyzati k\u00e9pvisel\u0151 torokattila@kardoskut.hu M\u00f3rocz Lajos Zolt\u00e1n &#8211; f\u00fcggetlen \u00f6nkorm\u00e1nyzati k\u00e9pvisel\u0151 moroczlajos@kardoskut.hu \u0150zse Zolt\u00e1n &#8211; f\u00fcggetlen \u00f6nkorm\u00e1nyzati k\u00e9pvisel\u0151 ozsezoltan@kardoskut.hu &#8212;- Menyh\u00e1rt Krisztina &#8211; f\u00fcggetlen \u00f6nkorm\u00e1nyzati k\u00e9pvisel\u0151 menyhartkrisztina@kardoskut.hu<\/p>\n","protected":false},"author":1,"featured_media":0,"parent":46,"menu_order":0,"comment_status":"closed","ping_status":"closed","template":"","meta":{"footnotes":""},"class_list":["post-3941","page","type-page","status-publish","hentry"],"_links":{"self":[{"href":"https:\/\/www.kardoskut.hu\/index.php?rest_route=\/wp\/v2\/pages\/3941","targetHints":{"allow":["GET"]}}],"collection":[{"href":"https:\/\/www.kardoskut.hu\/index.php?rest_route=\/wp\/v2\/pages"}],"about":[{"href":"https:\/\/www.kardoskut.hu\/index.php?rest_route=\/wp\/v2\/types\/page"}],"author":[{"embeddable":true,"href":"https:\/\/www.kardoskut.hu\/index.php?rest_route=\/wp\/v2\/users\/1"}],"replies":[{"embeddable":true,"href":"https:\/\/www.kardoskut.hu\/index.php?rest_route=%2Fwp%2Fv2%2Fcomments&post=3941"}],"version-history":[{"count":5,"href":"https:\/\/www.kardoskut.hu\/index.php?rest_route=\/wp\/v2\/pages\/3941\/revisions"}],"predecessor-version":[{"id":7231,"href":"https:\/\/www.kardoskut.hu\/index.php?rest_route=\/wp\/v2\/pages\/3941\/revisions\/7231"}],"up":[{"embeddable":true,"href":"https:\/\/www.kardoskut.hu\/index.php?rest_route=\/wp\/v2\/pages\/46"}],"wp:attachment":[{"href":"https:\/\/www.kardoskut.hu\/index.php?rest_route=%2Fwp%2Fv2%2Fmedia&parent=3941"}],"curies":[{"name":"wp","href":"https:\/\/api.w.org\/{rel}","templated":true}]}}