{"id":3936,"date":"2019-11-02T06:09:40","date_gmt":"2019-11-02T06:09:40","guid":{"rendered":"http:\/\/www.kardoskut.hu\/?page_id=3936"},"modified":"2024-10-02T13:13:48","modified_gmt":"2024-10-02T13:13:48","slug":"polgarmester-2","status":"publish","type":"page","link":"https:\/\/www.kardoskut.hu\/?page_id=3936","title":{"rendered":"Polg\u00e1rmester"},"content":{"rendered":"<p><a href=\"https:\/\/www.kardoskut.hu\/wp-content\/uploads\/2024\/10\/varga_pal-scaled.jpg\"><img loading=\"lazy\" decoding=\"async\" class=\"alignnone size-large wp-image-7224\" src=\"https:\/\/www.kardoskut.hu\/wp-content\/uploads\/2024\/10\/varga_pal-1024x683.jpg\" alt=\"\" width=\"525\" height=\"350\" srcset=\"https:\/\/www.kardoskut.hu\/wp-content\/uploads\/2024\/10\/varga_pal-1024x683.jpg 1024w, https:\/\/www.kardoskut.hu\/wp-content\/uploads\/2024\/10\/varga_pal-300x200.jpg 300w, https:\/\/www.kardoskut.hu\/wp-content\/uploads\/2024\/10\/varga_pal-768x512.jpg 768w, https:\/\/www.kardoskut.hu\/wp-content\/uploads\/2024\/10\/varga_pal-1536x1024.jpg 1536w, https:\/\/www.kardoskut.hu\/wp-content\/uploads\/2024\/10\/varga_pal-2048x1366.jpg 2048w\" sizes=\"auto, (max-width: 525px) 100vw, 525px\" \/><\/a><br \/>\n<strong>Varga P\u00e1l f\u00fcggetlen polg\u00e1rmester (2019-napjainkig)<\/strong><br \/>\nE-mail: polgarmester@kardoskut.hu<br \/>\nTelefonsz\u00e1m: 06 68 429 000<\/p>\n","protected":false},"excerpt":{"rendered":"<p>Varga P\u00e1l f\u00fcggetlen polg\u00e1rmester (2019-napjainkig) E-mail: polgarmester@kardoskut.hu Telefonsz\u00e1m: 06 68 429 000<\/p>\n","protected":false},"author":1,"featured_media":0,"parent":46,"menu_order":0,"comment_status":"closed","ping_status":"closed","template":"","meta":{"footnotes":""},"class_list":["post-3936","page","type-page","status-publish","hentry"],"_links":{"self":[{"href":"https:\/\/www.kardoskut.hu\/index.php?rest_route=\/wp\/v2\/pages\/3936","targetHints":{"allow":["GET"]}}],"collection":[{"href":"https:\/\/www.kardoskut.hu\/index.php?rest_route=\/wp\/v2\/pages"}],"about":[{"href":"https:\/\/www.kardoskut.hu\/index.php?rest_route=\/wp\/v2\/types\/page"}],"author":[{"embeddable":true,"href":"https:\/\/www.kardoskut.hu\/index.php?rest_route=\/wp\/v2\/users\/1"}],"replies":[{"embeddable":true,"href":"https:\/\/www.kardoskut.hu\/index.php?rest_route=%2Fwp%2Fv2%2Fcomments&post=3936"}],"version-history":[{"count":4,"href":"https:\/\/www.kardoskut.hu\/index.php?rest_route=\/wp\/v2\/pages\/3936\/revisions"}],"predecessor-version":[{"id":7225,"href":"https:\/\/www.kardoskut.hu\/index.php?rest_route=\/wp\/v2\/pages\/3936\/revisions\/7225"}],"up":[{"embeddable":true,"href":"https:\/\/www.kardoskut.hu\/index.php?rest_route=\/wp\/v2\/pages\/46"}],"wp:attachment":[{"href":"https:\/\/www.kardoskut.hu\/index.php?rest_route=%2Fwp%2Fv2%2Fmedia&parent=3936"}],"curies":[{"name":"wp","href":"https:\/\/api.w.org\/{rel}","templated":true}]}}