{"id":3700,"date":"2019-09-05T18:50:35","date_gmt":"2019-09-05T18:50:35","guid":{"rendered":"http:\/\/www.kardoskut.hu\/?page_id=3700"},"modified":"2019-09-09T17:51:27","modified_gmt":"2019-09-09T17:51:27","slug":"jeloltek-nyilvantartasba-vetele","status":"publish","type":"page","link":"https:\/\/www.kardoskut.hu\/?page_id=3700","title":{"rendered":"Jel\u00f6ltek nyilv\u00e1ntart\u00e1sba v\u00e9tele"},"content":{"rendered":"<p><strong>Polg\u00e1rmester-jel\u00f6lt<\/strong><br \/>\n<a href=\"http:\/\/www.kardoskut.hu\/wp-content\/uploads\/2019\/09\/Varga-P\u00e1l-polg\u00e1rmester-jel\u00f6lt-nyilv\u00e1ntart\u00e1sba-v\u00e9tele.pdf\">Varga P\u00e1l f\u00fcggetlen<\/a><br \/>\n<a href=\"http:\/\/www.kardoskut.hu\/wp-content\/uploads\/2019\/09\/Terj\u00e9kn\u00e9-Kaposi-Andrea-polg\u00e1rmester-jel\u00f6lt-nyilv\u00e1ntart\u00e1sba-v\u00e9tele.pdf\">Terj\u00e9kn\u00e9 Kaposi Andrea f\u00fcggetlen<\/a><\/p>\n<p><strong>K\u00e9pvisel\u0151-jel\u00f6lt<\/strong><br \/>\n<a href=\"http:\/\/www.kardoskut.hu\/wp-content\/uploads\/2019\/09\/Krausz-Istv\u00e1nn\u00e9-k\u00e9pvisel\u0151-jel\u00f6lt-nyilv\u00e1ntart\u00e1sba-v\u00e9tele.pdf\">Krausz Istv\u00e1nn\u00e9 f\u00fcggetlen<\/a><br \/>\n<a href=\"http:\/\/www.kardoskut.hu\/wp-content\/uploads\/2019\/09\/Kocsis-P\u00e9ter-k\u00e9pvisel\u0151-jel\u00f6lt-nyilv\u00e1ntart\u00e1sba-v\u00e9tele.pdf\">Kocsis P\u00e9ter f\u00fcggetlen<\/a><br \/>\n<a href=\"http:\/\/www.kardoskut.hu\/wp-content\/uploads\/2019\/09\/\u0150zse-Zolt\u00e1n-k\u00e9pvisel\u0151-jel\u00f6lt-nyilv\u00e1ntart\u00e1sba-v\u00e9tele.pdf\">\u0150zse Zolt\u00e1n f\u00fcggetlen<\/a><br \/>\n<a href=\"http:\/\/www.kardoskut.hu\/wp-content\/uploads\/2019\/09\/T\u00f6r\u00f6k-Attila-k\u00e9pvisel\u0151-jel\u00f6lt-nyilv\u00e1ntart\u00e1sba-v\u00e9tele.pdf\">T\u00f6r\u00f6k Attila Dezs\u0151 f\u00fcggetlen<\/a><br \/>\n<a href=\"http:\/\/www.kardoskut.hu\/wp-content\/uploads\/2019\/09\/Skorka-P\u00e1ln\u00e9-k\u00e9pvisel\u0151-jel\u00f6lt-nyilv\u00e1ntart\u00e1sba-v\u00e9tele.pdf\">Skorka P\u00e1ln\u00e9 f\u00fcggetlen<\/a><br \/>\n<a href=\"http:\/\/www.kardoskut.hu\/wp-content\/uploads\/2019\/09\/Szemenyei-S\u00e1ndor-k\u00e9pvisel\u0151-jel\u00f6lt-nyilv\u00e1ntart\u00e1sba-v\u00e9tele.pdf\">Szemenyei S\u00e1ndor f\u00fcggetlen<\/a><br \/>\n<a href=\"http:\/\/www.kardoskut.hu\/wp-content\/uploads\/2019\/09\/Kis-B\u00e1lint-k\u00e9pvisel\u0151-jel\u00f6lt-nyilv\u00e1ntart\u00e1sba-v\u00e9tele.pdf\">Kis B\u00e1lint P\u00e9ter f\u00fcggetlen<\/a><br \/>\n<a href=\"http:\/\/www.kardoskut.hu\/wp-content\/uploads\/2019\/09\/M\u00f3rocz-Lajos-Zolt\u00e1n-k\u00e9pvisel\u0151-jel\u00f6lt-nyilv\u00e1ntart\u00e1sba-v\u00e9tele.pdf\">M\u00f3rocz Lajos Zolt\u00e1n f\u00fcggetlen<\/a><br \/>\n<a href=\"http:\/\/www.kardoskut.hu\/wp-content\/uploads\/2019\/09\/Zsigovics-Erika-k\u00e9pvisel\u0151-jel\u00f6lt-nyilv\u00e1ntart\u00e1sba-v\u00e9tele.pdf\">Zsigovics Erika f\u00fcggetlen<\/a><br \/>\n<a href=\"http:\/\/www.kardoskut.hu\/wp-content\/uploads\/2019\/09\/F\u00e1nczi-Istv\u00e1n-k\u00e9pvisel\u0151-jel\u00f6lt-nyilv\u00e1ntart\u00e1sba-v\u00e9tele.pdf\">F\u00e1nczi Istv\u00e1n<\/a> f\u00fcggetlen<\/p>\n","protected":false},"excerpt":{"rendered":"<p>Polg\u00e1rmester-jel\u00f6lt Varga P\u00e1l f\u00fcggetlen Terj\u00e9kn\u00e9 Kaposi Andrea f\u00fcggetlen K\u00e9pvisel\u0151-jel\u00f6lt Krausz Istv\u00e1nn\u00e9 f\u00fcggetlen Kocsis P\u00e9ter f\u00fcggetlen \u0150zse Zolt\u00e1n f\u00fcggetlen T\u00f6r\u00f6k Attila Dezs\u0151 f\u00fcggetlen Skorka P\u00e1ln\u00e9 f\u00fcggetlen Szemenyei S\u00e1ndor f\u00fcggetlen Kis B\u00e1lint P\u00e9ter f\u00fcggetlen M\u00f3rocz Lajos Zolt\u00e1n f\u00fcggetlen Zsigovics Erika f\u00fcggetlen F\u00e1nczi Istv\u00e1n f\u00fcggetlen<\/p>\n","protected":false},"author":1,"featured_media":0,"parent":3148,"menu_order":0,"comment_status":"closed","ping_status":"closed","template":"","meta":{"footnotes":""},"class_list":["post-3700","page","type-page","status-publish","hentry"],"_links":{"self":[{"href":"https:\/\/www.kardoskut.hu\/index.php?rest_route=\/wp\/v2\/pages\/3700","targetHints":{"allow":["GET"]}}],"collection":[{"href":"https:\/\/www.kardoskut.hu\/index.php?rest_route=\/wp\/v2\/pages"}],"about":[{"href":"https:\/\/www.kardoskut.hu\/index.php?rest_route=\/wp\/v2\/types\/page"}],"author":[{"embeddable":true,"href":"https:\/\/www.kardoskut.hu\/index.php?rest_route=\/wp\/v2\/users\/1"}],"replies":[{"embeddable":true,"href":"https:\/\/www.kardoskut.hu\/index.php?rest_route=%2Fwp%2Fv2%2Fcomments&post=3700"}],"version-history":[{"count":3,"href":"https:\/\/www.kardoskut.hu\/index.php?rest_route=\/wp\/v2\/pages\/3700\/revisions"}],"predecessor-version":[{"id":3732,"href":"https:\/\/www.kardoskut.hu\/index.php?rest_route=\/wp\/v2\/pages\/3700\/revisions\/3732"}],"up":[{"embeddable":true,"href":"https:\/\/www.kardoskut.hu\/index.php?rest_route=\/wp\/v2\/pages\/3148"}],"wp:attachment":[{"href":"https:\/\/www.kardoskut.hu\/index.php?rest_route=%2Fwp%2Fv2%2Fmedia&parent=3700"}],"curies":[{"name":"wp","href":"https:\/\/api.w.org\/{rel}","templated":true}]}}