{"id":3175,"date":"2019-03-20T16:30:22","date_gmt":"2019-03-20T16:30:22","guid":{"rendered":"http:\/\/www.kardoskut.hu\/?page_id=3175"},"modified":"2019-04-26T20:43:12","modified_gmt":"2019-04-26T20:43:12","slug":"hirdetmeny-eu-valasztassal-kapcsolatban","status":"publish","type":"page","link":"https:\/\/www.kardoskut.hu\/?page_id=3175","title":{"rendered":"Hirdetm\u00e9ny EU v\u00e1laszt\u00e1ssal kapcsolatban"},"content":{"rendered":"<p><a href=\"http:\/\/www.kardoskut.hu\/wp-content\/uploads\/2019\/04\/K\u00f6nnyen-\u00e9rthet\u0151-t\u00e1j\u00e9koztat\u00f3-EP-2019.pdf\">K\u00d6NNYEN \u00c9RTHET\u0150 T\u00c1J\u00c9KOZTAT\u00d3 AZ EUR\u00d3PAI PARLAMENTI V\u00c1LASZT\u00c1SHOZ<\/a><\/p>\n<p><a href=\"http:\/\/www.kardoskut.hu\/wp-content\/uploads\/2019\/03\/hirdetmeny_plakat_EP2019.jpg\"><img loading=\"lazy\" decoding=\"async\" class=\"alignnone size-large wp-image-3176\" src=\"http:\/\/www.kardoskut.hu\/wp-content\/uploads\/2019\/03\/hirdetmeny_plakat_EP2019-732x1024.jpg\" alt=\"\" width=\"525\" height=\"734\" srcset=\"https:\/\/www.kardoskut.hu\/wp-content\/uploads\/2019\/03\/hirdetmeny_plakat_EP2019-732x1024.jpg 732w, https:\/\/www.kardoskut.hu\/wp-content\/uploads\/2019\/03\/hirdetmeny_plakat_EP2019-214x300.jpg 214w, https:\/\/www.kardoskut.hu\/wp-content\/uploads\/2019\/03\/hirdetmeny_plakat_EP2019-768x1074.jpg 768w, https:\/\/www.kardoskut.hu\/wp-content\/uploads\/2019\/03\/hirdetmeny_plakat_EP2019.jpg 1005w\" sizes=\"auto, (max-width: 525px) 100vw, 525px\" \/><\/a><\/p>\n<p><a href=\"http:\/\/www.kardoskut.hu\/wp-content\/uploads\/2019\/03\/\u00c1tjelentkez\u00e9s-m\u00e1sik-belf\u00f6ldi-szavaz\u00f3k\u00f6rbe-az-eur\u00f3pai-parlamenti-v\u00e1laszt\u00e1son-1.pdf\">\u00c1tjelentkez\u00e9s m\u00e1sik belf\u00f6ldi szavaz\u00f3k\u00f6rbe az eur\u00f3pai parlamenti v\u00e1laszt\u00e1son<\/a><br \/>\n<a href=\"http:\/\/www.kardoskut.hu\/wp-content\/uploads\/2019\/03\/K\u00fclk\u00e9pviseleti-n\u00e9vjegyz\u00e9kbe-v\u00e9teli-k\u00e9relem-az-eur\u00f3pai-parlamenti-v\u00e1laszt\u00e1son.pdf\">K\u00fclk\u00e9pviseleti n\u00e9vjegyz\u00e9kbe v\u00e9teli k\u00e9relem az eur\u00f3pai parlamenti v\u00e1laszt\u00e1son<\/a><br \/>\n<a href=\"http:\/\/www.kardoskut.hu\/wp-content\/uploads\/2019\/03\/Mozg\u00f3urna-ig\u00e9nyl\u00e9se-postai-\u00faton-az-eur\u00f3pai-parlamenti-v\u00e1laszt\u00e1son.pdf\">Mozg\u00f3urna ig\u00e9nyl\u00e9se postai \u00faton az eur\u00f3pai parlamenti v\u00e1laszt\u00e1son<\/a><\/p>\n","protected":false},"excerpt":{"rendered":"<p>K\u00d6NNYEN \u00c9RTHET\u0150 T\u00c1J\u00c9KOZTAT\u00d3 AZ EUR\u00d3PAI PARLAMENTI V\u00c1LASZT\u00c1SHOZ \u00c1tjelentkez\u00e9s m\u00e1sik belf\u00f6ldi szavaz\u00f3k\u00f6rbe az eur\u00f3pai parlamenti v\u00e1laszt\u00e1son K\u00fclk\u00e9pviseleti n\u00e9vjegyz\u00e9kbe v\u00e9teli k\u00e9relem az eur\u00f3pai parlamenti v\u00e1laszt\u00e1son Mozg\u00f3urna ig\u00e9nyl\u00e9se postai \u00faton az eur\u00f3pai parlamenti v\u00e1laszt\u00e1son<\/p>\n","protected":false},"author":1,"featured_media":0,"parent":3146,"menu_order":0,"comment_status":"closed","ping_status":"closed","template":"","meta":{"footnotes":""},"class_list":["post-3175","page","type-page","status-publish","hentry"],"_links":{"self":[{"href":"https:\/\/www.kardoskut.hu\/index.php?rest_route=\/wp\/v2\/pages\/3175","targetHints":{"allow":["GET"]}}],"collection":[{"href":"https:\/\/www.kardoskut.hu\/index.php?rest_route=\/wp\/v2\/pages"}],"about":[{"href":"https:\/\/www.kardoskut.hu\/index.php?rest_route=\/wp\/v2\/types\/page"}],"author":[{"embeddable":true,"href":"https:\/\/www.kardoskut.hu\/index.php?rest_route=\/wp\/v2\/users\/1"}],"replies":[{"embeddable":true,"href":"https:\/\/www.kardoskut.hu\/index.php?rest_route=%2Fwp%2Fv2%2Fcomments&post=3175"}],"version-history":[{"count":4,"href":"https:\/\/www.kardoskut.hu\/index.php?rest_route=\/wp\/v2\/pages\/3175\/revisions"}],"predecessor-version":[{"id":3365,"href":"https:\/\/www.kardoskut.hu\/index.php?rest_route=\/wp\/v2\/pages\/3175\/revisions\/3365"}],"up":[{"embeddable":true,"href":"https:\/\/www.kardoskut.hu\/index.php?rest_route=\/wp\/v2\/pages\/3146"}],"wp:attachment":[{"href":"https:\/\/www.kardoskut.hu\/index.php?rest_route=%2Fwp%2Fv2%2Fmedia&parent=3175"}],"curies":[{"name":"wp","href":"https:\/\/api.w.org\/{rel}","templated":true}]}}