{"id":3059,"date":"2019-02-12T06:07:31","date_gmt":"2019-02-12T06:07:31","guid":{"rendered":"http:\/\/www.kardoskut.hu\/?page_id=3059"},"modified":"2025-01-08T07:29:01","modified_gmt":"2025-01-08T07:29:01","slug":"elerhetoseg","status":"publish","type":"page","link":"https:\/\/www.kardoskut.hu\/?page_id=3059","title":{"rendered":"El\u00e9rhet\u0151s\u00e9g"},"content":{"rendered":"<p><strong>M\u00f3ra Ferenc M\u0171vel\u0151d\u00e9si H\u00e1z \u00e9s K\u00f6z\u00f6ss\u00e9gi Sz\u00ednt\u00e9r<\/strong><br \/>\n<strong>5945, Kardosk\u00fat M\u00e1rcius 15. t\u00e9r 1.<\/strong><\/p>\n<p><strong>Varg\u00e1n\u00e9 Neller Borb\u00e1la<\/strong> m\u0171vel\u0151d\u00e9sszervez\u0151<\/p>\n<p>tel.: 06 20 291 9688<br \/>\ne-mail: muvelodesihaz@kardoskut.hu<\/p>\n","protected":false},"excerpt":{"rendered":"<p>M\u00f3ra Ferenc M\u0171vel\u0151d\u00e9si H\u00e1z \u00e9s K\u00f6z\u00f6ss\u00e9gi Sz\u00ednt\u00e9r 5945, Kardosk\u00fat M\u00e1rcius 15. t\u00e9r 1. Varg\u00e1n\u00e9 Neller Borb\u00e1la m\u0171vel\u0151d\u00e9sszervez\u0151 tel.: 06 20 291 9688 e-mail: muvelodesihaz@kardoskut.hu<\/p>\n","protected":false},"author":1,"featured_media":0,"parent":166,"menu_order":0,"comment_status":"closed","ping_status":"closed","template":"","meta":{"footnotes":""},"class_list":["post-3059","page","type-page","status-publish","hentry"],"_links":{"self":[{"href":"https:\/\/www.kardoskut.hu\/index.php?rest_route=\/wp\/v2\/pages\/3059","targetHints":{"allow":["GET"]}}],"collection":[{"href":"https:\/\/www.kardoskut.hu\/index.php?rest_route=\/wp\/v2\/pages"}],"about":[{"href":"https:\/\/www.kardoskut.hu\/index.php?rest_route=\/wp\/v2\/types\/page"}],"author":[{"embeddable":true,"href":"https:\/\/www.kardoskut.hu\/index.php?rest_route=\/wp\/v2\/users\/1"}],"replies":[{"embeddable":true,"href":"https:\/\/www.kardoskut.hu\/index.php?rest_route=%2Fwp%2Fv2%2Fcomments&post=3059"}],"version-history":[{"count":3,"href":"https:\/\/www.kardoskut.hu\/index.php?rest_route=\/wp\/v2\/pages\/3059\/revisions"}],"predecessor-version":[{"id":7398,"href":"https:\/\/www.kardoskut.hu\/index.php?rest_route=\/wp\/v2\/pages\/3059\/revisions\/7398"}],"up":[{"embeddable":true,"href":"https:\/\/www.kardoskut.hu\/index.php?rest_route=\/wp\/v2\/pages\/166"}],"wp:attachment":[{"href":"https:\/\/www.kardoskut.hu\/index.php?rest_route=%2Fwp%2Fv2%2Fmedia&parent=3059"}],"curies":[{"name":"wp","href":"https:\/\/api.w.org\/{rel}","templated":true}]}}