{"id":3049,"date":"2019-02-12T05:57:40","date_gmt":"2019-02-12T05:57:40","guid":{"rendered":"http:\/\/www.kardoskut.hu\/?page_id=3049"},"modified":"2026-02-02T09:48:19","modified_gmt":"2026-02-02T09:48:19","slug":"konyvtar","status":"publish","type":"page","link":"https:\/\/www.kardoskut.hu\/?page_id=3049","title":{"rendered":"K\u00f6nyvt\u00e1r"},"content":{"rendered":"<p style=\"text-align: center;\"><strong>A K\u00d6NYVT\u00c1R<br \/>\n<\/strong><strong>NYITVATART\u00c1SA:<\/strong><\/p>\n<p style=\"text-align: center;\"><strong>h\u00e9tf\u0151: z\u00e1rva<\/strong><br \/>\nkedd: 14-18 \u00f3ra<br \/>\nszerda: 10-12 \u00f3ra<br \/>\ncs\u00fct\u00f6rt\u00f6k: 14-16 \u00f3ra<br \/>\np\u00e9ntek: 10-12 \u00f3ra<br \/>\n<strong>szombat, vas\u00e1rnap: z\u00e1rva<\/strong><\/p>\n<p>A kardosk\u00fati M\u00f3ra Ferenc M\u0171vel\u0151d\u00e9si H\u00e1z \u00e9s K\u00f6zs\u00e9gi K\u00f6nyvt\u00e1r a telep\u00fcl\u00e9s k\u00f6z\u00f6ss\u00e9gi \u00e9let\u00e9nek egyik sz\u00ednterek\u00e9nt k\u00f6nyvt\u00e1ri gy\u0171jtem\u00e9ny\u00e9t folyamatosan fejleszti, felt\u00e1rja, meg\u0151rzi, gondozza \u00e9s a nyilv\u00e1noss\u00e1g \u00e9s az es\u00e9lyegyenl\u0151s\u00e9g jegy\u00e9ben rendelkez\u00e9sre bocs\u00e1tja.<\/p>\n<p>A fenntart\u00f3 Kardosk\u00fat K\u00f6zs\u00e9g \u00d6nkorm\u00e1nyzat\u00e1nak kultur\u00e1lis strat\u00e9giai c\u00e9ljaival egyet\u00e9rt\u00e9sben a B\u00e9k\u00e9scsabai Tud\u00e1sh\u00e1z \u00e9s K\u00f6nyvt\u00e1r, mint szolg\u00e1ltat\u00f3val k\u00f6z\u00f6sen, a lakoss\u00e1g saj\u00e1tos ig\u00e9nyeit figyelembe v\u00e9ve alak\u00edtja ki k\u00f6nyvt\u00e1ri \u00e1llom\u00e1ny\u00e1t. A k\u00f6zs\u00e9gi k\u00f6nyvt\u00e1r m\u0171k\u00f6d\u00e9se sor\u00e1n el\u0151seg\u00edti az int\u00e9zm\u00e9nyes k\u00f6nyvt\u00e1ri rendszer eg\u00e9sz\u00e9be val\u00f3 bekapcsol\u00f3d\u00e1st, hogy a helyi lakoss\u00e1g \u00e9s a k\u00f6zs\u00e9gi k\u00f6nyvt\u00e1rat haszn\u00e1l\u00f3 minden \u00e1llampolg\u00e1r az inform\u00e1ci\u00f3khoz \u00e9s a fellelhet\u0151 tud\u00e1sanyaghoz szabadon hozz\u00e1juthasson. T\u00e1j\u00e9koztat a nyilv\u00e1nos k\u00f6nyvt\u00e1ri rendszer dokumentumair\u00f3l, szolg\u00e1ltat\u00e1sair\u00f3l, biztos\u00edtja m\u00e1s k\u00f6nyvt\u00e1rak \u00e1llom\u00e1ny\u00e1nak \u00e9s szolg\u00e1ltat\u00e1sainak el\u00e9r\u00e9s\u00e9t, \u00edgy r\u00e9szt vesz a k\u00f6nyvt\u00e1rak k\u00f6z\u00f6tti dokumentum- \u00e9s inform\u00e1ci\u00f3cser\u00e9ben. T\u00e1j\u00e9koztat\u00e1st ad a k\u00f6nyvt\u00e1r haszn\u00e1lat\u00e1r\u00f3l, helyismereti inform\u00e1ci\u00f3kat gy\u0171jt \u00e9s biztos\u00edtja a rendszeres statisztikai adatszolg\u00e1ltat\u00e1st. A t\u00f6bb mint h\u00e1rom \u00e9vtizedes nyilv\u00e1nos Nyugd\u00edjas Vers- \u00e9s Pr\u00f3za\u00edr\u00f3 P\u00e1ly\u00e1zat\u00e1val az id\u0151sebb koroszt\u00e1ly irodalom szeretet\u00e9t k\u00edv\u00e1nja el\u0151seg\u00edteni, ez\u00e9rt az \u00f6nkorm\u00e1nyzat seg\u00edts\u00e9g\u00e9vel \u00e9venk\u00e9nt megjelenteti a Kardosk\u00fati Antol\u00f3gi\u00e1t.<\/p>\n<p>A lakoss\u00e1g sz\u00e1m\u00e1ra a helyi inform\u00e1ci\u00f3k nyilv\u00e1nos k\u00f6zz\u00e9t\u00e9tele \u00e9rdek\u00e9ben a Kardosk\u00fati H\u00edrmond\u00f3 ingyenes k\u00f6z\u00e9leti \u00fajs\u00e1g kiad\u00e1s\u00e1t az int\u00e9zm\u00e9ny l\u00e1tja el, a szerkeszt\u0151s\u00e9gnek helyet ad. Emellett a k\u00f6zs\u00e9gi k\u00f6nyvt\u00e1r a telep\u00fcl\u00e9s honlapj\u00e1n a helyi k\u00f6z\u00e9rdek\u0171 t\u00e1j\u00e9koztat\u00e1sban is r\u00e9szt v\u00e1llal.<\/p>\n<p>A M\u00f3ra Ferenc M\u0171vel\u0151d\u00e9si H\u00e1z \u00e9s K\u00f6zs\u00e9gi K\u00f6nyvt\u00e1r a fenti c\u00e9lok \u00e9rdek\u00e9ben technikai felszerelts\u00e9g\u00e9vel t\u00e1mogatni k\u00edv\u00e1nja a szabadid\u0151 hasznos elt\u00f6lt\u00e9s\u00e9t, az \u00e9lethossziglan tart\u00f3 tanul\u00e1st, a kult\u00fara, a tudom\u00e1ny \u00e9s a m\u0171v\u00e9szet k\u00e9rd\u00e9seiben val\u00f3 folyamatos eligazod\u00e1st.<\/p>\n<p><em>K\u00e9sz\u00edtette:<\/em><br \/>\n<em>Varg\u00e1n\u00e9 Neller Borb\u00e1la T\u00fcnde<\/em><br \/>\n<em>k\u00f6nyvt\u00e1ros<\/em><\/p>\n<p><strong>A B\u00e9k\u00e9s Megyei K\u00f6nyvt\u00e1rell\u00e1t\u00e1si Szolg\u00e1ltat\u00f3 Rendszer k\u00f6nyvt\u00e1ri szolg\u00e1ltat\u00f3 helyeinek haszn\u00e1lati szab\u00e1lyzata<\/strong><\/p>\n<p>A k\u00f6nyvt\u00e1r nyilv\u00e1nos szolg\u00e1ltat\u00e1sainak ig\u00e9nybev\u00e9tel\u00e9re minden k\u00f6nyvt\u00e1rhaszn\u00e1l\u00f3 jogosult, aki a k\u00f6nyvt\u00e1rhaszn\u00e1lati szab\u00e1lyzatot mag\u00e1ra n\u00e9zve k\u00f6telez\u0151en elismeri, adatait regisztr\u00e1ltatja.<\/p>\n<p><strong>A K\u00f6nyvt\u00e1r, Inform\u00e1ci\u00f3s \u00e9s K\u00f6z\u00f6ss\u00e9gi Hely k\u00f6nyvt\u00e1ri tags\u00e1ggal, ingyenesen ig\u00e9nybe vehet\u0151 alapszolg\u00e1ltat\u00e1sai:<\/strong><\/p>\n<p>&#8211;\u00a0 a k\u00f6nyvt\u00e1rl\u00e1togat\u00e1s<br \/>\n&#8211;\u00a0 k\u00f6lcs\u00f6nz\u00e9s<br \/>\n&#8211;\u00a0 el\u0151jegyz\u00e9s<br \/>\n&#8211;\u00a0 k\u00f6nyvt\u00e1rk\u00f6zi k\u00f6lcs\u00f6nz\u00e9s (kiv\u00e9ve postak\u00f6lts\u00e9g)<br \/>\n&#8211;\u00a0 internethaszn\u00e1lat<br \/>\n&#8211;\u00a0 foly\u00f3iratolvas\u00f3-\u00f6vezet haszn\u00e1lata<br \/>\n&#8211;\u00a0 az \u00e1llom\u00e1nyfelt\u00e1r\u00f3 eszk\u00f6z\u00f6k (katal\u00f3gusok) haszn\u00e1lata<br \/>\n&#8211;\u00a0 inform\u00e1ci\u00f3 a k\u00f6nyvt\u00e1r \u00e9s a k\u00f6nyvt\u00e1ri rendszer szolg\u00e1ltat\u00e1sair\u00f3l<\/p>\n<p>A K\u00f6nyvt\u00e1r, Inform\u00e1ci\u00f3s \u00e9s K\u00f6z\u00f6ss\u00e9gi Hely az \u00e9rv\u00e9nyes d\u00edjt\u00e1bl\u00e1zatnak megfelel\u0151en k\u00f6nyvt\u00e1ri tags\u00e1g n\u00e9lk\u00fcl is ig\u00e9nybe vehet\u0151 t\u00e9r\u00edt\u00e9ses szolg\u00e1ltat\u00e1sai:<\/p>\n<p>&#8211;\u00a0 nyomtat\u00e1s<br \/>\n&#8211;\u00a0 f\u00e9nym\u00e1sol\u00e1s<br \/>\n&#8211;\u00a0 szkennel\u00e9s<br \/>\n&#8211;\u00a0 lamin\u00e1l\u00e1s<\/p>\n<p><strong>Beiratkoz\u00e1s, regisztr\u00e1l\u00e1s: A beiratkoz\u00e1s d\u00edjtalan.<\/strong><\/p>\n<p>Beiratkoz\u00e1skor (regisztr\u00e1ci\u00f3kor) a k\u00f6vetkez\u0151 szem\u00e9lyes adatokat kell megadni \u00e9s igazolni:<br \/>\n&#8211; n\u00e9v (sz\u00fclet\u00e9si n\u00e9v)<br \/>\n&#8211; sz\u00fclet\u00e9si hely \u00e9s id\u0151<br \/>\n&#8211; anyja neve<br \/>\n&#8211; lakc\u00edm (ideiglenes lakc\u00edm)<\/p>\n<p>A szem\u00e9lyes adatok igazol\u00e1s\u00e1hoz szem\u00e9lyi igazolv\u00e1ny vagy \u00fatlev\u00e9l \u00e9s lakc\u00edmigazol\u00f3 k\u00e1rtya sz\u00fcks\u00e9ges. A szolg\u00e1ltat\u00f3 hely a k\u00f6telez\u0151 szem\u00e9lyi adatokon k\u00edv\u00fcl, a kapcsolattart\u00e1s \u00e9rdek\u00e9ben a beiratkoz\u00f3 f\u00e9l hozz\u00e1j\u00e1rul\u00e1s\u00e1val tov\u00e1bbi szem\u00e9lyi adatokat is regisztr\u00e1l. Ezen adatok megad\u00e1sa \u00f6nk\u00e9ntes, a k\u00f6nyvt\u00e1rhaszn\u00e1lat felt\u00e9teleit nem befoly\u00e1solja:<\/p>\n<p>&#8211; telefonsz\u00e1m<br \/>\n&#8211; e-mail c\u00edm<br \/>\n&#8211; foglalkoz\u00e1s \u00e9s munkahely<\/p>\n<p>A szolg\u00e1ltat\u00f3 hely a szem\u00e9lyi adatok v\u00e9delm\u00e9r\u0151l az idevonatkoz\u00f3 jogszab\u00e1lyok szerint gondoskodik. \u00d6n\u00e1ll\u00f3 keresettel nem rendelkez\u0151 szem\u00e9lyeknek egy j\u00f3t\u00e1ll\u00f3 kezess\u00e9gv\u00e1llal\u00e1sa sz\u00fcks\u00e9ges. K\u00fclf\u00f6ldi \u00e1llampolg\u00e1r, 18 \u00e9ven fel\u00fcli magyar \u00e1llampolg\u00e1r kezess\u00e9gv\u00e1llal\u00e1sa seg\u00edts\u00e9g\u00e9vel v\u00e1lhat k\u00f6nyvt\u00e1rtagg\u00e1.<\/p>\n<p>A k\u00f6nyvt\u00e1ri tags\u00e1g felf\u00fcggeszt\u00e9se.<\/p>\n<p>A k\u00f6nyvt\u00e1ri szolg\u00e1ltat\u00f3 hely ideiglenesen megtagadhatja a szolg\u00e1ltat\u00e1sok teljes\u00edt\u00e9s\u00e9t att\u00f3l, akinek tartoz\u00e1sa van, illetve a k\u00f6nyvt\u00e1r haszn\u00e1lat\u00e1ra vonatkoz\u00f3 szab\u00e1lyokat megszegi. Eltilthat\u00f3 a k\u00f6nyvt\u00e1r haszn\u00e1lat\u00e1t\u00f3l az, akinek a magatart\u00e1sa a t\u00f6bbi k\u00f6nyvt\u00e1rhaszn\u00e1l\u00f3t jogai gyakorl\u00e1s\u00e1ban akad\u00e1lyozza vagy eg\u00e9szs\u00e9g\u00e9t vesz\u00e9lyezteti.<\/p>\n<p>Panaszkezel\u00e9s<\/p>\n<p>A szolg\u00e1ltat\u00f3 hely l\u00e1togat\u00f3ja, haszn\u00e1l\u00f3ja, amennyiben a szolg\u00e1ltat\u00f3 hely dolgoz\u00f3j\u00e1nak valamilyen int\u00e9zked\u00e9s\u00e9t s\u00e9relmezi, kifog\u00e1solja, panasz\u00e1val fordulhat a helyi \u00f6nkorm\u00e1nyzat k\u00e9pvisel\u0151 test\u00fclet\u00e9hez, illetve a szolg\u00e1ltat\u00e1st m\u0171k\u00f6dtet\u0151 B\u00e9k\u00e9s Megyei K\u00f6nyvt\u00e1r igazgat\u00f3j\u00e1hoz B\u00e9k\u00e9s Megyei K\u00f6nyvt\u00e1r, B\u00e9k\u00e9scsaba, Kiss E. u. 3. Tel.: 66\/530-200<\/p>\n<p>K\u00f6lcs\u00f6nz\u00e9s, hosszabb\u00edt\u00e1s, felsz\u00f3l\u00edt\u00e1s, el\u0151jegyz\u00e9s, internethaszn\u00e1lat<\/p>\n<p>&#8211; Egyszerre 8 db dokumentum k\u00f6lcs\u00f6n\u00f6zhet\u0151 28 napra. A k\u00e9zik\u00f6nyvek k\u00f6lcs\u00f6nz\u00e9se egyedi elb\u00edr\u00e1l\u00e1s alapj\u00e1n t\u00f6rt\u00e9nik.<br \/>\n&#8211; Hosszabb\u00edt\u00e1s k\u00e9rhet\u0151 k\u00e9t alkalommal \u2013 amennyiben a dokumentumra nincs el\u0151jegyz\u00e9s \u2013 szem\u00e9lyesen, telefonon, e-mailben.<br \/>\n&#8211; Az olvas\u00f3 k\u00f6teles a dokumentumokat a megadott hat\u00e1rid\u0151 lej\u00e1rt\u00e1ig visszahozni, vagy hosszabb\u00edt\u00e1st k\u00e9rni.<br \/>\n&#8211; K\u00e9sedelem eset\u00e9n a k\u00f6nyvt\u00e1r felsz\u00f3l\u00edt\u00e1st k\u00fcld. A k\u00e9sedelmes olvas\u00f3t az aktu\u00e1lis d\u00edjt\u00e1bla szerinti anyagi felel\u0151ss\u00e9g terheli. A t\u00fcrelmi id\u0151 (6 nap) lej\u00e1rta ut\u00e1n a lej\u00e1rati id\u0151h\u00f6z k\u00e9pest a 7. napon azonban a k\u00e9sedelmi d\u00edj visszamen\u0151leg a k\u00e9s\u00e9s napj\u00e1t\u00f3l fizetend\u0151.<br \/>\n&#8211; El\u0151jegyz\u00e9s k\u00e9rhet\u0151, ha a keresett dokumentum k\u00f6lcs\u00f6nz\u00e9sben van. A be\u00e9rkez\u00e9sr\u0151l az olvas\u00f3 e-mailben \u00e9rtes\u00edt\u00e9st kap.<br \/>\n&#8211; K\u00f6nyvt\u00e1rk\u00f6zi k\u00f6lcs\u00f6nz\u00e9st biztos\u00edtunk beiratkozott olvas\u00f3k r\u00e9sz\u00e9re, amennyiben az olvas\u00f3nak a gy\u0171jtem\u00e9ny\u00fcnkben nem tal\u00e1lhat\u00f3 dokumentumra van sz\u00fcks\u00e9ge. Az ily m\u00f3don k\u00f6lcs\u00f6nz\u00f6tt dokumentumok haszn\u00e1lat\u00e1nak felt\u00e9teleit a k\u00f6lcs\u00f6nad\u00f3 k\u00f6nyvt\u00e1r szabja meg, az \u00e1ltala k\u00e9rt t\u00e9r\u00edt\u00e9si d\u00edjat pedig a dokumentumot (f\u00e9nym\u00e1solatot) ig\u00e9nyl\u0151 olvas\u00f3nak kell megt\u00e9r\u00edtenie.<\/p>\n<p>Sz\u00e1m\u00edt\u00f3g\u00e9p- \u00e9s internethaszn\u00e1lati szab\u00e1lyok<\/p>\n<p>&#8211; Tilosak az \u00e9rv\u00e9nyes magyar t\u00f6rv\u00e9nyekbe \u00fctk\u00f6z\u0151 cselekm\u00e9nyek, ide\u00e9rtve a k\u00f6vetkez\u0151ket, de nem korl\u00e1toz\u00f3dva ezekre:<br \/>\n&#8211; m\u00e1sok szem\u00e9lyis\u00e9gi jogainak megs\u00e9rt\u00e9se; tiltott haszonszerz\u00e9sre ir\u00e1nyul\u00f3 tev\u00e9kenys\u00e9g (pl. piramis-, pil\u00f3taj\u00e1t\u00e9k); a szerz\u0151i jogok megs\u00e9rt\u00e9se; software sz\u00e1nd\u00e9kos \u00e9s tudatos illeg\u00e1lis terjeszt\u00e9se,<br \/>\n&#8211; m\u00e1sokra n\u00e9zve s\u00e9rt\u0151, m\u00e1sok vall\u00e1si, etnikai, politikai vagy m\u00e1s jelleg\u0171 \u00e9rz\u00e9kenys\u00e9g\u00e9t s\u00e9rt\u0151, m\u00e1sokat zaklat\u00f3 tev\u00e9kenys\u00e9g, tov\u00e1bb\u00e1 a k\u00f6z\u00edzl\u00e9st \u00e9s a k\u00f6zszem\u00e9rmet s\u00e9rt\u0151 internetes oldalak l\u00e1togat\u00e1sa (pl. pornogr\u00e1f anyagok k\u00f6zz\u00e9t\u00e9tele),- m\u00e1sok munk\u00e1j\u00e1nak indokolatlan \u00e9s t\u00falzott m\u00e9rt\u00e9k\u0171 zavar\u00e1sa vagy akad\u00e1lyoz\u00e1sa (pl. k\u00e9retlen levelek k\u00fcld\u00e9se).<\/p>\n<p>&#8211; Az internet-el\u00e9r\u00e9si lehet\u0151s\u00e9g k\u00f6nyvt\u00e1runkban az inform\u00e1ci\u00f3keres\u00e9st, a m\u0171vel\u0151d\u00e9st \u00e9s a kultur\u00e1lt sz\u00f3rakoz\u00e1st szolg\u00e1lja. A haszn\u00e1lati szab\u00e1lyzat be nem tart\u00e1sa, a k\u00f6z\u00edzl\u00e9st \u00e9s a k\u00f6zszem\u00e9rmet s\u00e9rt\u0151 k\u00e9pek, honlapok l\u00e1togat\u00e1sa a sz\u00e1m\u00edt\u00f3g\u00e9phaszn\u00e1latb\u00f3l val\u00f3 kiz\u00e1r\u00e1st vonja maga ut\u00e1n.- A sz\u00e1m\u00edt\u00f3g\u00e9pek merevlemez\u00e9re \u00edrt dokumentumok, let\u00f6lt\u00f6tt vagy telep\u00edtett programok a g\u00e9p \u00fajraind\u00edt\u00e1sakor automatikusan t\u00f6rl\u0151dnek, ez\u00e9rt amit meg k\u00edv\u00e1n \u0151rizni \u2013 saj\u00e1t \u00e9rdek\u00e9ben \u2013 mentse, pendrive-ra. CD haszn\u00e1lata lehets\u00e9ges, de CD-re \u00edrni nem lehet.<br \/>\n&#8211; A katal\u00f3gusb\u00f3l, az adatb\u00e1zisokb\u00f3l, internetr\u0151l, let\u00f6lt\u00f6tt dokumentumokat az \u00e9rv\u00e9nyes d\u00edjt\u00e1bl\u00e1ban foglaltaknak megfelel\u0151en d\u00edj\u00e9rt lehet nyomtatni.<\/p>\n<p>Egy\u00e9b rendelkez\u00e9sek<\/p>\n<p>A k\u00f6nyvt\u00e1r \u00e1llom\u00e1ny\u00e1t \u00e9s szolg\u00e1ltat\u00e1sait csak rendeltet\u00e9sszer\u0171en szabad haszn\u00e1lni, a k\u00e1rt okoz\u00f3k k\u00f6telesek az okozott k\u00e1rt megt\u00e9r\u00edteni.<br \/>\nA l\u00e1togat\u00f3k magatart\u00e1sa, k\u00f6nyvt\u00e1rhaszn\u00e1lata nem zavarhatja m\u00e1sok k\u00f6nyvt\u00e1rhaszn\u00e1lat\u00e1t. K\u00fcl\u00f6n\u00f6sen indokolt esetben (sorozatos k\u00e1rokoz\u00e1s, szab\u00e1lyszeg\u00e9s stb.) a k\u00f6nyvt\u00e1r haszn\u00e1lat\u00e1t\u00f3l az olvas\u00f3 id\u0151legesen vagy v\u00e9glegesen eltilthat\u00f3.<br \/>\nA k\u00f6nyvt\u00e1ri szolg\u00e1ltat\u00f3 hely nyilv\u00e1nos tereiben \u00e9tkezni tilos, doh\u00e1nyozni csak az arra kijel\u00f6lt helyen szabad.<br \/>\nAz \u00e1polatlan megjelen\u00e9ssel nem szabad m\u00e1sok k\u00f6nyvt\u00e1rhaszn\u00e1lat megzavarni.<br \/>\nA k\u00f6nyvt\u00e1ri szolg\u00e1ltat\u00e1sok alkoholos \u00e1llapotban nem vehet\u0151k ig\u00e9nybe.<br \/>\nA szolg\u00e1ltat\u00f3 hely a l\u00e1togat\u00f3k \u00e9rt\u00e9kt\u00e1rgyai\u00e9rt, k\u00e9szp\u00e9nz\u00e9\u00e9rt nem v\u00e1llal felel\u0151ss\u00e9get.<\/p>\n","protected":false},"excerpt":{"rendered":"<p>A K\u00d6NYVT\u00c1R NYITVATART\u00c1SA: h\u00e9tf\u0151: z\u00e1rva kedd: 14-18 \u00f3ra szerda: 10-12 \u00f3ra cs\u00fct\u00f6rt\u00f6k: 14-16 \u00f3ra p\u00e9ntek: 10-12 \u00f3ra szombat, vas\u00e1rnap: z\u00e1rva A kardosk\u00fati M\u00f3ra Ferenc M\u0171vel\u0151d\u00e9si H\u00e1z \u00e9s K\u00f6zs\u00e9gi K\u00f6nyvt\u00e1r a telep\u00fcl\u00e9s k\u00f6z\u00f6ss\u00e9gi \u00e9let\u00e9nek egyik sz\u00ednterek\u00e9nt k\u00f6nyvt\u00e1ri gy\u0171jtem\u00e9ny\u00e9t folyamatosan fejleszti, felt\u00e1rja, meg\u0151rzi, gondozza \u00e9s a nyilv\u00e1noss\u00e1g \u00e9s az es\u00e9lyegyenl\u0151s\u00e9g jegy\u00e9ben rendelkez\u00e9sre bocs\u00e1tja. A fenntart\u00f3 Kardosk\u00fat K\u00f6zs\u00e9g &hellip; <\/p>\n<p class=\"link-more\"><a href=\"https:\/\/www.kardoskut.hu\/?page_id=3049\" class=\"more-link\"><span class=\"screen-reader-text\">&#8222;K\u00f6nyvt\u00e1r&#8221;<\/span> b\u0151vebben<\/a><\/p>\n","protected":false},"author":1,"featured_media":0,"parent":166,"menu_order":0,"comment_status":"closed","ping_status":"closed","template":"","meta":{"footnotes":""},"class_list":["post-3049","page","type-page","status-publish","hentry"],"_links":{"self":[{"href":"https:\/\/www.kardoskut.hu\/index.php?rest_route=\/wp\/v2\/pages\/3049","targetHints":{"allow":["GET"]}}],"collection":[{"href":"https:\/\/www.kardoskut.hu\/index.php?rest_route=\/wp\/v2\/pages"}],"about":[{"href":"https:\/\/www.kardoskut.hu\/index.php?rest_route=\/wp\/v2\/types\/page"}],"author":[{"embeddable":true,"href":"https:\/\/www.kardoskut.hu\/index.php?rest_route=\/wp\/v2\/users\/1"}],"replies":[{"embeddable":true,"href":"https:\/\/www.kardoskut.hu\/index.php?rest_route=%2Fwp%2Fv2%2Fcomments&post=3049"}],"version-history":[{"count":5,"href":"https:\/\/www.kardoskut.hu\/index.php?rest_route=\/wp\/v2\/pages\/3049\/revisions"}],"predecessor-version":[{"id":8085,"href":"https:\/\/www.kardoskut.hu\/index.php?rest_route=\/wp\/v2\/pages\/3049\/revisions\/8085"}],"up":[{"embeddable":true,"href":"https:\/\/www.kardoskut.hu\/index.php?rest_route=\/wp\/v2\/pages\/166"}],"wp:attachment":[{"href":"https:\/\/www.kardoskut.hu\/index.php?rest_route=%2Fwp%2Fv2%2Fmedia&parent=3049"}],"curies":[{"name":"wp","href":"https:\/\/api.w.org\/{rel}","templated":true}]}}