{"id":3045,"date":"2019-02-12T05:51:54","date_gmt":"2019-02-12T05:51:54","guid":{"rendered":"http:\/\/www.kardoskut.hu\/?page_id=3045"},"modified":"2026-02-02T09:47:26","modified_gmt":"2026-02-02T09:47:26","slug":"edzoterem","status":"publish","type":"page","link":"https:\/\/www.kardoskut.hu\/?page_id=3045","title":{"rendered":"Edz\u0151terem"},"content":{"rendered":"<p style=\"text-align: center;\"><strong>EDZ\u0150TEREM <\/strong><\/p>\n<p style=\"text-align: center;\"><strong>NYITVA TART\u00c1SA:<\/strong><\/p>\n<p style=\"text-align: center;\">H\u00e9tk\u00f6znapokon:<\/p>\n<p style=\"text-align: center;\">9-12 \u00e9s 13-19 \u00f3ra k\u00f6z\u00f6tt<\/p>\n<p style=\"text-align: center;\">Szombaton: 15-18 \u00f3ra<\/p>\n<p style=\"text-align: center;\"><em>(kiv\u00e9tel rendezv\u00e9nyek idej\u00e9n)<\/em><\/p>\n<p style=\"text-align: center;\"><span style=\"color: #ff0000;\"><strong><u>T\u00e9li f\u0171t\u00e9si id\u0151szakban:<\/u><\/strong><\/span><\/p>\n<p style=\"text-align: center;\">h\u00e9tf\u0151-szerda-p\u00e9ntek: 13-19 \u00f3ra k\u00f6z\u00f6tt<\/p>\n<p style=\"text-align: center;\">kedd \u00e9s cs\u00fct\u00f6rt\u00f6k\u00f6n: 13-17.30-ig, ut\u00e1na csoportos mozg\u00e1sfoglalkoz\u00e1sok<\/p>\n","protected":false},"excerpt":{"rendered":"<p>EDZ\u0150TEREM NYITVA TART\u00c1SA: H\u00e9tk\u00f6znapokon: 9-12 \u00e9s 13-19 \u00f3ra k\u00f6z\u00f6tt Szombaton: 15-18 \u00f3ra (kiv\u00e9tel rendezv\u00e9nyek idej\u00e9n) T\u00e9li f\u0171t\u00e9si id\u0151szakban: h\u00e9tf\u0151-szerda-p\u00e9ntek: 13-19 \u00f3ra k\u00f6z\u00f6tt kedd \u00e9s cs\u00fct\u00f6rt\u00f6k\u00f6n: 13-17.30-ig, ut\u00e1na csoportos mozg\u00e1sfoglalkoz\u00e1sok<\/p>\n","protected":false},"author":1,"featured_media":0,"parent":166,"menu_order":0,"comment_status":"closed","ping_status":"closed","template":"","meta":{"footnotes":""},"class_list":["post-3045","page","type-page","status-publish","hentry"],"_links":{"self":[{"href":"https:\/\/www.kardoskut.hu\/index.php?rest_route=\/wp\/v2\/pages\/3045","targetHints":{"allow":["GET"]}}],"collection":[{"href":"https:\/\/www.kardoskut.hu\/index.php?rest_route=\/wp\/v2\/pages"}],"about":[{"href":"https:\/\/www.kardoskut.hu\/index.php?rest_route=\/wp\/v2\/types\/page"}],"author":[{"embeddable":true,"href":"https:\/\/www.kardoskut.hu\/index.php?rest_route=\/wp\/v2\/users\/1"}],"replies":[{"embeddable":true,"href":"https:\/\/www.kardoskut.hu\/index.php?rest_route=%2Fwp%2Fv2%2Fcomments&post=3045"}],"version-history":[{"count":3,"href":"https:\/\/www.kardoskut.hu\/index.php?rest_route=\/wp\/v2\/pages\/3045\/revisions"}],"predecessor-version":[{"id":8084,"href":"https:\/\/www.kardoskut.hu\/index.php?rest_route=\/wp\/v2\/pages\/3045\/revisions\/8084"}],"up":[{"embeddable":true,"href":"https:\/\/www.kardoskut.hu\/index.php?rest_route=\/wp\/v2\/pages\/166"}],"wp:attachment":[{"href":"https:\/\/www.kardoskut.hu\/index.php?rest_route=%2Fwp%2Fv2%2Fmedia&parent=3045"}],"curies":[{"name":"wp","href":"https:\/\/api.w.org\/{rel}","templated":true}]}}