{"id":3041,"date":"2019-02-12T05:49:26","date_gmt":"2019-02-12T05:49:26","guid":{"rendered":"http:\/\/www.kardoskut.hu\/?page_id=3041"},"modified":"2026-02-13T09:14:08","modified_gmt":"2026-02-13T09:14:08","slug":"csoportok-klubok","status":"publish","type":"page","link":"https:\/\/www.kardoskut.hu\/?page_id=3041","title":{"rendered":"Csoportok, klubok"},"content":{"rendered":"<p><u>\u00c1lland\u00f3 csoportok id\u0151pontjai:<\/u><\/p>\n<p><strong>Zumba<\/strong>: h\u00e9tf\u0151 17.45-18.45 \u00f3ra k\u00f6z\u00f6tt,<br \/>\nvezeti T\u00f6rtei L\u00e1szl\u00f3<\/p>\n<p><strong>Eg\u00e9szs\u00e9gmeg\u0151rz\u0151 torna:<\/strong> kedd 17.30-18.30 \u00f3ra k\u00f6z\u00f6tt,<br \/>\nvezeti Kosty\u00f3n\u00e9 Kocs\u00e1ny Kitti<\/p>\n<p><strong>Aerobic: <\/strong>cs\u00fct\u00f6rt\u00f6k 17.45-18.45 \u00f3ra k\u00f6z\u00f6tt,<br \/>\nvezeti Kov\u00e1cs Henrietta<\/p>\n<p><strong>Nyugd\u00edjas klub:<\/strong> k\u00e9thetente kedden 17 \u00f3r\u00e1t\u00f3l (t\u00e9li d\u0151sz\u00e1m\u00edt\u00e1s idej\u00e9n)<br \/>\n18 \u00f3r\u00e1t\u00f3l (ny\u00e1ri id\u0151sz\u00e1m\u00edt\u00e1s idej\u00e9n),<br \/>\nvezeti Varg\u00e1n\u00e9 Neller Borb\u00e1la T\u00fcnde<\/p>\n","protected":false},"excerpt":{"rendered":"<p>\u00c1lland\u00f3 csoportok id\u0151pontjai: Zumba: h\u00e9tf\u0151 17.45-18.45 \u00f3ra k\u00f6z\u00f6tt, vezeti T\u00f6rtei L\u00e1szl\u00f3 Eg\u00e9szs\u00e9gmeg\u0151rz\u0151 torna: kedd 17.30-18.30 \u00f3ra k\u00f6z\u00f6tt, vezeti Kosty\u00f3n\u00e9 Kocs\u00e1ny Kitti Aerobic: cs\u00fct\u00f6rt\u00f6k 17.45-18.45 \u00f3ra k\u00f6z\u00f6tt, vezeti Kov\u00e1cs Henrietta Nyugd\u00edjas klub: k\u00e9thetente kedden 17 \u00f3r\u00e1t\u00f3l (t\u00e9li d\u0151sz\u00e1m\u00edt\u00e1s idej\u00e9n) 18 \u00f3r\u00e1t\u00f3l (ny\u00e1ri id\u0151sz\u00e1m\u00edt\u00e1s idej\u00e9n), vezeti Varg\u00e1n\u00e9 Neller Borb\u00e1la T\u00fcnde<\/p>\n","protected":false},"author":1,"featured_media":0,"parent":166,"menu_order":0,"comment_status":"closed","ping_status":"closed","template":"","meta":{"footnotes":""},"class_list":["post-3041","page","type-page","status-publish","hentry"],"_links":{"self":[{"href":"https:\/\/www.kardoskut.hu\/index.php?rest_route=\/wp\/v2\/pages\/3041","targetHints":{"allow":["GET"]}}],"collection":[{"href":"https:\/\/www.kardoskut.hu\/index.php?rest_route=\/wp\/v2\/pages"}],"about":[{"href":"https:\/\/www.kardoskut.hu\/index.php?rest_route=\/wp\/v2\/types\/page"}],"author":[{"embeddable":true,"href":"https:\/\/www.kardoskut.hu\/index.php?rest_route=\/wp\/v2\/users\/1"}],"replies":[{"embeddable":true,"href":"https:\/\/www.kardoskut.hu\/index.php?rest_route=%2Fwp%2Fv2%2Fcomments&post=3041"}],"version-history":[{"count":4,"href":"https:\/\/www.kardoskut.hu\/index.php?rest_route=\/wp\/v2\/pages\/3041\/revisions"}],"predecessor-version":[{"id":8116,"href":"https:\/\/www.kardoskut.hu\/index.php?rest_route=\/wp\/v2\/pages\/3041\/revisions\/8116"}],"up":[{"embeddable":true,"href":"https:\/\/www.kardoskut.hu\/index.php?rest_route=\/wp\/v2\/pages\/166"}],"wp:attachment":[{"href":"https:\/\/www.kardoskut.hu\/index.php?rest_route=%2Fwp%2Fv2%2Fmedia&parent=3041"}],"curies":[{"name":"wp","href":"https:\/\/api.w.org\/{rel}","templated":true}]}}