{"id":297,"date":"2017-11-07T12:29:17","date_gmt":"2017-11-07T12:29:17","guid":{"rendered":"http:\/\/new.kardoskut.hu\/?page_id=297"},"modified":"2017-11-07T12:33:17","modified_gmt":"2017-11-07T12:33:17","slug":"2014-evi-kozbeszerzes","status":"publish","type":"page","link":"https:\/\/www.kardoskut.hu\/?page_id=297","title":{"rendered":"2014. \u00e9vi k\u00f6zbeszerz\u00e9s"},"content":{"rendered":"<p><a href=\"http:\/\/new.kardoskut.hu\/?attachment_id=298\"><img loading=\"lazy\" decoding=\"async\" class=\"alignleft wp-image-298 size-large\" src=\"http:\/\/new.kardoskut.hu\/wp-content\/uploads\/2017\/11\/kozbesz_terv_2014-1024x705.jpg\" alt=\"\" width=\"525\" height=\"361\" srcset=\"https:\/\/www.kardoskut.hu\/wp-content\/uploads\/2017\/11\/kozbesz_terv_2014-1024x705.jpg 1024w, https:\/\/www.kardoskut.hu\/wp-content\/uploads\/2017\/11\/kozbesz_terv_2014-300x207.jpg 300w, https:\/\/www.kardoskut.hu\/wp-content\/uploads\/2017\/11\/kozbesz_terv_2014-768x529.jpg 768w\" sizes=\"auto, (max-width: 525px) 100vw, 525px\" \/><\/a><\/p>\n<p>&nbsp;<\/p>\n<p>&nbsp;<\/p>\n<p><a href=\"http:\/\/new.kardoskut.hu\/wp-content\/uploads\/kozbeszerzes\/kozbesz_2014_porsche.pdf\">Kardosk\u00fat K\u00f6zs\u00e9g \u00d6nkorm\u00e1nyzata g\u00e9pj\u00e1rm\u0171beszerz\u00e9s ad\u00e1sv\u00e9teli szerz\u0151d\u00e9se. (Porsche Inter Auto Hungaria Kft.)<\/a><\/p>\n<p><a href=\"http:\/\/new.kardoskut.hu\/wp-content\/uploads\/kozbeszerzes\/vallalkozoi_szerzodes_muvhaz_2014_06.pdf\">V\u00e1llalkoz\u00f3i szerz\u0151d\u00e9s a m\u0171vel\u0151d\u00e9si h\u00e1z fel\u00faj\u00edt\u00e1s\u00e1r\u00f3l. (2014. m\u00e1jus 21.)<\/a><\/p>\n","protected":false},"excerpt":{"rendered":"<p>&nbsp; &nbsp; Kardosk\u00fat K\u00f6zs\u00e9g \u00d6nkorm\u00e1nyzata g\u00e9pj\u00e1rm\u0171beszerz\u00e9s ad\u00e1sv\u00e9teli szerz\u0151d\u00e9se. (Porsche Inter Auto Hungaria Kft.) V\u00e1llalkoz\u00f3i szerz\u0151d\u00e9s a m\u0171vel\u0151d\u00e9si h\u00e1z fel\u00faj\u00edt\u00e1s\u00e1r\u00f3l. (2014. m\u00e1jus 21.)<\/p>\n","protected":false},"author":1,"featured_media":0,"parent":287,"menu_order":0,"comment_status":"closed","ping_status":"closed","template":"","meta":{"footnotes":""},"class_list":["post-297","page","type-page","status-publish","hentry"],"_links":{"self":[{"href":"https:\/\/www.kardoskut.hu\/index.php?rest_route=\/wp\/v2\/pages\/297","targetHints":{"allow":["GET"]}}],"collection":[{"href":"https:\/\/www.kardoskut.hu\/index.php?rest_route=\/wp\/v2\/pages"}],"about":[{"href":"https:\/\/www.kardoskut.hu\/index.php?rest_route=\/wp\/v2\/types\/page"}],"author":[{"embeddable":true,"href":"https:\/\/www.kardoskut.hu\/index.php?rest_route=\/wp\/v2\/users\/1"}],"replies":[{"embeddable":true,"href":"https:\/\/www.kardoskut.hu\/index.php?rest_route=%2Fwp%2Fv2%2Fcomments&post=297"}],"version-history":[{"count":3,"href":"https:\/\/www.kardoskut.hu\/index.php?rest_route=\/wp\/v2\/pages\/297\/revisions"}],"predecessor-version":[{"id":303,"href":"https:\/\/www.kardoskut.hu\/index.php?rest_route=\/wp\/v2\/pages\/297\/revisions\/303"}],"up":[{"embeddable":true,"href":"https:\/\/www.kardoskut.hu\/index.php?rest_route=\/wp\/v2\/pages\/287"}],"wp:attachment":[{"href":"https:\/\/www.kardoskut.hu\/index.php?rest_route=%2Fwp%2Fv2%2Fmedia&parent=297"}],"curies":[{"name":"wp","href":"https:\/\/api.w.org\/{rel}","templated":true}]}}