{"id":2863,"date":"2018-12-05T05:06:37","date_gmt":"2018-12-05T05:06:37","guid":{"rendered":"http:\/\/www.kardoskut.hu\/?page_id=2863"},"modified":"2024-02-06T20:42:05","modified_gmt":"2024-02-06T20:42:05","slug":"fogaszat","status":"publish","type":"page","link":"https:\/\/www.kardoskut.hu\/?page_id=2863","title":{"rendered":"Fog\u00e1szat"},"content":{"rendered":"<p><strong>Fogorvos: Dr. T\u00f3th M\u00e1t\u00e9<\/strong><br \/>\n<em>Asszisztens: T\u00e9renn\u00e9 Veres T\u00fcnde<\/em><\/p>\n<p>-rendel\u00e9s helye: 5945, Kardosk\u00fat, Pet\u0151fi u. 12.<\/p>\n<p><a href=\"https:\/\/www.kardoskut.hu\/wp-content\/uploads\/2024\/02\/fogaszat_2024_02-scaled.jpg\"><img loading=\"lazy\" decoding=\"async\" class=\"alignnone size-large wp-image-6737\" src=\"https:\/\/www.kardoskut.hu\/wp-content\/uploads\/2024\/02\/fogaszat_2024_02-1024x724.jpg\" alt=\"\" width=\"525\" height=\"371\" srcset=\"https:\/\/www.kardoskut.hu\/wp-content\/uploads\/2024\/02\/fogaszat_2024_02-1024x724.jpg 1024w, https:\/\/www.kardoskut.hu\/wp-content\/uploads\/2024\/02\/fogaszat_2024_02-300x212.jpg 300w, https:\/\/www.kardoskut.hu\/wp-content\/uploads\/2024\/02\/fogaszat_2024_02-768x543.jpg 768w, https:\/\/www.kardoskut.hu\/wp-content\/uploads\/2024\/02\/fogaszat_2024_02-1536x1086.jpg 1536w, https:\/\/www.kardoskut.hu\/wp-content\/uploads\/2024\/02\/fogaszat_2024_02-2048x1448.jpg 2048w\" sizes=\"auto, (max-width: 525px) 100vw, 525px\" \/><\/a><\/p>\n<p>A rendel\u00e9sre el\u0151zetes id\u0151pont egyeztet\u00e9s sz\u00fcks\u00e9ges a 06-20-245-1930-as sz\u00e1mon. Itt tudnak a betegek id\u0151pontot egyeztetni.<\/p>\n<p>&nbsp;<\/p>\n","protected":false},"excerpt":{"rendered":"<p>Fogorvos: Dr. T\u00f3th M\u00e1t\u00e9 Asszisztens: T\u00e9renn\u00e9 Veres T\u00fcnde -rendel\u00e9s helye: 5945, Kardosk\u00fat, Pet\u0151fi u. 12. A rendel\u00e9sre el\u0151zetes id\u0151pont egyeztet\u00e9s sz\u00fcks\u00e9ges a 06-20-245-1930-as sz\u00e1mon. Itt tudnak a betegek id\u0151pontot egyeztetni. &nbsp;<\/p>\n","protected":false},"author":1,"featured_media":0,"parent":131,"menu_order":0,"comment_status":"closed","ping_status":"closed","template":"","meta":{"footnotes":""},"class_list":["post-2863","page","type-page","status-publish","hentry"],"_links":{"self":[{"href":"https:\/\/www.kardoskut.hu\/index.php?rest_route=\/wp\/v2\/pages\/2863","targetHints":{"allow":["GET"]}}],"collection":[{"href":"https:\/\/www.kardoskut.hu\/index.php?rest_route=\/wp\/v2\/pages"}],"about":[{"href":"https:\/\/www.kardoskut.hu\/index.php?rest_route=\/wp\/v2\/types\/page"}],"author":[{"embeddable":true,"href":"https:\/\/www.kardoskut.hu\/index.php?rest_route=\/wp\/v2\/users\/1"}],"replies":[{"embeddable":true,"href":"https:\/\/www.kardoskut.hu\/index.php?rest_route=%2Fwp%2Fv2%2Fcomments&post=2863"}],"version-history":[{"count":2,"href":"https:\/\/www.kardoskut.hu\/index.php?rest_route=\/wp\/v2\/pages\/2863\/revisions"}],"predecessor-version":[{"id":6739,"href":"https:\/\/www.kardoskut.hu\/index.php?rest_route=\/wp\/v2\/pages\/2863\/revisions\/6739"}],"up":[{"embeddable":true,"href":"https:\/\/www.kardoskut.hu\/index.php?rest_route=\/wp\/v2\/pages\/131"}],"wp:attachment":[{"href":"https:\/\/www.kardoskut.hu\/index.php?rest_route=%2Fwp%2Fv2%2Fmedia&parent=2863"}],"curies":[{"name":"wp","href":"https:\/\/api.w.org\/{rel}","templated":true}]}}