{"id":154,"date":"2017-11-07T04:24:24","date_gmt":"2017-11-07T04:24:24","guid":{"rendered":"http:\/\/new.kardoskut.hu\/?page_id=154"},"modified":"2018-10-30T06:57:48","modified_gmt":"2018-10-30T06:57:48","slug":"letoltheto-dokumentumok","status":"publish","type":"page","link":"https:\/\/www.kardoskut.hu\/?page_id=154","title":{"rendered":"Let\u00f6lthet\u0151 dokumentumok"},"content":{"rendered":"<p>H\u00e1zirend: <a href=\"http:\/\/new.kardoskut.hu\/wp-content\/uploads\/2017\/11\/hazirend-2016-17.docx\">hazirend-2016-17<\/a><br \/>\nSzervezeti \u00e9s m\u0171k\u00f6d\u00e9si szab\u00e1lyzat: <a href=\"http:\/\/www.kardoskut.hu\/wp-content\/uploads\/2018\/10\/SZMSZ_\u00faj_jav-1.pdf\">SZMSZ<\/a><br \/>\nPedag\u00f3giai program: <a href=\"http:\/\/new.kardoskut.hu\/wp-content\/uploads\/2017\/11\/ovoda_ped_prog.pdf\">ovoda_ped_prog<\/a><\/p>\n","protected":false},"excerpt":{"rendered":"<p>H\u00e1zirend: hazirend-2016-17 Szervezeti \u00e9s m\u0171k\u00f6d\u00e9si szab\u00e1lyzat: SZMSZ Pedag\u00f3giai program: ovoda_ped_prog<\/p>\n","protected":false},"author":1,"featured_media":0,"parent":145,"menu_order":0,"comment_status":"closed","ping_status":"closed","template":"","meta":{"footnotes":""},"class_list":["post-154","page","type-page","status-publish","hentry"],"_links":{"self":[{"href":"https:\/\/www.kardoskut.hu\/index.php?rest_route=\/wp\/v2\/pages\/154","targetHints":{"allow":["GET"]}}],"collection":[{"href":"https:\/\/www.kardoskut.hu\/index.php?rest_route=\/wp\/v2\/pages"}],"about":[{"href":"https:\/\/www.kardoskut.hu\/index.php?rest_route=\/wp\/v2\/types\/page"}],"author":[{"embeddable":true,"href":"https:\/\/www.kardoskut.hu\/index.php?rest_route=\/wp\/v2\/users\/1"}],"replies":[{"embeddable":true,"href":"https:\/\/www.kardoskut.hu\/index.php?rest_route=%2Fwp%2Fv2%2Fcomments&post=154"}],"version-history":[{"count":3,"href":"https:\/\/www.kardoskut.hu\/index.php?rest_route=\/wp\/v2\/pages\/154\/revisions"}],"predecessor-version":[{"id":2791,"href":"https:\/\/www.kardoskut.hu\/index.php?rest_route=\/wp\/v2\/pages\/154\/revisions\/2791"}],"up":[{"embeddable":true,"href":"https:\/\/www.kardoskut.hu\/index.php?rest_route=\/wp\/v2\/pages\/145"}],"wp:attachment":[{"href":"https:\/\/www.kardoskut.hu\/index.php?rest_route=%2Fwp%2Fv2%2Fmedia&parent=154"}],"curies":[{"name":"wp","href":"https:\/\/api.w.org\/{rel}","templated":true}]}}