{"id":147,"date":"2017-11-07T04:18:44","date_gmt":"2017-11-07T04:18:44","guid":{"rendered":"http:\/\/new.kardoskut.hu\/?page_id=147"},"modified":"2023-12-17T13:04:31","modified_gmt":"2023-12-17T13:04:31","slug":"bemutatkozunk","status":"publish","type":"page","link":"https:\/\/www.kardoskut.hu\/?page_id=147","title":{"rendered":"Bemutatkozunk"},"content":{"rendered":"<p><img loading=\"lazy\" decoding=\"async\" class=\"alignleft size-large wp-image-148\" src=\"http:\/\/new.kardoskut.hu\/wp-content\/uploads\/2017\/11\/ovi_logo-1024x947.jpg\" alt=\"\" width=\"525\" height=\"486\" srcset=\"https:\/\/www.kardoskut.hu\/wp-content\/uploads\/2017\/11\/ovi_logo-1024x947.jpg 1024w, https:\/\/www.kardoskut.hu\/wp-content\/uploads\/2017\/11\/ovi_logo-300x277.jpg 300w, https:\/\/www.kardoskut.hu\/wp-content\/uploads\/2017\/11\/ovi_logo-768x710.jpg 768w\" sizes=\"auto, (max-width: 525px) 100vw, 525px\" \/><\/p>\n<p>&nbsp;<\/p>\n<p><a href=\"https:\/\/www.kardoskut.hu\/wp-content\/uploads\/2020\/11\/logo-1.png\"><img loading=\"lazy\" decoding=\"async\" class=\"alignnone wp-image-4897\" src=\"https:\/\/www.kardoskut.hu\/wp-content\/uploads\/2020\/11\/logo-1.png\" alt=\"\" width=\"515\" height=\"326\" \/><\/a><\/p>\n<p>Kardosk\u00fati\u00a0 Napk\u00f6ziotthonos \u00d3voda<br \/>\nC\u00edme: 5945 Kardosk\u00fat Kossuth utca 4.<br \/>\nTel.\/ Fax: 68-429-036<br \/>\ne-mail: <span id=\"cloak15972\"><a href=\"mailto:ovoda@kardoskut.hu\">ovoda@kardoskut.hu<\/a><\/span><\/p>\n<p><strong>\u00d3vod\u00e1nk nyitva tart\u00e1sa:<\/strong><\/p>\n<p>H\u00e9tf\u0151t\u0151l-p\u00e9ntekig: 6:30 \u2013 17:00 \u00f3r\u00e1ig<\/p>\n<p><strong>\u00d3vodavezet\u0151 \u00e9s \u00f3vodapedag\u00f3gus: Nyitrain\u00e9 Baranyi Gabriella<\/strong><strong>\u00a0<\/strong><\/p>\n<p><strong>\u00d3vodapedag\u00f3gus: K\u00fcrtin\u00e9 R\u00e1cz Anik\u00f3<\/strong><\/p>\n<p>Az int\u00e9zm\u00e9ny bemutat\u00e1sa:<\/p>\n<p>A Kardosk\u00fat K\u00f6zs\u00e9g \u00d6nkorm\u00e1nyzata \u00e1ltal fenntartott 800 m2-es ter\u00fcleten tal\u00e1lhat\u00f3 Kardosk\u00fati Napk\u00f6ziotthonos \u00d3voda \u2013 melyb\u0151l maga az \u00e9p\u00fclet 200 m2-en helyezkedik el \u2013 1961 \u00f3ta m\u0171k\u00f6dik jelenlegi hely\u00e9n. A telep\u00fcl\u00e9s k\u00f6zs\u00e9g jelleg\u00e9n\u00e9l fogva kertes \u00f6vezetben, csal\u00e1di h\u00e1zakt\u00f3l k\u00f6r\u00fcl \u00f6vezve, kisforgalm\u00fa utak ment\u00e9n helyezkedik el az int\u00e9zm\u00e9ny, ez\u00e1ltal biztos\u00edtott a tiszta leveg\u0151 a gyermekek sz\u00e1m\u00e1ra.<\/p>\n<p>Az \u00f3voda 2008. augusztus 1.-e \u00f3ta \u00f6n\u00e1ll\u00f3, f\u00fcggetlen int\u00e9zm\u00e9ny.<\/p>\n<p>A kezdetben osztatlan egycsoportos \u00f3voda 1975-ben b\u0151v\u00fclt egy foglalkoztat\u00f3 teremmel. Emellett k\u00fcl\u00f6n eb\u00e9dl\u0151ben \u00e9tkeznek a gyerekek, mely egyben tornateremk\u00e9nt is szolg\u00e1l.<\/p>\n<p>Az \u00e9p\u00fclet jelenlegi form\u00e1j\u00e1t 2009-ben nyerte el, amikor a ny\u00edl\u00e1sz\u00e1r\u00f3k cser\u00e9je \u00e9s a homlokzat h\u0151szigetel\u00e9se is megval\u00f3sult.<\/p>\n<p>A t\u00e1gas, f\u00fcves udvar biztos\u00edtja a megfelel\u0151 mozg\u00e1steret, a helyet a szabad leveg\u0151n t\u00f6lt\u00f6tt j\u00e1t\u00e9khoz, tev\u00e9kenys\u00e9gekhez. Itt tal\u00e1lhat\u00f3 homokoz\u00f3, babah\u00e1z, hint\u00e1k, rug\u00f3s hinta, fa m\u00e1sz\u00f3v\u00e1r, egyens\u00falyoz\u00f3 gerend\u00e1k, vir\u00e1goskert, vetem\u00e9nyes kert, komposzt\u00e1l\u00f3 l\u00e1da tov\u00e1bb\u00e1 egy f\u00e9lig nyitott, tet\u0151vel ell\u00e1tott, beton aljzat\u00fa szabadt\u00e9ri foglalkoz\u00e1sokra, tev\u00e9kenys\u00e9gekre alkalmas helys\u00e9g. Megfelel\u0151 \u00e1rnyas ter\u00fcletet biztos\u00edt\u00f3, enyhet ad\u00f3 lombos f\u00e1k \u00f3vj\u00e1k a gyermekeket a ny\u00e1ri naps\u00fct\u00e9st\u0151l.<\/p>\n<p>Int\u00e9zm\u00e9ny\u00fcnk 2018. okt\u00f3ber\u00e9ben megkapta a Mad\u00e1rbar\u00e1t \u00d3voda min\u0151s\u00edt\u00e9st.<\/p>\n<p>\u00d3vod\u00e1nk 2019. december\u00e9ben elnyerte a Z\u00f6ld \u00d3voda c\u00edmet.<\/p>\n<p>M\u0171k\u00f6d\u00e9si adatok<\/p>\n<p>\u00d3vod\u00e1nk jelenleg egy vegyes csoporttal m\u0171k\u00f6dik. Szerencs\u00e9s helyzet\u00fcnkb\u0151l ad\u00f3d\u00f3an m\u00f3dunkban \u00e1ll m\u00e1r 2 \u00e9s f\u00e9l \u00e9ves kort\u00f3l fogadni a kisgyermekeket a 2011. \u00e9vi CXC t\u00f6rv\u00e9ny a nemzeti k\u00f6znevel\u00e9sr\u0151l 8 \u00a7 (1) bekezd\u00e9se \u00e9rtelm\u00e9ben.<\/p>\n<p>Szem\u00e9lyi felt\u00e9telek<\/p>\n<p>\u00d3vod\u00e1nkban a gyermekl\u00e9tsz\u00e1m figyelembe v\u00e9tel\u00e9vel biztos\u00edtottak a szem\u00e9lyi felt\u00e9telek. Gyermekeink k\u00f6r\u00fcl a nevel\u00e9si-oktat\u00e1si \u00e9s gondoz\u00e1si feladatokat k\u00e9t f\u0151 \u00f3vodapedag\u00f3gus, egy dajka, emellett egy takar\u00edt\u00f3 \u00e9s egy\u00e9b kiseg\u00edt\u0151 v\u00e9gzi. A k\u00fcl\u00f6nleges b\u00e1n\u00e1sm\u00f3dban r\u00e9szes\u00fcl\u0151 \u00f3vod\u00e1sok k\u00fcl\u00f6n fejleszt\u00e9sben r\u00e9szes\u00fclnek int\u00e9zm\u00e9nyen bel\u00fcl, fejleszt\u0151 pedag\u00f3gusok \u00e1ltal, megb\u00edz\u00e1sos jogviszonyban.<\/p>\n<p>T\u00e1rgyi felt\u00e9telek<\/p>\n<p>Az \u00f3voda t\u00e1gas, gyermekk\u00f6zpont\u00fa helyis\u00e9geiben gyermekl\u00e9pt\u00e9k\u0171 b\u00fatorok, t\u00e1rgyak seg\u00edtik el\u0151 az \u00f3vod\u00e1sok megfelel\u0151 biztons\u00e1g\u00e9rzet\u00e9t, j\u00f3 k\u00f6z\u00e9rzet\u00e9t.<\/p>\n<p>Kiv\u00e1l\u00f3an felszerelt a k\u00fcl\u00f6nb\u00f6z\u0151 k\u00e9pess\u00e9geket fejleszt\u0151 j\u00e1t\u00e9kok, eszk\u00f6z\u00f6k tekintet\u00e9ben, melyek megteremtik \u00f3vod\u00e1saink adapt\u00e1lt Komplex Prevenci\u00f3s \u00d3vodai Program szerinti nevel\u00e9s\u00e9hez, oktat\u00e1s\u00e1hoz sz\u00fcks\u00e9ges felt\u00e9teleket. Emellett biztos\u00edtj\u00e1k a harmonikus szem\u00e9lyis\u00e9gfejl\u0151d\u00e9st gyermekeink sz\u00e1m\u00e1ra, k\u00e9pess\u00e9geik, adotts\u00e1gaik, tehets\u00e9g\u00fck kibontakoztat\u00e1s\u00e1t, az egy\u00e9ni \u00e9s differenci\u00e1lt b\u00e1n\u00e1sm\u00f3dot.<\/p>\n<p>2020-ban t\u00e1rgyi felt\u00e9teleinket tov\u00e1bb gyarap\u00edtotta az EFOP \u00e9s Magyar Falu p\u00e1ly\u00e1zatok keret\u00e9ben elnyert eszk\u00f6z\u00f6k, berendez\u00e9si \u00e9s egy\u00e9b haszn\u00e1lati t\u00e1rgyak. A 2020\/2021-es nevel\u00e9si \u00e9vt\u0151l sz\u00e9les k\u00f6r\u0171 fel\u00faj\u00edt\u00e1si munk\u00e1latoknak k\u00f6sz\u00f6nhet\u0151en korszer\u0171 f\u0171t\u00e9srendszerrel, napelem \u00e9s l\u00e9gkondicion\u00e1l\u00f3 rendszerrel meg\u00fajulva m\u0171k\u00f6dik az \u00f3voda.<\/p>\n<p>B\u0151s\u00e9gesen adottak k\u00fcl\u00f6n helyis\u00e9gek a tervezett \u00e9s spont\u00e1n tev\u00e9kenys\u00e9gekhez, a kisgyermekek \u00f6lt\u00f6ztet\u00e9s\u00e9hez, \u00e9tkeztet\u00e9s\u00e9hez, testi nevel\u00e9s\u00e9hez, egy\u00e9ni foglalkoztat\u00e1s\u00e1hoz, a nyugodt csendes pihen\u0151h\u00f6z.<\/p>\n<p>A t\u00e1lal\u00f3konyha a HACCP el\u0151\u00edr\u00e1sai szerint m\u0171k\u00f6dik.<\/p>\n<p>K\u00fcl\u00f6n iroda \u00e1ll az int\u00e9zm\u00e9nyvezet\u0151 rendelkez\u00e9s\u00e9re, amelyben t\u00f6bb technikai eszk\u00f6z, internet hozz\u00e1f\u00e9r\u00e9s seg\u00edti munk\u00e1j\u00e1t. A dolgoz\u00f3k sz\u00e1m\u00e1ra biztos\u00edtott a feln\u0151tt mosd\u00f3, az \u00f6lt\u00f6z\u0151, ami sz\u00fcks\u00e9g eset\u00e9n egyben elk\u00fcl\u00f6n\u00edt\u0151k\u00e9nt is szolg\u00e1l.<\/p>\n<p>Kiemelt c\u00e9ljaink<\/p>\n<p>Szeretetteljes, harmonikus, \u00e9rzelmi biztons\u00e1got ny\u00fajt\u00f3, \u00e9lm\u00e9nyekkel, sikerekkel teli l\u00e9gk\u00f6r biztos\u00edt\u00e1sa, melyben a gyerekek er\u0151s k\u00f6z\u00f6ss\u00e9gg\u00e9 alakulhatnak, testileg, szellemileg, lelkileg fokozatosan meger\u0151s\u00f6dve \u00e9rhetnek meg az iskol\u00e1s korra.<\/p>\n<p>K\u00f6rnyezettudatos \u00e9s eg\u00e9szs\u00e9ges \u00e9letm\u00f3dra nevel\u00e9s az ovi vetem\u00e9nyes kertj\u00e9nek k\u00f6z\u00f6s gondoz\u00e1s\u00e1val, betakar\u00edt\u00e1s\u00e1val, a pap\u00edr hullad\u00e9k szelekt\u00edv, a haszn\u00e1lt elemek, kis akkumul\u00e1torok k\u00fcl\u00f6n erre a c\u00e9lra kialak\u00edtott ed\u00e9nyzetben gy\u0171jt\u00e9s\u00e9vel, a madarak t\u00e9li etet\u00e9s\u00e9vel. S\u00e9t\u00e1k, megfigyel\u00e9sek, tanulm\u00e1nyi t\u00far\u00e1k sor\u00e1n.<\/p>\n<p>Csod\u00e1latos magyar anyanyelv\u00fcnk sz\u00e9ps\u00e9geinek, kifejez\u0151 eszk\u00f6zt\u00e1r\u00e1nak megmutat\u00e1sa, mond\u00f3k\u00e1k, versek, mes\u00e9k, anyanyelvi j\u00e1t\u00e9kok \u00e1ltal \u00e9s a mindennapos besz\u00e9lget\u00e9sekben.<\/p>\n<p>N\u00e9phagyom\u00e1nyaink megismertet\u00e9se, \u0151rz\u00e9se, \u00e9ltet\u00e9se a jeles napokon.<\/p>\n<p>Az \u00e1ltal\u00e1nos m\u0171velts\u00e9g kisgyermekkori megalapoz\u00e1sa sz\u00ednh\u00e1zi, b\u00e1bsz\u00ednh\u00e1zi, zenei el\u0151ad\u00e1sok, egy\u00e9b kultur\u00e1lis esem\u00e9nyek alkalm\u00e1val.<\/p>\n<p>Kiemelt figyelem a k\u00fcl\u00f6n\u00f6s b\u00e1n\u00e1sm\u00f3dot ig\u00e9nyl\u0151 gyermekek mellett a tehets\u00e9gekre is. Rajzp\u00e1ly\u00e1zatokon, egy\u00e9b bemutatkoz\u00e1si lehet\u0151s\u00e9gek sor\u00e1n er\u0151s\u00edthetik, kamatoztathatj\u00e1k kiemelked\u0151 adotts\u00e1gaikat.<\/p>\n<p>Kit\u0171z\u00f6tt c\u00e9ljaink<\/p>\n<p>Z\u00f6ld \u00d3voda min\u0151s\u00edt\u00e9s megtart\u00e1sa.<\/p>\n<p>Egy\u00fcttm\u0171k\u00f6d\u0151 partnereink<\/p>\n<p>K\u00f6r\u00f6s-Maros Nemzeti Park<br \/>\nKardosk\u00fati Falusz\u00e9p\u00edt\u0151 \u00e9s Turisztikai Egyes\u00fclet<br \/>\nSz\u00e9ltapogat\u00f3k Nonprofit Kft.<\/p>\n","protected":false},"excerpt":{"rendered":"<p>&nbsp; Kardosk\u00fati\u00a0 Napk\u00f6ziotthonos \u00d3voda C\u00edme: 5945 Kardosk\u00fat Kossuth utca 4. Tel.\/ Fax: 68-429-036 e-mail: ovoda@kardoskut.hu \u00d3vod\u00e1nk nyitva tart\u00e1sa: H\u00e9tf\u0151t\u0151l-p\u00e9ntekig: 6:30 \u2013 17:00 \u00f3r\u00e1ig \u00d3vodavezet\u0151 \u00e9s \u00f3vodapedag\u00f3gus: Nyitrain\u00e9 Baranyi Gabriella\u00a0 \u00d3vodapedag\u00f3gus: K\u00fcrtin\u00e9 R\u00e1cz Anik\u00f3 Az int\u00e9zm\u00e9ny bemutat\u00e1sa: A Kardosk\u00fat K\u00f6zs\u00e9g \u00d6nkorm\u00e1nyzata \u00e1ltal fenntartott 800 m2-es ter\u00fcleten tal\u00e1lhat\u00f3 Kardosk\u00fati Napk\u00f6ziotthonos \u00d3voda \u2013 melyb\u0151l maga az \u00e9p\u00fclet 200 &hellip; <\/p>\n<p class=\"link-more\"><a href=\"https:\/\/www.kardoskut.hu\/?page_id=147\" class=\"more-link\"><span class=\"screen-reader-text\">&#8222;Bemutatkozunk&#8221;<\/span> b\u0151vebben<\/a><\/p>\n","protected":false},"author":1,"featured_media":0,"parent":145,"menu_order":0,"comment_status":"closed","ping_status":"closed","template":"","meta":{"footnotes":""},"class_list":["post-147","page","type-page","status-publish","hentry"],"_links":{"self":[{"href":"https:\/\/www.kardoskut.hu\/index.php?rest_route=\/wp\/v2\/pages\/147","targetHints":{"allow":["GET"]}}],"collection":[{"href":"https:\/\/www.kardoskut.hu\/index.php?rest_route=\/wp\/v2\/pages"}],"about":[{"href":"https:\/\/www.kardoskut.hu\/index.php?rest_route=\/wp\/v2\/types\/page"}],"author":[{"embeddable":true,"href":"https:\/\/www.kardoskut.hu\/index.php?rest_route=\/wp\/v2\/users\/1"}],"replies":[{"embeddable":true,"href":"https:\/\/www.kardoskut.hu\/index.php?rest_route=%2Fwp%2Fv2%2Fcomments&post=147"}],"version-history":[{"count":12,"href":"https:\/\/www.kardoskut.hu\/index.php?rest_route=\/wp\/v2\/pages\/147\/revisions"}],"predecessor-version":[{"id":6656,"href":"https:\/\/www.kardoskut.hu\/index.php?rest_route=\/wp\/v2\/pages\/147\/revisions\/6656"}],"up":[{"embeddable":true,"href":"https:\/\/www.kardoskut.hu\/index.php?rest_route=\/wp\/v2\/pages\/145"}],"wp:attachment":[{"href":"https:\/\/www.kardoskut.hu\/index.php?rest_route=%2Fwp%2Fv2%2Fmedia&parent=147"}],"curies":[{"name":"wp","href":"https:\/\/api.w.org\/{rel}","templated":true}]}}