{"id":141,"date":"2017-11-07T04:13:31","date_gmt":"2017-11-07T04:13:31","guid":{"rendered":"http:\/\/new.kardoskut.hu\/?page_id=141"},"modified":"2023-07-07T10:07:52","modified_gmt":"2023-07-07T10:07:52","slug":"csaladokert-bt","status":"publish","type":"page","link":"https:\/\/www.kardoskut.hu\/?page_id=141","title":{"rendered":"V\u00e9d\u0151n\u0151i szolg\u00e1lat"},"content":{"rendered":"<p><a href=\"https:\/\/www.kardoskut.hu\/wp-content\/uploads\/2023\/07\/Honlapra-vedonoi-kiiras-001.bmp\"><img loading=\"lazy\" decoding=\"async\" class=\"alignnone size-large wp-image-6426\" src=\"https:\/\/www.kardoskut.hu\/wp-content\/uploads\/2023\/07\/Honlapra-vedonoi-kiiras-001-744x1024.jpg\" alt=\"\" width=\"525\" height=\"723\" srcset=\"https:\/\/www.kardoskut.hu\/wp-content\/uploads\/2023\/07\/Honlapra-vedonoi-kiiras-001-744x1024.jpg 744w, https:\/\/www.kardoskut.hu\/wp-content\/uploads\/2023\/07\/Honlapra-vedonoi-kiiras-001-218x300.jpg 218w, https:\/\/www.kardoskut.hu\/wp-content\/uploads\/2023\/07\/Honlapra-vedonoi-kiiras-001-768x1057.jpg 768w, https:\/\/www.kardoskut.hu\/wp-content\/uploads\/2023\/07\/Honlapra-vedonoi-kiiras-001.bmp 850w\" sizes=\"auto, (max-width: 525px) 100vw, 525px\" \/><\/a><\/p>\n","protected":false},"excerpt":{"rendered":"","protected":false},"author":1,"featured_media":0,"parent":131,"menu_order":0,"comment_status":"closed","ping_status":"closed","template":"","meta":{"footnotes":""},"class_list":["post-141","page","type-page","status-publish","hentry"],"_links":{"self":[{"href":"https:\/\/www.kardoskut.hu\/index.php?rest_route=\/wp\/v2\/pages\/141","targetHints":{"allow":["GET"]}}],"collection":[{"href":"https:\/\/www.kardoskut.hu\/index.php?rest_route=\/wp\/v2\/pages"}],"about":[{"href":"https:\/\/www.kardoskut.hu\/index.php?rest_route=\/wp\/v2\/types\/page"}],"author":[{"embeddable":true,"href":"https:\/\/www.kardoskut.hu\/index.php?rest_route=\/wp\/v2\/users\/1"}],"replies":[{"embeddable":true,"href":"https:\/\/www.kardoskut.hu\/index.php?rest_route=%2Fwp%2Fv2%2Fcomments&post=141"}],"version-history":[{"count":2,"href":"https:\/\/www.kardoskut.hu\/index.php?rest_route=\/wp\/v2\/pages\/141\/revisions"}],"predecessor-version":[{"id":6427,"href":"https:\/\/www.kardoskut.hu\/index.php?rest_route=\/wp\/v2\/pages\/141\/revisions\/6427"}],"up":[{"embeddable":true,"href":"https:\/\/www.kardoskut.hu\/index.php?rest_route=\/wp\/v2\/pages\/131"}],"wp:attachment":[{"href":"https:\/\/www.kardoskut.hu\/index.php?rest_route=%2Fwp%2Fv2%2Fmedia&parent=141"}],"curies":[{"name":"wp","href":"https:\/\/api.w.org\/{rel}","templated":true}]}}